{"id":58219,"date":"2021-02-21T18:09:50","date_gmt":"2021-02-21T18:09:50","guid":{"rendered":"https:\/\/www.autonvaraosahaku.fi\/?product=blue-print-adf122310-polttoainesuodatin"},"modified":"2021-02-21T18:09:53","modified_gmt":"2021-02-21T18:09:53","slug":"blue-print-adf122310-polttoainesuodatin","status":"publish","type":"product","link":"https:\/\/www.autonvaraosahaku.fi\/?product=blue-print-adf122310-polttoainesuodatin","title":{"rendered":"Blue Print ADF122310 Polttoainesuodatin"},"content":{"rendered":"<p>Suodatintyyppi: Letkusuodatin, Letkusuodatin; Korkeus (mm): 134; Ulkol\u00e4pimitta [mm]: 59,0; Putki-\u00d8 (mm): 8; Paino [kg]: 0,16; Huomioi tekniset tiedot: ; VOLVO: XC60,V70 III BW,V60,V40 Schr\u00e4gheck,XC70 II,S80 II AS,S60 II; 31261044, 31274105, 31274940, 31355412, 31405750, 31430629<\/p>\n","protected":false},"excerpt":{"rendered":"<p>BLUE PRINT Polttoainesuodatin ADF122310  VOLVO,XC60,V70 III BW,V60,V40 Schr\u00e4gheck,XC70 II,S80 II AS,S60 II<\/p>\n","protected":false},"featured_media":0,"template":"","meta":{"site-sidebar-layout":"default","site-content-layout":"default","ast-global-header-display":"","ast-main-header-display":"","ast-hfb-above-header-display":"","ast-hfb-below-header-display":"","ast-hfb-mobile-header-display":"","site-post-title":"","ast-breadcrumbs-content":"","ast-featured-img":"","footer-sml-layout":"","theme-transparent-header-meta":"","adv-header-id-meta":"","stick-header-meta":"","header-above-stick-meta":"","header-main-stick-meta":"","header-below-stick-meta":""},"pwb-brand":[533],"product_cat":[29],"product_tag":[],"class_list":{"0":"post-58219","1":"product","2":"type-product","3":"status-publish","5":"pwb-brand-blue-print","6":"product_cat-polttoainesuodatin","7":"desktop-align-left","8":"tablet-align-left","9":"mobile-align-left","11":"first","12":"instock","13":"product-type-external"},"brands":[{"id":533,"name":"Blue Print","slug":"blue-print"}],"_links":{"self":[{"href":"https:\/\/www.autonvaraosahaku.fi\/index.php?rest_route=\/wp\/v2\/product\/58219","targetHints":{"allow":["GET"]}}],"collection":[{"href":"https:\/\/www.autonvaraosahaku.fi\/index.php?rest_route=\/wp\/v2\/product"}],"about":[{"href":"https:\/\/www.autonvaraosahaku.fi\/index.php?rest_route=\/wp\/v2\/types\/product"}],"wp:attachment":[{"href":"https:\/\/www.autonvaraosahaku.fi\/index.php?rest_route=%2Fwp%2Fv2%2Fmedia&parent=58219"}],"wp:term":[{"taxonomy":"pwb-brand","embeddable":true,"href":"https:\/\/www.autonvaraosahaku.fi\/index.php?rest_route=%2Fwp%2Fv2%2Fpwb-brand&post=58219"},{"taxonomy":"product_cat","embeddable":true,"href":"https:\/\/www.autonvaraosahaku.fi\/index.php?rest_route=%2Fwp%2Fv2%2Fproduct_cat&post=58219"},{"taxonomy":"product_tag","embeddable":true,"href":"https:\/\/www.autonvaraosahaku.fi\/index.php?rest_route=%2Fwp%2Fv2%2Fproduct_tag&post=58219"}],"curies":[{"name":"wp","href":"https:\/\/api.w.org\/{rel}","templated":true}]}}