{"id":58262,"date":"2021-02-21T18:10:05","date_gmt":"2021-02-21T18:10:05","guid":{"rendered":"https:\/\/www.autonvaraosahaku.fi\/?product=bosch-0-250-603-024-hehkutulppa"},"modified":"2021-02-21T18:10:05","modified_gmt":"2021-02-21T18:10:05","slug":"bosch-0-250-603-024-hehkutulppa","status":"publish","type":"product","link":"https:\/\/www.autonvaraosahaku.fi\/?product=bosch-0-250-603-024-hehkutulppa","title":{"rendered":"Bosch 0 250 603 024 Hehkutulppa"},"content":{"rendered":"<p>Hehkutulppatyyppi: Hehkutulppa, puikko, j\u00e4lkihehkutuksenkest\u00e4v\u00e4; TECDOC-moottorinumero: 28790; MERCEDES-BENZ: E-CLASS W211,C-CLASS W204,A-CLASS W169,B-CLASS W245,C-CLASS T-Model S204,E-CLASS W212,VIANO W639,B-CLASS W246, W242,M-CLASS W164,E-CLASS T-Model S212,GLK-CLASS X204,VITO Bus W639,A-CLASS W176,VITO \/ MIXTO Kasten W639,SPRINTER 3,5-t Kasten 906,S-CLASS W221,CLS C219,R-CLASS W251, V251,M-CLASS W166,G-CLASS W463,E-CLASS Coupe C207,CLA Coupe C117,C-CLASS Coupe C204,SPRINTER 3,5-t Bus 906,SPRINTER 3-t Kasten 906,SLK R172,E-CLASS Cabriolet A207,GL-CLASS X164,G-CLASS W461,CLS C218,SPRINTER 3,5-t Pritsche\/Fahrgestell 906,SPRINTER 3-t Bus 906,CLS Shooting Brake X218,SPRINTER 5-t Kasten 906,SPRINTER 5-t Pritsche\/Fahrgestell 906,G-CLASS Cabrio W463,SPRINTER 3-t Pritsche\/Fahrgestell 906,SPRINTER 4,6-t Pritsche\/Fahrgestell 906,C-CLASS T-Model S205,SPRINTER 4,6-t Kasten 906,C-CLASS W205,V-CLASS W447,SPRINTER 5-t Bus,VITO Tourer W447,GLC X253,VITO Kasten W447,GLE W166,C-CLASS Coupe C205,VITO Mixto W447,GLC Coupe C253,SLC R172,C-CLASS Cabriolet A205; 0011596601, A0011596601<\/p>\n","protected":false},"excerpt":{"rendered":"<p>BOSCH Hehkutulppa Duraspeed 0 250 603 024  MERCEDES-BENZ,E-CLASS W211,C-CLASS W204,A-CLASS W169,B-CLASS W245,C-CLASS T-Model S204,E-CLASS W212<\/p>\n","protected":false},"featured_media":0,"template":"","meta":{"site-sidebar-layout":"default","site-content-layout":"default","ast-global-header-display":"","ast-main-header-display":"","ast-hfb-above-header-display":"","ast-hfb-below-header-display":"","ast-hfb-mobile-header-display":"","site-post-title":"","ast-breadcrumbs-content":"","ast-featured-img":"","footer-sml-layout":"","theme-transparent-header-meta":"","adv-header-id-meta":"","stick-header-meta":"","header-above-stick-meta":"","header-main-stick-meta":"","header-below-stick-meta":""},"pwb-brand":[534],"product_cat":[52],"product_tag":[],"class_list":{"0":"post-58262","1":"product","2":"type-product","3":"status-publish","5":"pwb-brand-bosch","6":"product_cat-hehkutulppa","7":"desktop-align-left","8":"tablet-align-left","9":"mobile-align-left","11":"first","12":"instock","13":"product-type-external"},"brands":[{"id":534,"name":"Bosch","slug":"bosch"}],"_links":{"self":[{"href":"https:\/\/www.autonvaraosahaku.fi\/index.php?rest_route=\/wp\/v2\/product\/58262","targetHints":{"allow":["GET"]}}],"collection":[{"href":"https:\/\/www.autonvaraosahaku.fi\/index.php?rest_route=\/wp\/v2\/product"}],"about":[{"href":"https:\/\/www.autonvaraosahaku.fi\/index.php?rest_route=\/wp\/v2\/types\/product"}],"wp:attachment":[{"href":"https:\/\/www.autonvaraosahaku.fi\/index.php?rest_route=%2Fwp%2Fv2%2Fmedia&parent=58262"}],"wp:term":[{"taxonomy":"pwb-brand","embeddable":true,"href":"https:\/\/www.autonvaraosahaku.fi\/index.php?rest_route=%2Fwp%2Fv2%2Fpwb-brand&post=58262"},{"taxonomy":"product_cat","embeddable":true,"href":"https:\/\/www.autonvaraosahaku.fi\/index.php?rest_route=%2Fwp%2Fv2%2Fproduct_cat&post=58262"},{"taxonomy":"product_tag","embeddable":true,"href":"https:\/\/www.autonvaraosahaku.fi\/index.php?rest_route=%2Fwp%2Fv2%2Fproduct_tag&post=58262"}],"curies":[{"name":"wp","href":"https:\/\/api.w.org\/{rel}","templated":true}]}}