{"id":58304,"date":"2021-02-21T18:10:14","date_gmt":"2021-02-21T18:10:14","guid":{"rendered":"https:\/\/www.autonvaraosahaku.fi\/?product=bosch-0-242-145-573-sytytystulpat"},"modified":"2021-02-21T18:10:15","modified_gmt":"2021-02-21T18:10:15","slug":"bosch-0-242-145-573-sytytystulpat","status":"publish","type":"product","link":"https:\/\/www.autonvaraosahaku.fi\/?product=bosch-0-242-145-573-sytytystulpat","title":{"rendered":"Bosch 0 242 145 573 Sytytystulpat"},"content":{"rendered":"<p>K\u00e4rkiv\u00e4li (mm): 0,7; Kiristysmomentti: 20; Kiristyskulma [Grad]: 15; Ulkokierre [mm]: 12; Kierrenousu (mm): 1,25; Kierteen pituus (mm): 25; Avainv\u00e4li: 14; Kipin\u00e4et\u00e4isyys [mm]: 3; Napojen m\u00e4\u00e4r\u00e4: 1; TECDOC-moottorinumero: 33182; FORD: FIESTA VI,FOCUS III Turnier,FOCUS III,C-MAX II,GRAND C-MAX,B-MAX JK,ECOSPORT,FOCUS III Stufenheck,TOURNEO CONNECT \/ GRAND TOURNEO CONNECT Kombi,FIESTA VI Van,TRANSIT CONNECT Kasten,MONDEO V Turnier,MONDEO V Stufenheck,GRAND C-MAX Van,FIESTA VII,MONDEO V Schr\u00e4gheck,C-MAX II Van,TOURNEO COURIER Kombi,B-MAX Van,TRANSIT COURIER Kasten,FOCUS III Kasten\/Schr\u00e4gheck,TRANSIT COURIER Kombi; 1748575, 1770305, 1802090, C60518110, CM5G12405CD, CM5G12405CE, DS7G12405BA, HYFS093YEC, HYFS093YP, HYFS094YEC; Tulpat,Sytytystulppa<\/p>\n","protected":false},"excerpt":{"rendered":"<p>BOSCH Sytytystulpat 0 242 145 573 Tulpat,Sytytystulppa FORD,FIESTA VI,FOCUS III Turnier,FOCUS III,C-MAX II,GRAND C-MAX,B-MAX JK,ECOSPORT<\/p>\n","protected":false},"featured_media":0,"template":"","meta":{"site-sidebar-layout":"default","site-content-layout":"default","ast-global-header-display":"","ast-main-header-display":"","ast-hfb-above-header-display":"","ast-hfb-below-header-display":"","ast-hfb-mobile-header-display":"","site-post-title":"","ast-breadcrumbs-content":"","ast-featured-img":"","footer-sml-layout":"","theme-transparent-header-meta":"","adv-header-id-meta":"","stick-header-meta":"","header-above-stick-meta":"","header-main-stick-meta":"","header-below-stick-meta":""},"pwb-brand":[534],"product_cat":[165],"product_tag":[],"class_list":{"0":"post-58304","1":"product","2":"type-product","3":"status-publish","5":"pwb-brand-bosch","6":"product_cat-sytytystulpat","7":"desktop-align-left","8":"tablet-align-left","9":"mobile-align-left","11":"first","12":"instock","13":"product-type-external"},"brands":[{"id":534,"name":"Bosch","slug":"bosch"}],"_links":{"self":[{"href":"https:\/\/www.autonvaraosahaku.fi\/index.php?rest_route=\/wp\/v2\/product\/58304","targetHints":{"allow":["GET"]}}],"collection":[{"href":"https:\/\/www.autonvaraosahaku.fi\/index.php?rest_route=\/wp\/v2\/product"}],"about":[{"href":"https:\/\/www.autonvaraosahaku.fi\/index.php?rest_route=\/wp\/v2\/types\/product"}],"wp:attachment":[{"href":"https:\/\/www.autonvaraosahaku.fi\/index.php?rest_route=%2Fwp%2Fv2%2Fmedia&parent=58304"}],"wp:term":[{"taxonomy":"pwb-brand","embeddable":true,"href":"https:\/\/www.autonvaraosahaku.fi\/index.php?rest_route=%2Fwp%2Fv2%2Fpwb-brand&post=58304"},{"taxonomy":"product_cat","embeddable":true,"href":"https:\/\/www.autonvaraosahaku.fi\/index.php?rest_route=%2Fwp%2Fv2%2Fproduct_cat&post=58304"},{"taxonomy":"product_tag","embeddable":true,"href":"https:\/\/www.autonvaraosahaku.fi\/index.php?rest_route=%2Fwp%2Fv2%2Fproduct_tag&post=58304"}],"curies":[{"name":"wp","href":"https:\/\/api.w.org\/{rel}","templated":true}]}}