{"id":58318,"date":"2021-02-21T18:10:14","date_gmt":"2021-02-21T18:10:14","guid":{"rendered":"https:\/\/www.autonvaraosahaku.fi\/?product=bosch-f-026-407-152-oljynsuodatin"},"modified":"2021-02-21T18:10:17","modified_gmt":"2021-02-21T18:10:17","slug":"bosch-f-026-407-152-oljynsuodatin","status":"publish","type":"product","link":"https:\/\/www.autonvaraosahaku.fi\/?product=bosch-f-026-407-152-oljynsuodatin","title":{"rendered":"Bosch F 026 407 152 \u00d6ljynsuodatin"},"content":{"rendered":"<p>Suodatintyyppi: Suodatinpanos; Korkeus (mm): 105; Ulkol\u00e4pimitta [mm]: 82; L\u00e4pimitta 1 [mm]: 14; L\u00e4pimitta 2 [mm]: 73; L\u00e4pimitta 4 [mm]: 73; Valmistusvuoteen: 08\/2015; VOLVO: XC60,V70 III BW,V60,V40 Schr\u00e4gheck,XC70 II,S80 II AS,S60 II,XC90 II,V90 II,S90 II,XC60 II,XC40 536; 05040646, 5040646, 5006163, 231179, 231308, 231310, A730X6744A1A, E1ADKN18662A, E1ADKN18662B, E1ADKN6731, ELADKN18662A, EPN6731A, 1530775, 6435089, 6435092, 6435093, 6437326, 7961064, 7961073, 7984342, 95218, 1225776, 1225961, 1226176, 122672800, 1231357, 123135700, 3082654, 3082659, 31372212, 31372214, 482051<\/p>\n","protected":false},"excerpt":{"rendered":"<p>BOSCH \u00d6ljynsuodatin F 026 407 152  VOLVO,XC60,V70 III BW,V60,V40 Schr\u00e4gheck,XC70 II,S80 II AS,S60 II,XC90 II,V90 II,S90 II,XC60 II,XC40 536<\/p>\n","protected":false},"featured_media":0,"template":"","meta":{"site-sidebar-layout":"default","site-content-layout":"default","ast-global-header-display":"","ast-main-header-display":"","ast-hfb-above-header-display":"","ast-hfb-below-header-display":"","ast-hfb-mobile-header-display":"","site-post-title":"","ast-breadcrumbs-content":"","ast-featured-img":"","footer-sml-layout":"","theme-transparent-header-meta":"","adv-header-id-meta":"","stick-header-meta":"","header-above-stick-meta":"","header-main-stick-meta":"","header-below-stick-meta":""},"pwb-brand":[534],"product_cat":[30],"product_tag":[],"class_list":{"0":"post-58318","1":"product","2":"type-product","3":"status-publish","5":"pwb-brand-bosch","6":"product_cat-oljynsuodatin","7":"desktop-align-left","8":"tablet-align-left","9":"mobile-align-left","11":"first","12":"instock","13":"product-type-external"},"brands":[{"id":534,"name":"Bosch","slug":"bosch"}],"_links":{"self":[{"href":"https:\/\/www.autonvaraosahaku.fi\/index.php?rest_route=\/wp\/v2\/product\/58318","targetHints":{"allow":["GET"]}}],"collection":[{"href":"https:\/\/www.autonvaraosahaku.fi\/index.php?rest_route=\/wp\/v2\/product"}],"about":[{"href":"https:\/\/www.autonvaraosahaku.fi\/index.php?rest_route=\/wp\/v2\/types\/product"}],"wp:attachment":[{"href":"https:\/\/www.autonvaraosahaku.fi\/index.php?rest_route=%2Fwp%2Fv2%2Fmedia&parent=58318"}],"wp:term":[{"taxonomy":"pwb-brand","embeddable":true,"href":"https:\/\/www.autonvaraosahaku.fi\/index.php?rest_route=%2Fwp%2Fv2%2Fpwb-brand&post=58318"},{"taxonomy":"product_cat","embeddable":true,"href":"https:\/\/www.autonvaraosahaku.fi\/index.php?rest_route=%2Fwp%2Fv2%2Fproduct_cat&post=58318"},{"taxonomy":"product_tag","embeddable":true,"href":"https:\/\/www.autonvaraosahaku.fi\/index.php?rest_route=%2Fwp%2Fv2%2Fproduct_tag&post=58318"}],"curies":[{"name":"wp","href":"https:\/\/api.w.org\/{rel}","templated":true}]}}