{"id":58329,"date":"2021-02-21T18:10:19","date_gmt":"2021-02-21T18:10:19","guid":{"rendered":"https:\/\/www.autonvaraosahaku.fi\/?product=bosch-f-026-402-836-polttoainesuodatin"},"modified":"2021-02-21T18:10:21","modified_gmt":"2021-02-21T18:10:21","slug":"bosch-f-026-402-836-polttoainesuodatin","status":"publish","type":"product","link":"https:\/\/www.autonvaraosahaku.fi\/?product=bosch-f-026-402-836-polttoainesuodatin","title":{"rendered":"Bosch F 026 402 836 Polttoainesuodatin"},"content":{"rendered":"<p>Suodatintyyppi: Letkusuodatin; L\u00e4pimitta [mm]: 86,5; Ulkol\u00e4pimitta 1 [mm]: 91; Korkeus (mm): 100; Sis\u00e4\u00e4ntulol\u00e4pimitta [mm]: 10; Ulostulon l\u00e4pimitta [mm]: 8; TECDOC-moottorinumero: 26065; INFINITI: Q30,QX30; MERCEDES-BENZ: C-CLASS W204,C-CLASS T-Model S204,E-CLASS W212,B-CLASS W246, W242,M-CLASS W164,E-CLASS T-Model S212,GLK-CLASS X204,A-CLASS W176,SPRINTER 3,5-t Kasten 906,S-CLASS W221,R-CLASS W251, V251,M-CLASS W166,G-CLASS W463,E-CLASS Coupe C207,CLA Coupe C117,SPRINTER 3,5-t Bus 906,E-CLASS Cabriolet A207,GL-CLASS X164,G-CLASS W461,CLS C218,SPRINTER 3,5-t Pritsche\/Fahrgestell 906,CLS Shooting Brake X218,S-CLASS W222, V222, X222,SPRINTER CLASSIC 3,5-t Kasten 909,SPRINTER 5-t Kasten 906,SPRINTER 5-t Pritsche\/Fahrgestell 906,GL-CLASS X166,G-CLASS Cabrio W463,SPRINTER CLASSIC 4,6-t Bus 909,SPRINTER 5-t Bus,GLA-CLASS X156,E-CLASS W213,CLA Shooting Brake X117,GLC X253,E-CLASS T-Model S213,GLE W166,GLC Coupe C253,GLE Coupe C292,GLS X166,E-CLASS Coupe C238,E-CLASS Cabriolet A238,E-CLASS All-Terrain S213; 16401HG00A, 6420903152, 6420905352, 6420906052, A6420903152, A6420905352, A6420906052, 16401HG00A<\/p>\n","protected":false},"excerpt":{"rendered":"<p>BOSCH Polttoainesuodatin F 026 402 836  INFINITI,MERCEDES-BENZ,Q30,QX30,C-CLASS W204,C-CLASS T-Model S204,E-CLASS W212,B-CLASS W246, W242,M-CLASS W164<\/p>\n","protected":false},"featured_media":0,"template":"","meta":{"site-sidebar-layout":"default","site-content-layout":"default","ast-global-header-display":"","ast-main-header-display":"","ast-hfb-above-header-display":"","ast-hfb-below-header-display":"","ast-hfb-mobile-header-display":"","site-post-title":"","ast-breadcrumbs-content":"","ast-featured-img":"","footer-sml-layout":"","theme-transparent-header-meta":"","adv-header-id-meta":"","stick-header-meta":"","header-above-stick-meta":"","header-main-stick-meta":"","header-below-stick-meta":""},"pwb-brand":[534],"product_cat":[29],"product_tag":[],"class_list":{"0":"post-58329","1":"product","2":"type-product","3":"status-publish","5":"pwb-brand-bosch","6":"product_cat-polttoainesuodatin","7":"desktop-align-left","8":"tablet-align-left","9":"mobile-align-left","11":"first","12":"instock","13":"product-type-external"},"brands":[{"id":534,"name":"Bosch","slug":"bosch"}],"_links":{"self":[{"href":"https:\/\/www.autonvaraosahaku.fi\/index.php?rest_route=\/wp\/v2\/product\/58329","targetHints":{"allow":["GET"]}}],"collection":[{"href":"https:\/\/www.autonvaraosahaku.fi\/index.php?rest_route=\/wp\/v2\/product"}],"about":[{"href":"https:\/\/www.autonvaraosahaku.fi\/index.php?rest_route=\/wp\/v2\/types\/product"}],"wp:attachment":[{"href":"https:\/\/www.autonvaraosahaku.fi\/index.php?rest_route=%2Fwp%2Fv2%2Fmedia&parent=58329"}],"wp:term":[{"taxonomy":"pwb-brand","embeddable":true,"href":"https:\/\/www.autonvaraosahaku.fi\/index.php?rest_route=%2Fwp%2Fv2%2Fpwb-brand&post=58329"},{"taxonomy":"product_cat","embeddable":true,"href":"https:\/\/www.autonvaraosahaku.fi\/index.php?rest_route=%2Fwp%2Fv2%2Fproduct_cat&post=58329"},{"taxonomy":"product_tag","embeddable":true,"href":"https:\/\/www.autonvaraosahaku.fi\/index.php?rest_route=%2Fwp%2Fv2%2Fproduct_tag&post=58329"}],"curies":[{"name":"wp","href":"https:\/\/api.w.org\/{rel}","templated":true}]}}