{"id":58377,"date":"2021-02-21T18:10:29","date_gmt":"2021-02-21T18:10:29","guid":{"rendered":"https:\/\/www.autonvaraosahaku.fi\/?product=bosch-f-026-403-754-polttoainesuodatin"},"modified":"2021-02-21T18:10:31","modified_gmt":"2021-02-21T18:10:31","slug":"bosch-f-026-403-754-polttoainesuodatin","status":"publish","type":"product","link":"https:\/\/www.autonvaraosahaku.fi\/?product=bosch-f-026-403-754-polttoainesuodatin","title":{"rendered":"Bosch F 026 403 754 Polttoainesuodatin"},"content":{"rendered":"<p>Polttoainej\u00e4rjestelm\u00e4: Bensiiniruiskutus; Suodatintyyppi: Letkusuodatin; L\u00e4pimitta [mm]: 58,5; Korkeus (mm): 249,5; Sis\u00e4\u00e4ntulol\u00e4pimitta [mm]: 8, 8; Ulostulon l\u00e4pimitta [mm]: 8, 8, 9; Valmistusvuosi alkaen: 09\/2012; BMW: 3 E90,1 E87,5 Touring F11,5 F10, F18,X1 E84,1 F20,X3 F25,3 Touring F31,3 F30, F35, F80,1 Cabriolet E88,7 F01, F02, F03, F04,1 Coupe E82,5 Gran Turismo F07,3 Gran Turismo F34,4 Coupe F32, F82,2 Coupe F22,6 Gran Coupe F06,6 Coupe F13,4 Cabriolet F33, F83,6 Cabriolet F12,4 Gran Coupe F36,2 Cabriolet F23; MINI: MINI F56,MINI F55,MINI CLUBMAN F54,MINI Cabriolet F57; ROLLS-ROYCE: GHOST RR4,DAWN RR6; 161272218469, 16127233840, 16127451424, 72218469, 72338409, 16127233840, 16127233840<\/p>\n","protected":false},"excerpt":{"rendered":"<p>BOSCH Polttoainesuodatin F 026 403 754  BMW,MINI,ROLLS-ROYCE,3 E90,1 E87,5 Touring F11,5 F10, F18,X1 E84,1 F20,X3 F25,3 Touring F31,3 F30, F35, F80<\/p>\n","protected":false},"featured_media":0,"template":"","meta":{"site-sidebar-layout":"default","site-content-layout":"default","ast-global-header-display":"","ast-main-header-display":"","ast-hfb-above-header-display":"","ast-hfb-below-header-display":"","ast-hfb-mobile-header-display":"","site-post-title":"","ast-breadcrumbs-content":"","ast-featured-img":"","footer-sml-layout":"","theme-transparent-header-meta":"","adv-header-id-meta":"","stick-header-meta":"","header-above-stick-meta":"","header-main-stick-meta":"","header-below-stick-meta":""},"pwb-brand":[534],"product_cat":[29],"product_tag":[],"class_list":{"0":"post-58377","1":"product","2":"type-product","3":"status-publish","5":"pwb-brand-bosch","6":"product_cat-polttoainesuodatin","7":"desktop-align-left","8":"tablet-align-left","9":"mobile-align-left","11":"first","12":"instock","13":"product-type-external"},"brands":[{"id":534,"name":"Bosch","slug":"bosch"}],"_links":{"self":[{"href":"https:\/\/www.autonvaraosahaku.fi\/index.php?rest_route=\/wp\/v2\/product\/58377","targetHints":{"allow":["GET"]}}],"collection":[{"href":"https:\/\/www.autonvaraosahaku.fi\/index.php?rest_route=\/wp\/v2\/product"}],"about":[{"href":"https:\/\/www.autonvaraosahaku.fi\/index.php?rest_route=\/wp\/v2\/types\/product"}],"wp:attachment":[{"href":"https:\/\/www.autonvaraosahaku.fi\/index.php?rest_route=%2Fwp%2Fv2%2Fmedia&parent=58377"}],"wp:term":[{"taxonomy":"pwb-brand","embeddable":true,"href":"https:\/\/www.autonvaraosahaku.fi\/index.php?rest_route=%2Fwp%2Fv2%2Fpwb-brand&post=58377"},{"taxonomy":"product_cat","embeddable":true,"href":"https:\/\/www.autonvaraosahaku.fi\/index.php?rest_route=%2Fwp%2Fv2%2Fproduct_cat&post=58377"},{"taxonomy":"product_tag","embeddable":true,"href":"https:\/\/www.autonvaraosahaku.fi\/index.php?rest_route=%2Fwp%2Fv2%2Fproduct_tag&post=58377"}],"curies":[{"name":"wp","href":"https:\/\/api.w.org\/{rel}","templated":true}]}}