{"id":58380,"date":"2021-02-21T18:10:29","date_gmt":"2021-02-21T18:10:29","guid":{"rendered":"https:\/\/www.autonvaraosahaku.fi\/?product=bosch-0-250-404-004-hehkutulppa"},"modified":"2021-02-21T18:10:32","modified_gmt":"2021-02-21T18:10:32","slug":"bosch-0-250-404-004-hehkutulppa","status":"publish","type":"product","link":"https:\/\/www.autonvaraosahaku.fi\/?product=bosch-0-250-404-004-hehkutulppa","title":{"rendered":"Bosch 0 250 404 004 Hehkutulppa"},"content":{"rendered":"<p>Hehkutulppatyyppi: Hehkutulppa, puikko, j\u00e4lkihehkutuksenkest\u00e4v\u00e4; J\u00e4nnite (V): 5; Kierremitta: M 9 x 1,0; Kartionousu: 93; Avainv\u00e4li: 9; Kiristysmomentti > [Nm]: 10; Kiristysmomentti enint\u00e4\u00e4n [Nm]: 15; Liittimet: PIN; Asennussyvyys (mm): 28; ei p\u00e4\u00e4st\u00f6normille: Euro 6d; LANCIA: YPSILON 312, 846; OPEL: COMBO Kasten\/Kombi X12,COMBO Tour X12,CORSA E,CORSA E Van; ALFA ROMEO: MITO 955; FIAT: 500 312,500 C 312,DOBLO Kasten\/Kombi 263,PUNTO 199,PANDA 312,QUBO 225,500L,DOBLO Gro\u00dfraumlimousine 152, 263,FIORINO Kasten\/Kombi 225,DOBLO Pritsche\/Fahrgestell 263,500X,TIPO Schr\u00e4gheck 356_,PANDA VAN 312,TIPO Kombi 356_,TIPO Stufenheck 356_; VAUXHALL: CORSA Mk IV E,COMBO Mk III D Kasten\/Kombi; 55238404, 55238404, 55238404, 1214106, 55238404, 55238404<\/p>\n","protected":false},"excerpt":{"rendered":"<p>BOSCH Hehkutulppa 0 250 404 004  LANCIA,OPEL,ALFA ROMEO,YPSILON 312, 846,COMBO Kasten\/Kombi X12,COMBO Tour X12,CORSA E,CORSA E Van,MITO 955,500 312<\/p>\n","protected":false},"featured_media":0,"template":"","meta":{"site-sidebar-layout":"default","site-content-layout":"default","ast-global-header-display":"","ast-main-header-display":"","ast-hfb-above-header-display":"","ast-hfb-below-header-display":"","ast-hfb-mobile-header-display":"","site-post-title":"","ast-breadcrumbs-content":"","ast-featured-img":"","footer-sml-layout":"","theme-transparent-header-meta":"","adv-header-id-meta":"","stick-header-meta":"","header-above-stick-meta":"","header-main-stick-meta":"","header-below-stick-meta":""},"pwb-brand":[534],"product_cat":[52],"product_tag":[],"class_list":{"0":"post-58380","1":"product","2":"type-product","3":"status-publish","5":"pwb-brand-bosch","6":"product_cat-hehkutulppa","7":"desktop-align-left","8":"tablet-align-left","9":"mobile-align-left","11":"first","12":"instock","13":"product-type-external"},"brands":[{"id":534,"name":"Bosch","slug":"bosch"}],"_links":{"self":[{"href":"https:\/\/www.autonvaraosahaku.fi\/index.php?rest_route=\/wp\/v2\/product\/58380","targetHints":{"allow":["GET"]}}],"collection":[{"href":"https:\/\/www.autonvaraosahaku.fi\/index.php?rest_route=\/wp\/v2\/product"}],"about":[{"href":"https:\/\/www.autonvaraosahaku.fi\/index.php?rest_route=\/wp\/v2\/types\/product"}],"wp:attachment":[{"href":"https:\/\/www.autonvaraosahaku.fi\/index.php?rest_route=%2Fwp%2Fv2%2Fmedia&parent=58380"}],"wp:term":[{"taxonomy":"pwb-brand","embeddable":true,"href":"https:\/\/www.autonvaraosahaku.fi\/index.php?rest_route=%2Fwp%2Fv2%2Fpwb-brand&post=58380"},{"taxonomy":"product_cat","embeddable":true,"href":"https:\/\/www.autonvaraosahaku.fi\/index.php?rest_route=%2Fwp%2Fv2%2Fproduct_cat&post=58380"},{"taxonomy":"product_tag","embeddable":true,"href":"https:\/\/www.autonvaraosahaku.fi\/index.php?rest_route=%2Fwp%2Fv2%2Fproduct_tag&post=58380"}],"curies":[{"name":"wp","href":"https:\/\/api.w.org\/{rel}","templated":true}]}}