{"id":58474,"date":"2021-02-21T18:10:52","date_gmt":"2021-02-21T18:10:52","guid":{"rendered":"https:\/\/www.autonvaraosahaku.fi\/?product=bosch-0-986-479-d75-jarrulevyt"},"modified":"2021-02-21T18:10:54","modified_gmt":"2021-02-21T18:10:54","slug":"bosch-0-986-479-d75-jarrulevyt","status":"publish","type":"product","link":"https:\/\/www.autonvaraosahaku.fi\/?product=bosch-0-986-479-d75-jarrulevyt","title":{"rendered":"Bosch 0 986 479 D75 Jarrulevyt"},"content":{"rendered":"<p>Ulkol\u00e4pimitta [mm]: 330; Jarrulevyn paksuus (mm): 28; V\u00e4himm\u00e4ispaksuus (mm): 26,4; Korkeus (mm): 38,1; Reik\u00e4ympyr\u00e4-\u00d8 [mm]: 127; Jarrulevytyyppi: Tuuletettu; keskitt\u00e4misl\u00e4pimitta [mm]: 72,5; Reikien m\u00e4\u00e4r\u00e4: 5; Pinta: pinnoitettu; Porausreik\u00e4l\u00e4pimitta enint\u00e4\u00e4n [mm]: 14,5; Valmistusvuosi alkaen: 09\/2013; LANCIA: VOYAGER Gro\u00dfraumlimousine RT; FIAT: FREEMONT JF_; 04779712AA, 04779712AB, 4779712AA, 4779712AB, 7B0615301E, 7B0615301E, 04779712AB, 4779712AA, 7B0615301E, K68192969AA, K68227774AA, K68259791AA, 04779712AB, 4779712AA, K68192969AA, K68227774AA, K68259791AA, 7B0615301E; Jarrulevy<\/p>\n","protected":false},"excerpt":{"rendered":"<p>BOSCH Jarrulevyt 0 986 479 D75 Jarrulevy LANCIA,FIAT,VOYAGER Gro\u00dfraumlimousine RT,FREEMONT JF_<\/p>\n","protected":false},"featured_media":0,"template":"","meta":{"site-sidebar-layout":"default","site-content-layout":"default","ast-global-header-display":"","ast-main-header-display":"","ast-hfb-above-header-display":"","ast-hfb-below-header-display":"","ast-hfb-mobile-header-display":"","site-post-title":"","ast-breadcrumbs-content":"","ast-featured-img":"","footer-sml-layout":"","theme-transparent-header-meta":"","adv-header-id-meta":"","stick-header-meta":"","header-above-stick-meta":"","header-main-stick-meta":"","header-below-stick-meta":""},"pwb-brand":[534],"product_cat":[66],"product_tag":[],"class_list":{"0":"post-58474","1":"product","2":"type-product","3":"status-publish","5":"pwb-brand-bosch","6":"product_cat-jarrulevyt","7":"desktop-align-left","8":"tablet-align-left","9":"mobile-align-left","11":"first","12":"instock","13":"product-type-external"},"brands":[{"id":534,"name":"Bosch","slug":"bosch"}],"_links":{"self":[{"href":"https:\/\/www.autonvaraosahaku.fi\/index.php?rest_route=\/wp\/v2\/product\/58474","targetHints":{"allow":["GET"]}}],"collection":[{"href":"https:\/\/www.autonvaraosahaku.fi\/index.php?rest_route=\/wp\/v2\/product"}],"about":[{"href":"https:\/\/www.autonvaraosahaku.fi\/index.php?rest_route=\/wp\/v2\/types\/product"}],"wp:attachment":[{"href":"https:\/\/www.autonvaraosahaku.fi\/index.php?rest_route=%2Fwp%2Fv2%2Fmedia&parent=58474"}],"wp:term":[{"taxonomy":"pwb-brand","embeddable":true,"href":"https:\/\/www.autonvaraosahaku.fi\/index.php?rest_route=%2Fwp%2Fv2%2Fpwb-brand&post=58474"},{"taxonomy":"product_cat","embeddable":true,"href":"https:\/\/www.autonvaraosahaku.fi\/index.php?rest_route=%2Fwp%2Fv2%2Fproduct_cat&post=58474"},{"taxonomy":"product_tag","embeddable":true,"href":"https:\/\/www.autonvaraosahaku.fi\/index.php?rest_route=%2Fwp%2Fv2%2Fproduct_tag&post=58474"}],"curies":[{"name":"wp","href":"https:\/\/api.w.org\/{rel}","templated":true}]}}