{"id":58477,"date":"2021-02-21T18:10:52","date_gmt":"2021-02-21T18:10:52","guid":{"rendered":"https:\/\/www.autonvaraosahaku.fi\/?product=bosch-0-986-479-f42-jarrulevyt"},"modified":"2021-02-21T18:10:55","modified_gmt":"2021-02-21T18:10:55","slug":"bosch-0-986-479-f42-jarrulevyt","status":"publish","type":"product","link":"https:\/\/www.autonvaraosahaku.fi\/?product=bosch-0-986-479-f42-jarrulevyt","title":{"rendered":"Bosch 0 986 479 F42 Jarrulevyt"},"content":{"rendered":"<p>Ulkol\u00e4pimitta [mm]: 290; Jarrulevyn paksuus (mm): 11; V\u00e4himm\u00e4ispaksuus (mm): 9,5; Korkeus (mm): 91,5; Reik\u00e4ympyr\u00e4-\u00d8 [mm]: 114,3; Jarrulevytyyppi: Vakiomalli; keskitt\u00e4misl\u00e4pimitta [mm]: 52,4; Reikien m\u00e4\u00e4r\u00e4: 5; Pinta: pinnoitettu; Korvaava tuote\/korvaava tiedote 2: Py\u00f6r\u00e4nlaakerilla, ABS-sensorirenkaalla; t\u00e4ytt\u00e4\u00e4 ECE-normin: ECE-R90; Porausreik\u00e4l\u00e4pimitta enint\u00e4\u00e4n [mm]: 0; Valmistusvuoteen: 12\/2019; RENAULT: MEGANE IV B9A\/M_,MEGANE IV Grandtour K9A\/M_,TALISMAN Grandtour KP_,TALISMAN,GRAND SC\u00c9NIC IV R9_,SC\u00c9NIC IV J9_; 432021878R, 432024962R, 432029176R; Jarrulevy<\/p>\n","protected":false},"excerpt":{"rendered":"<p>BOSCH Jarrulevyt 0 986 479 F42 Jarrulevy RENAULT,MEGANE IV B9A\/M_,MEGANE IV Grandtour K9A\/M_,TALISMAN Grandtour KP_,TALISMAN,GRAND SC\u00c9NIC IV R9_<\/p>\n","protected":false},"featured_media":0,"template":"","meta":{"site-sidebar-layout":"default","site-content-layout":"default","ast-global-header-display":"","ast-main-header-display":"","ast-hfb-above-header-display":"","ast-hfb-below-header-display":"","ast-hfb-mobile-header-display":"","site-post-title":"","ast-breadcrumbs-content":"","ast-featured-img":"","footer-sml-layout":"","theme-transparent-header-meta":"","adv-header-id-meta":"","stick-header-meta":"","header-above-stick-meta":"","header-main-stick-meta":"","header-below-stick-meta":""},"pwb-brand":[534],"product_cat":[66],"product_tag":[],"class_list":{"0":"post-58477","1":"product","2":"type-product","3":"status-publish","5":"pwb-brand-bosch","6":"product_cat-jarrulevyt","7":"desktop-align-left","8":"tablet-align-left","9":"mobile-align-left","11":"first","12":"instock","13":"product-type-external"},"brands":[{"id":534,"name":"Bosch","slug":"bosch"}],"_links":{"self":[{"href":"https:\/\/www.autonvaraosahaku.fi\/index.php?rest_route=\/wp\/v2\/product\/58477","targetHints":{"allow":["GET"]}}],"collection":[{"href":"https:\/\/www.autonvaraosahaku.fi\/index.php?rest_route=\/wp\/v2\/product"}],"about":[{"href":"https:\/\/www.autonvaraosahaku.fi\/index.php?rest_route=\/wp\/v2\/types\/product"}],"wp:attachment":[{"href":"https:\/\/www.autonvaraosahaku.fi\/index.php?rest_route=%2Fwp%2Fv2%2Fmedia&parent=58477"}],"wp:term":[{"taxonomy":"pwb-brand","embeddable":true,"href":"https:\/\/www.autonvaraosahaku.fi\/index.php?rest_route=%2Fwp%2Fv2%2Fpwb-brand&post=58477"},{"taxonomy":"product_cat","embeddable":true,"href":"https:\/\/www.autonvaraosahaku.fi\/index.php?rest_route=%2Fwp%2Fv2%2Fproduct_cat&post=58477"},{"taxonomy":"product_tag","embeddable":true,"href":"https:\/\/www.autonvaraosahaku.fi\/index.php?rest_route=%2Fwp%2Fv2%2Fproduct_tag&post=58477"}],"curies":[{"name":"wp","href":"https:\/\/api.w.org\/{rel}","templated":true}]}}