{"id":58613,"date":"2021-02-21T18:11:26","date_gmt":"2021-02-21T18:11:26","guid":{"rendered":"https:\/\/www.autonvaraosahaku.fi\/?product=bosch-0-242-229-659-sytytystulpat"},"modified":"2021-02-21T18:11:28","modified_gmt":"2021-02-21T18:11:28","slug":"bosch-0-242-229-659-sytytystulpat","status":"publish","type":"product","link":"https:\/\/www.autonvaraosahaku.fi\/?product=bosch-0-242-229-659-sytytystulpat","title":{"rendered":"Bosch 0 242 229 659 Sytytystulpat"},"content":{"rendered":"<p>K\u00e4rkiv\u00e4li (mm): 0,8; Kiristysmomentti: 28; Kiristyskulma [Grad]: 90; Ulkokierre [mm]: 14; Kierrenousu (mm): 1,25; Kierteen pituus (mm): 19; Avainv\u00e4li: 16; Kipin\u00e4et\u00e4isyys [mm]: 3; Napojen m\u00e4\u00e4r\u00e4: 1; Valmistusvuosi alkaen: 07\/1993; VW: GOLF III 1H1; AUDI: A8 4D2, 4D8,A6 Avant 4A, C4,A6 4A, C4; MAZDA: 323 C IV BG,FAMILIA IV BF,626 III GD,FAMILIA IV BG,626 III Hatchback GD,626 III Coupe GD,929 III HC; NISSAN: PRIMERA P11,PRIMERA Traveller WP11,PRIMERA Hatchback P11,ALMERA I Hatchback N15,ALMERA I N15,100 NX B13,SERENA C23M,200 SX S14,PRIMERA P10,PATROL Station Wagon W260,PATROL Hardtop K260,SUNNY III N14,PULSAR V Schr\u00e4gheck N14,SUNNY III Liftback N14,PRIMERA Hatchback P10,PRIMERA Traveller W10,BLUEBIRD T72 , T12,SUNNY III Traveller Y10,VANETTE CARGO Kasten HC 23,BLUEBIRD Hatchback T72, T12,VANETTE CARGO Bus HC 23,SUNNY Kasten Y10,SENTRA B15,SENTRA B13; JEEP: CHEROKEE XJ,COMANCHE MJ; DAEWOO: MUSSO FJ,KORANDO KJ,KORANDO Cabrio KJ; SKODA: FAVORIT 781,FAVORIT Forman 785,FAVORIT Pick-up 787,130,RAPID 120G, 130G, 135G; SUZUKI: X-90 EL; CHEVROLET: AVEO Schr\u00e4gheck T250, T255,AVEO Stufenheck T250, T255,BLAZER S10; MERCEDES-BENZ: C-CLASS W202,E-CLASS W210,Stufenheck W124,E-CLASS Kombi S210,CLK C208,SL R129,C-CLASS Kombi S202,KOMBI Kombi S124,E-CLASS W124,G-CLASS W463,CLK Cabriolet A208,COUPE C124,S-CLASS W140,E-CLASS Kombi S124,E-CLASS Cabriolet A124,E-CLASS Coupe C124,S-CLASS Coupe C140,CABRIOLET A124,G-CLASS Cabrio W463; 12121705914, 19302726, 19302726, 5962H8, 5962J1, 1621593003, 3707101W01A00, 46417010, 46480362, 46531918, 46551935, 46799927, 467999270, 71719244, 7571541, 9GYSR, DR17YCA, 1881408051, 1882308101, 46531918, 46551935, 71719244, 9GYSR, F21018110, JF0318110, 0031596703, 0031596803, 0031597103, A0031596703, A0031596803, A0031597103, 2240110F15, 2240112E14, 2240112E15, 2240119V15, 2240120J05, 2240140V05, 22401Y9015, 19302726, 5962H8, 5962J1, 19302726, 96037952, 96070659, MS851351, 7700856908, 9116385, 004081157, 004081168, 194917764, 441040811666, 441040811676, 0031596703, 22401KA440, 9091901153, 6U0000156; Tulpat,Sytytystulppa<\/p>\n","protected":false},"excerpt":{"rendered":"<p>BOSCH Sytytystulpat 0 242 229 659 Tulpat,Sytytystulppa VW,AUDI,MAZDA,GOLF III 1H1,A8 4D2, 4D8,A6 Avant 4A, C4,A6 4A, C4,323 C IV BG,FAMILIA IV BF<\/p>\n","protected":false},"featured_media":0,"template":"","meta":{"site-sidebar-layout":"default","site-content-layout":"default","ast-global-header-display":"","ast-main-header-display":"","ast-hfb-above-header-display":"","ast-hfb-below-header-display":"","ast-hfb-mobile-header-display":"","site-post-title":"","ast-breadcrumbs-content":"","ast-featured-img":"","footer-sml-layout":"","theme-transparent-header-meta":"","adv-header-id-meta":"","stick-header-meta":"","header-above-stick-meta":"","header-main-stick-meta":"","header-below-stick-meta":""},"pwb-brand":[534],"product_cat":[165],"product_tag":[],"class_list":{"0":"post-58613","1":"product","2":"type-product","3":"status-publish","5":"pwb-brand-bosch","6":"product_cat-sytytystulpat","7":"desktop-align-left","8":"tablet-align-left","9":"mobile-align-left","11":"first","12":"instock","13":"product-type-external"},"brands":[{"id":534,"name":"Bosch","slug":"bosch"}],"_links":{"self":[{"href":"https:\/\/www.autonvaraosahaku.fi\/index.php?rest_route=\/wp\/v2\/product\/58613","targetHints":{"allow":["GET"]}}],"collection":[{"href":"https:\/\/www.autonvaraosahaku.fi\/index.php?rest_route=\/wp\/v2\/product"}],"about":[{"href":"https:\/\/www.autonvaraosahaku.fi\/index.php?rest_route=\/wp\/v2\/types\/product"}],"wp:attachment":[{"href":"https:\/\/www.autonvaraosahaku.fi\/index.php?rest_route=%2Fwp%2Fv2%2Fmedia&parent=58613"}],"wp:term":[{"taxonomy":"pwb-brand","embeddable":true,"href":"https:\/\/www.autonvaraosahaku.fi\/index.php?rest_route=%2Fwp%2Fv2%2Fpwb-brand&post=58613"},{"taxonomy":"product_cat","embeddable":true,"href":"https:\/\/www.autonvaraosahaku.fi\/index.php?rest_route=%2Fwp%2Fv2%2Fproduct_cat&post=58613"},{"taxonomy":"product_tag","embeddable":true,"href":"https:\/\/www.autonvaraosahaku.fi\/index.php?rest_route=%2Fwp%2Fv2%2Fproduct_tag&post=58613"}],"curies":[{"name":"wp","href":"https:\/\/api.w.org\/{rel}","templated":true}]}}