{"id":58622,"date":"2021-02-21T18:11:30","date_gmt":"2021-02-21T18:11:30","guid":{"rendered":"https:\/\/www.autonvaraosahaku.fi\/?product=bosch-0-242-235-667-sytytystulpat"},"modified":"2021-02-21T18:11:31","modified_gmt":"2021-02-21T18:11:31","slug":"bosch-0-242-235-667-sytytystulpat","status":"publish","type":"product","link":"https:\/\/www.autonvaraosahaku.fi\/?product=bosch-0-242-235-667-sytytystulpat","title":{"rendered":"Bosch 0 242 235 667 Sytytystulpat"},"content":{"rendered":"<p>K\u00e4rkiv\u00e4li (mm): 1,1; Kiristysmomentti: 28; Kiristyskulma [Grad]: 90; Ulkokierre [mm]: 14; Kierrenousu (mm): 1,25; Kierteen pituus (mm): 19; Avainv\u00e4li: 16; Kipin\u00e4et\u00e4isyys [mm]: 3; Napojen m\u00e4\u00e4r\u00e4: 1; TECDOC-moottorinumero: 1171; MAZDA: 3 BK,MX-5 II NB,323 F VI BJ,PREMACY CP,MX-5 I NA,DEMIO DW,3 Stufenheck BK,323 P V BA,3 Stufenheck BL,626 IV Hatchback GE,MX-3 EC,FAMILIA VI BJ,XEDOS 6 CA,323 C IV BG,FAMILIA IV BF,XEDOS 9 TA,626 IV GE,FAMILIA V BA,FAMILIA V BG8,323 III Hatchback BF,121 II DB,MX-6 GE,626 III GD,FAMILIA IV BG,626 III Hatchback GD,626 III Coupe GD,E-SERIE Kasten SR2,626 III Station Wagon GV,323 III BF,MPV I LV,MX-6 GD; NISSAN: MICRA II K11,ALMERA II Hatchback N16,ALMERA I Hatchback N15,PICK UP D22,NAVARA D22,ALMERA Mk II N16,200 SX S13,ALMERA I N15,100 NX B13,TERRANO I WD21,300 ZX Z31,SUNNY II Coupe B12,NP300,SUNNY III N14,SUNNY II Hatchback N13,SILVIA S12,BLUEBIRD T72 , T12,LAUREL JC32,BLUEBIRD Hatchback T72, T12,MAXIMA II J30,SUNNY II N13,BLUEBIRD Station Wagon WU11,PRAIRIE PRO M11,BLUEBIRD U11,PRAIRIE M10, NM10,SUNNY II Traveller B12,PATHFINDER,BLUEBIRD Traveller W910,BLUEBIRD Stufenheck 910; DAEWOO: KALOS KLAS,LANOS KLAT,LACETTI Schr\u00e4gheck KLAN,KALOS Stufenheck KLAS,LANOS Stufenheck KLAT,NEXIA KLETN,ESPERO KLEJ,NEXIA Stufenheck KLETN,CIELO Stufenheck,NEXIA Stufenheck; LADA: KALINA Kombi 1117,KALINA Schr\u00e4gheck 1119,111 2111,110 2110,PRIORA Kombi 2171,KALINA Stufenheck 1118,GRANTA 2190,112 2112,PRIORA Schr\u00e4gheck 2172,VESTA,KALINA Kombi 2194,KALINA Schr\u00e4gheck 2192; SUZUKI: JIMNY FJ,GRAND VITARA II JT,SAMURAI SJ,GRAND VITARA I FT,WAGON R+ MM,IGNIS FH,SWIFT II Schr\u00e4gheck EA, MA,VITARA ET, TA,VITARA Cabrio ET, TA,LIANA Schr\u00e4gheck,LIANA ER,BALENO Kombi EG,BALENO EG,BALENO Schr\u00e4gheck EG,GRAND VITARA I Cabriolet GT,JIMNY Gel\u00e4ndewagen offen SN; CHEVROLET: NUBIRA Kombi,CRUZE J300,KALOS,CRUZE Schr\u00e4gheck J305,LACETTI J200,AVEO Stufenheck T250, T255,REZZO,NUBIRA Stufenheck,AVEO Stufenheck T200,AVEO Schr\u00e4gheck T200; KIA: SPORTAGE JE_, KM_,RIO Kombi DC,SPORTAGE K00,RIO Stufenheck DC_,SHUMA II FB,RETONA CE,SHUMA FB,SHUMA II Stufenheck FB,CLARUS K9A,CLARUS Kombi GC,SEPHIA Stufenheck FA,SEPHIA FA,SEPHIA FB; HONDA: JAZZ II GD,JAZZ III GE,CIVIC VI Hatchback EJ, EK,CIVIC VI Fastback MA, MB,CRX III EH, EG,CRX II ED, EE,CIVIC V Hatchback EG,JAZZ Stufenheck,CIVIC IV Hatchback EC, ED, EE,CIVIC VI Stufenheck EJ, EK,CIVIC VI Coupe EJ, EM1,INTEGRA Coupe DC2, DC4,CIVIC V Coupe EJ,CIVIC VII Stufenheck ES,PRELUDE III BA,CIVIC V Stufenheck EG, EH,CONCERTO HW,CIVIC IV Stufenheck ED,CRX I AF, AS,ACCORD III CA,LEGEND II Coupe KA8,CONCERTO Stufenheck HWW,LEGEND II KA7,LEGEND I Coupe KA3,CIVIC II Shuttle EE,CITY Stufenheck GM,CITY Stufenheck GD8\/GD9,LEGEND I HS, KA,CITY Stufenheck type Z; SUBARU: FORESTER SG,IMPREZA Stufenheck GD,LEGACY IV Station Wagon BL, BP, B13_,IMPREZA Station Wagon GG,IMPREZA Stufenheck GC,LEGACY II Station Wagon BD, BG,IMPREZA Station Wagon GF,LEGACY IV BL, BP,OUTBACK BE, BH,LEGACY III BE, BH,LEGACY I Station Wagon BC, BJF,LEGACY II BD, BG,IMPREZA Coupe GFC,VIVIO,LEGACY I BC,REX \u00a0,REX II; OPEL: MONTEREY A UBS_; 19354429, 96130723, 59624G, 96130723, 9004851100000, 88SF12405EA, 1214009, 25108074, 90487588, 93130723, 12290RB0F01, 890795515J, 980795514E, 980795514J, 980795515E, 9807956148, 9807956149, 980795614E, 980795615E, 980795617E, 2240150Y06, 5860076350, 5861217490, 8943283720, 0K01C18110, 0677006270, BP0118110, BP0218110, BP0318110, BP1318110A, BP1418110, BPY218110, F22018110, MD310294, MS851358, MS851362, MS851727, MS851728, MS851728L, SMS851571, 2240101P16, 2240102P16, 2240110P16, 2240150Y05, 2240150Y06, 2240185E16, 22401V5016, 19354429, 1214009, 1214148, 25108074, 91149455, 59624G, 19354429, MS851358, XHM281, 30520467, 9117565, 22401AA310, 22401K010, 22401KA210, 0948200494, 0948200510LCP, 0948200794, 9004851157, 9004851158, 9009870047; Tulpat,Sytytystulppa<\/p>\n","protected":false},"excerpt":{"rendered":"<p>BOSCH Sytytystulpat 0 242 235 667 Tulpat,Sytytystulppa MAZDA,NISSAN,DAEWOO,3 BK,MX-5 II NB,323 F VI BJ,PREMACY CP,MX-5 I NA,DEMIO DW,3 Stufenheck BK<\/p>\n","protected":false},"featured_media":0,"template":"","meta":{"site-sidebar-layout":"default","site-content-layout":"default","ast-global-header-display":"","ast-main-header-display":"","ast-hfb-above-header-display":"","ast-hfb-below-header-display":"","ast-hfb-mobile-header-display":"","site-post-title":"","ast-breadcrumbs-content":"","ast-featured-img":"","footer-sml-layout":"","theme-transparent-header-meta":"","adv-header-id-meta":"","stick-header-meta":"","header-above-stick-meta":"","header-main-stick-meta":"","header-below-stick-meta":""},"pwb-brand":[534],"product_cat":[165],"product_tag":[],"class_list":{"0":"post-58622","1":"product","2":"type-product","3":"status-publish","5":"pwb-brand-bosch","6":"product_cat-sytytystulpat","7":"desktop-align-left","8":"tablet-align-left","9":"mobile-align-left","11":"first","12":"instock","13":"product-type-external"},"brands":[{"id":534,"name":"Bosch","slug":"bosch"}],"_links":{"self":[{"href":"https:\/\/www.autonvaraosahaku.fi\/index.php?rest_route=\/wp\/v2\/product\/58622","targetHints":{"allow":["GET"]}}],"collection":[{"href":"https:\/\/www.autonvaraosahaku.fi\/index.php?rest_route=\/wp\/v2\/product"}],"about":[{"href":"https:\/\/www.autonvaraosahaku.fi\/index.php?rest_route=\/wp\/v2\/types\/product"}],"wp:attachment":[{"href":"https:\/\/www.autonvaraosahaku.fi\/index.php?rest_route=%2Fwp%2Fv2%2Fmedia&parent=58622"}],"wp:term":[{"taxonomy":"pwb-brand","embeddable":true,"href":"https:\/\/www.autonvaraosahaku.fi\/index.php?rest_route=%2Fwp%2Fv2%2Fpwb-brand&post=58622"},{"taxonomy":"product_cat","embeddable":true,"href":"https:\/\/www.autonvaraosahaku.fi\/index.php?rest_route=%2Fwp%2Fv2%2Fproduct_cat&post=58622"},{"taxonomy":"product_tag","embeddable":true,"href":"https:\/\/www.autonvaraosahaku.fi\/index.php?rest_route=%2Fwp%2Fv2%2Fproduct_tag&post=58622"}],"curies":[{"name":"wp","href":"https:\/\/api.w.org\/{rel}","templated":true}]}}