{"id":58654,"date":"2021-02-21T18:11:35","date_gmt":"2021-02-21T18:11:35","guid":{"rendered":"https:\/\/www.autonvaraosahaku.fi\/?product=bosch-0-242-229-660-sytytystulpat"},"modified":"2021-02-21T18:11:38","modified_gmt":"2021-02-21T18:11:38","slug":"bosch-0-242-229-660-sytytystulpat","status":"publish","type":"product","link":"https:\/\/www.autonvaraosahaku.fi\/?product=bosch-0-242-229-660-sytytystulpat","title":{"rendered":"Bosch 0 242 229 660 Sytytystulpat"},"content":{"rendered":"<p>K\u00e4rkiv\u00e4li (mm): 1,1; Kiristysmomentti: 28; Kiristyskulma [Grad]: 90; Ulkokierre [mm]: 14; Kierrenousu (mm): 1,25; Kierteen pituus (mm): 19; Avainv\u00e4li: 16; Kipin\u00e4et\u00e4isyys [mm]: 3; Napojen m\u00e4\u00e4r\u00e4: 1; Valmistusvuoteen: 08\/2001; MAZDA: 2 DY,2 DE,323 F VI BJ,3 BL,3 BM,DEMIO DW,3 Stufenheck BL,MX-3 EC,FAMILIA VI BJ,3 Stufenheck BM,2 Stufenheck DE,626 IV GE,MX-6 GE,MPV I LV; NISSAN: MICRA II K11,ALMERA TINO V10,PRIMERA P11,TERRANO II R20,PRIMERA Traveller WP11,PRIMERA Hatchback P11,ALMERA I Hatchback N15,PATHFINDER R50,ALMERA Mk II N16,SERENA C23M,SKYLINE Coupe R33,NP300,SUNNY III N14,SUNNY II Hatchback N13,SILVIA S12,BLUEBIRD T72 , T12,SKYLINE R33,BLUEBIRD Hatchback T72, T12,MAXIMA II J30,SUNNY II N13,BLUEBIRD Station Wagon WU11,PRAIRIE PRO M11,NAVARA Pritsche\/Fahrgestell D21,PRAIRIE M10, NM10,SENTRA B15,PATHFINDER; JEEP: GRAND CHEROKEE I ZJ; DAEWOO: REZZO KLAU,LANOS KLAT,NUBIRA Stufenheck KLAN,NUBIRA Wagon KLAN,NUBIRA Wagon KLAJ,LANOS Stufenheck KLAT,NUBIRA Stufenheck KLAJ,NUBIRA KLAJ,NUBIRA Kombi J150,NUBIRA Stufenheck J150; SUZUKI: GRAND VITARA I FT; CHEVROLET: AVEO Stufenheck T250, T255,BLAZER S10,AVEO Schr\u00e4gheck T200; KIA: PICANTO BA,CEE&#8217;D SW ED,CEE&#8217;D Schr\u00e4gheck ED,SPORTAGE JE_, KM_,CARENS II FJ,RIO II JB,CARENS III UN,PRO CEE&#8217;D ED,SOUL AM,CERATO LD,MAGENTIS MG,SPORTAGE K00,CERATO Stufenheck LD,RIO II Stufenheck JB,CLARUS K9A; HONDA: CIVIC IV Hatchback EC, ED, EE,CIVIC VI Stufenheck EJ, EK,CIVIC V Stufenheck EG, EH; LAND ROVER: DISCOVERY II LJ, LT; LEXUS: ES F1, F2,ES MCV_, VZV_; 68304168AA, SP0RC10YC4, 9004851158000, 68304168AA, SP0RC10YC4, PBP11811AA, SMS851387, 92123764, 9807955148, 9807955149, 980795514E, 1881411051, 1882311101, 18823111012, 1882708085, 1882911050, 5860076350, 1881411051, B6B318110, BP0118110, BP0218110, 1822A018, BPY118110, CW359146, MD344180, MS851357, MS851361, 2240101P15, 2240150Y04, 2240150Y05, 2240155Y15, 2240185E15, 22401V5015, 1214458, 92063308, 21025103, 22401KA210, 9004851158, 9091901129, 920633008, 101000044AB, L101000044; Tulpat,Sytytystulppa<\/p>\n","protected":false},"excerpt":{"rendered":"<p>BOSCH Sytytystulpat 0 242 229 660 Tulpat,Sytytystulppa MAZDA,NISSAN,JEEP,2 DY,2 DE,323 F VI BJ,3 BL,3 BM,DEMIO DW,3 Stufenheck BL,MX-3 EC<\/p>\n","protected":false},"featured_media":0,"template":"","meta":{"site-sidebar-layout":"default","site-content-layout":"default","ast-global-header-display":"","ast-main-header-display":"","ast-hfb-above-header-display":"","ast-hfb-below-header-display":"","ast-hfb-mobile-header-display":"","site-post-title":"","ast-breadcrumbs-content":"","ast-featured-img":"","footer-sml-layout":"","theme-transparent-header-meta":"","adv-header-id-meta":"","stick-header-meta":"","header-above-stick-meta":"","header-main-stick-meta":"","header-below-stick-meta":""},"pwb-brand":[534],"product_cat":[165],"product_tag":[],"class_list":{"0":"post-58654","1":"product","2":"type-product","3":"status-publish","5":"pwb-brand-bosch","6":"product_cat-sytytystulpat","7":"desktop-align-left","8":"tablet-align-left","9":"mobile-align-left","11":"first","12":"instock","13":"product-type-external"},"brands":[{"id":534,"name":"Bosch","slug":"bosch"}],"_links":{"self":[{"href":"https:\/\/www.autonvaraosahaku.fi\/index.php?rest_route=\/wp\/v2\/product\/58654","targetHints":{"allow":["GET"]}}],"collection":[{"href":"https:\/\/www.autonvaraosahaku.fi\/index.php?rest_route=\/wp\/v2\/product"}],"about":[{"href":"https:\/\/www.autonvaraosahaku.fi\/index.php?rest_route=\/wp\/v2\/types\/product"}],"wp:attachment":[{"href":"https:\/\/www.autonvaraosahaku.fi\/index.php?rest_route=%2Fwp%2Fv2%2Fmedia&parent=58654"}],"wp:term":[{"taxonomy":"pwb-brand","embeddable":true,"href":"https:\/\/www.autonvaraosahaku.fi\/index.php?rest_route=%2Fwp%2Fv2%2Fpwb-brand&post=58654"},{"taxonomy":"product_cat","embeddable":true,"href":"https:\/\/www.autonvaraosahaku.fi\/index.php?rest_route=%2Fwp%2Fv2%2Fproduct_cat&post=58654"},{"taxonomy":"product_tag","embeddable":true,"href":"https:\/\/www.autonvaraosahaku.fi\/index.php?rest_route=%2Fwp%2Fv2%2Fproduct_tag&post=58654"}],"curies":[{"name":"wp","href":"https:\/\/api.w.org\/{rel}","templated":true}]}}