{"id":58657,"date":"2021-02-21T18:11:35","date_gmt":"2021-02-21T18:11:35","guid":{"rendered":"https:\/\/www.autonvaraosahaku.fi\/?product=bosch-0-242-232-514-sytytystulpat"},"modified":"2021-02-21T18:11:38","modified_gmt":"2021-02-21T18:11:38","slug":"bosch-0-242-232-514-sytytystulpat","status":"publish","type":"product","link":"https:\/\/www.autonvaraosahaku.fi\/?product=bosch-0-242-232-514-sytytystulpat","title":{"rendered":"Bosch 0 242 232 514 Sytytystulpat"},"content":{"rendered":"<p>K\u00e4rkiv\u00e4li (mm): 1,0; Kiristysmomentti: 20; Kiristyskulma [Grad]: 15; Ulkokierre [mm]: 14; Kierrenousu (mm): 1,25; Kierteen pituus (mm): 25; Avainv\u00e4li: 16; Kipin\u00e4et\u00e4isyys [mm]: 4; Napojen m\u00e4\u00e4r\u00e4: 4; lis\u00e4tieto: Super 4; Valmistusvuoteen: 03\/2015; MAZDA: 2 DY,6 Kombi GH,TRIBUTE EP,6 Schr\u00e4gheck GH,6 GH,121 III JASM, JBSM; CHEVROLET: CAPTIVA C100, C140; FORD USA: ESCAPE; OPEL: ANTARA; VOLVO: V50 MW,C30,S40 II MS; FORD: FIESTA V JH_, JD_,FOCUS II Kombi DA_,FIESTA VI,MONDEO IV Turnier BA7,FOCUS Kombi DNW,FOCUS II DA_,FOCUS DAW, DBW,FOCUS III Turnier,FOCUS C-MAX,FIESTA IV JA_, JB_,FUSION JU_,KA RB_,C-MAX DM2,FOCUS III,MAVERICK,C-MAX II,MONDEO IV BA7,FIESTA Stufenheck JA8 JR8,GRAND C-MAX,FOCUS Stufenheck DFW,STREET KA RL2,MONDEO II Kombi BNP,FIESTA III GFJ,TRANSIT CONNECT P65_, P70_, P80_,FOCUS II Stufenheck DA_,B-MAX JK,FOCUS II Cabriolet,COUGAR EC_,MONDEO II BAP,TOURNEO CONNECT,FIESTA Stufenheck JAS JBS,PUMA EC_,FOCUS III Stufenheck,MONDEO IV Stufenheck BA7,ESCORT VII GAL, AAL, ABL,MONDEO II Stufenheck BFP,MONDEO I Kombi BNP,MONDEO I GBP,ESCORT VII Kombi GAL, ANL,FIESTA V Van,ESCORT VII Cabriolet ALL,FIESTA VI Van,ESCORT VI Cabriolet ALL,ESCORT VI GAL,ESCORT V Cabriolet ALL,MONDEO I Stufenheck GBP,FIESTA Kasten J5_, J3_,KA RU,ESCORT V GAL,ESCORT VII Stufenheck GAL, AFL,KA Van RB,ESCORT VI Kombi GAL,ESCORT CLASSIC AAL, ABL,ESCORT CLASSIC Turnier ANL,ESCORT VI Stufenheck GAL; MORGAN: FOUR FOUR; Tulpat,Sytytystulppa<\/p>\n","protected":false},"excerpt":{"rendered":"<p>BOSCH Sytytystulpat 0 242 232 514 Tulpat,Sytytystulppa MAZDA,CHEVROLET,FORD USA,2 DY,6 Kombi GH,TRIBUTE EP,6 Schr\u00e4gheck GH,6 GH,121 III JASM, JBSM<\/p>\n","protected":false},"featured_media":0,"template":"","meta":{"site-sidebar-layout":"default","site-content-layout":"default","ast-global-header-display":"","ast-main-header-display":"","ast-hfb-above-header-display":"","ast-hfb-below-header-display":"","ast-hfb-mobile-header-display":"","site-post-title":"","ast-breadcrumbs-content":"","ast-featured-img":"","footer-sml-layout":"","theme-transparent-header-meta":"","adv-header-id-meta":"","stick-header-meta":"","header-above-stick-meta":"","header-main-stick-meta":"","header-below-stick-meta":""},"pwb-brand":[534],"product_cat":[165],"product_tag":[],"class_list":{"0":"post-58657","1":"product","2":"type-product","3":"status-publish","5":"pwb-brand-bosch","6":"product_cat-sytytystulpat","7":"desktop-align-left","8":"tablet-align-left","9":"mobile-align-left","11":"first","12":"instock","13":"product-type-external"},"brands":[{"id":534,"name":"Bosch","slug":"bosch"}],"_links":{"self":[{"href":"https:\/\/www.autonvaraosahaku.fi\/index.php?rest_route=\/wp\/v2\/product\/58657","targetHints":{"allow":["GET"]}}],"collection":[{"href":"https:\/\/www.autonvaraosahaku.fi\/index.php?rest_route=\/wp\/v2\/product"}],"about":[{"href":"https:\/\/www.autonvaraosahaku.fi\/index.php?rest_route=\/wp\/v2\/types\/product"}],"wp:attachment":[{"href":"https:\/\/www.autonvaraosahaku.fi\/index.php?rest_route=%2Fwp%2Fv2%2Fmedia&parent=58657"}],"wp:term":[{"taxonomy":"pwb-brand","embeddable":true,"href":"https:\/\/www.autonvaraosahaku.fi\/index.php?rest_route=%2Fwp%2Fv2%2Fpwb-brand&post=58657"},{"taxonomy":"product_cat","embeddable":true,"href":"https:\/\/www.autonvaraosahaku.fi\/index.php?rest_route=%2Fwp%2Fv2%2Fproduct_cat&post=58657"},{"taxonomy":"product_tag","embeddable":true,"href":"https:\/\/www.autonvaraosahaku.fi\/index.php?rest_route=%2Fwp%2Fv2%2Fproduct_tag&post=58657"}],"curies":[{"name":"wp","href":"https:\/\/api.w.org\/{rel}","templated":true}]}}