{"id":58670,"date":"2021-02-21T18:11:40","date_gmt":"2021-02-21T18:11:40","guid":{"rendered":"https:\/\/www.autonvaraosahaku.fi\/?product=bosch-0-242-229-652-sytytystulpat"},"modified":"2021-02-21T18:11:42","modified_gmt":"2021-02-21T18:11:42","slug":"bosch-0-242-229-652-sytytystulpat","status":"publish","type":"product","link":"https:\/\/www.autonvaraosahaku.fi\/?product=bosch-0-242-229-652-sytytystulpat","title":{"rendered":"Bosch 0 242 229 652 Sytytystulpat"},"content":{"rendered":"<p>K\u00e4rkiv\u00e4li (mm): 1,0; Kiristysmomentti: 20; Kiristyskulma [Grad]: 15; Ulkokierre [mm]: 14; Kierrenousu (mm): 1,25; Kierteen pituus (mm): 17,5; Avainv\u00e4li: 16; Kipin\u00e4et\u00e4isyys [mm]: 3; Napojen m\u00e4\u00e4r\u00e4: 1; S\u00e4\u00e4dett\u00e4va k\u00e4rkiv\u00e4li [mm]: 1,3; MAZDA: 5 CR19,3 BK,6 Station Wagon GY,6 Kombi GH,PREMACY CP,6 Hatchback GG,6 GG,TRIBUTE EP,5 CW,MX-5 III NC,6 Schr\u00e4gheck GH,6 GH,MPV II LW; FORD USA: ESCAPE; FORD: FIESTA V JH_, JD_,MONDEO III Kombi BWY,FOCUS II Kombi DA_,FOCUS II DA_,FOCUS C-MAX,MONDEO III B5Y,MAVERICK,TRANSIT MK-7 Kasten,MONDEO III Stufenheck B4Y,FOCUS Stufenheck DFW,MONDEO II Kombi BNP,FOCUS II Stufenheck DA_,FOCUS II Cabriolet,COUGAR EC_,MONDEO II BAP,TRANSIT MK-7 Pritsche\/Fahrgestell,MONDEO II Stufenheck BFP,MONDEO I Kombi BNP,MONDEO I GBP,MONDEO I Stufenheck GBP; 1315691, 3539125, 3936373, 3S4J12405AB, 4331810, F43E12405EA, F43E12405EB, F75E12405CA, SP417, SP479, SP493, ZZC218110A; Tulpat,Sytytystulppa<\/p>\n","protected":false},"excerpt":{"rendered":"<p>BOSCH Sytytystulpat 0 242 229 652 Tulpat,Sytytystulppa MAZDA,FORD USA,FORD,5 CR19,3 BK,6 Station Wagon GY,6 Kombi GH,PREMACY CP,6 Hatchback GG,6 GG<\/p>\n","protected":false},"featured_media":0,"template":"","meta":{"site-sidebar-layout":"default","site-content-layout":"default","ast-global-header-display":"","ast-main-header-display":"","ast-hfb-above-header-display":"","ast-hfb-below-header-display":"","ast-hfb-mobile-header-display":"","site-post-title":"","ast-breadcrumbs-content":"","ast-featured-img":"","footer-sml-layout":"","theme-transparent-header-meta":"","adv-header-id-meta":"","stick-header-meta":"","header-above-stick-meta":"","header-main-stick-meta":"","header-below-stick-meta":""},"pwb-brand":[534],"product_cat":[165],"product_tag":[],"class_list":{"0":"post-58670","1":"product","2":"type-product","3":"status-publish","5":"pwb-brand-bosch","6":"product_cat-sytytystulpat","7":"desktop-align-left","8":"tablet-align-left","9":"mobile-align-left","11":"first","12":"instock","13":"product-type-external"},"brands":[{"id":534,"name":"Bosch","slug":"bosch"}],"_links":{"self":[{"href":"https:\/\/www.autonvaraosahaku.fi\/index.php?rest_route=\/wp\/v2\/product\/58670","targetHints":{"allow":["GET"]}}],"collection":[{"href":"https:\/\/www.autonvaraosahaku.fi\/index.php?rest_route=\/wp\/v2\/product"}],"about":[{"href":"https:\/\/www.autonvaraosahaku.fi\/index.php?rest_route=\/wp\/v2\/types\/product"}],"wp:attachment":[{"href":"https:\/\/www.autonvaraosahaku.fi\/index.php?rest_route=%2Fwp%2Fv2%2Fmedia&parent=58670"}],"wp:term":[{"taxonomy":"pwb-brand","embeddable":true,"href":"https:\/\/www.autonvaraosahaku.fi\/index.php?rest_route=%2Fwp%2Fv2%2Fpwb-brand&post=58670"},{"taxonomy":"product_cat","embeddable":true,"href":"https:\/\/www.autonvaraosahaku.fi\/index.php?rest_route=%2Fwp%2Fv2%2Fproduct_cat&post=58670"},{"taxonomy":"product_tag","embeddable":true,"href":"https:\/\/www.autonvaraosahaku.fi\/index.php?rest_route=%2Fwp%2Fv2%2Fproduct_tag&post=58670"}],"curies":[{"name":"wp","href":"https:\/\/api.w.org\/{rel}","templated":true}]}}