{"id":58696,"date":"2021-02-21T18:11:45","date_gmt":"2021-02-21T18:11:45","guid":{"rendered":"https:\/\/www.autonvaraosahaku.fi\/?product=bosch-0-242-236-577-sytytystulpat"},"modified":"2021-02-21T18:11:48","modified_gmt":"2021-02-21T18:11:48","slug":"bosch-0-242-236-577-sytytystulpat","status":"publish","type":"product","link":"https:\/\/www.autonvaraosahaku.fi\/?product=bosch-0-242-236-577-sytytystulpat","title":{"rendered":"Bosch 0 242 236 577 Sytytystulpat"},"content":{"rendered":"<p>K\u00e4rkiv\u00e4li (mm): 0,7; Kiristysmomentti: 28; Kiristyskulma [Grad]: 90; Ulkokierre [mm]: 14; Kierrenousu (mm): 1,25; Kierteen pituus (mm): 26,5; Avainv\u00e4li: 16; Kipin\u00e4et\u00e4isyys [mm]: 4; Napojen m\u00e4\u00e4r\u00e4: 1; TECDOC-moottorinumero: 39159; NISSAN: MICRA III K12,X-TRAIL T30,NOTE E11,ALMERA TINO V10,ALMERA II Hatchback N16,NAVARA D40,PATHFINDER R51,PRIMERA P11,PRIMERA Kombi WP12,PRIMERA P12,350 Z Z33,MICRA C+C K12,MURANO Z50,PRIMERA Hatchback P12,PATROL GR II Wagon Y61,PATHFINDER R50,ALMERA Mk II N16,350 Z Roadster Z33,ALMERA Classic B10,ALTIMA,PATROL III Y62,SKYLINE V35,PATROL Pick-up,SERENA C24,TEANA I J31,MAXIMA A34; KIA: SPORTAGE SL,SORENTO II XM,CARNIVAL \/ GRAND CARNIVAL III VQ,MAGENTIS MG,OPTIMA,CERATO II Stufenheck TD,CERATO YD Stufenheck,CERATO KOUP TD; LEXUS: ES AVV6_, GSV6_, ASV6_; LANCIA: PHEDRA 179,ZETA 220; TOYOTA: AYGO WNB1_, KGB1_,CAMRY Stufenheck AVV5_, XV5_; HYUNDAI: ix35 LM, EL, ELH,SANTA F\u00c9 I SM,SANTA F\u00c9 II CM,H-1 Travel TQ,SONATA V NF,H-1 Cargo TQ,SONATA VI YF,GRANDEUR HG; VOLVO: V70 III BW,S80 II AS,S60 II; INFINITI: FX,QX56,M35; RENAULT: ESPACE IV JK0\/1_,LAGUNA II Grandtour KG0\/1_,LAGUNA II BG0\/1_,MEGANE I Cabriolet EA0\/1_,MEGANE I Coach DA0\/1_,VEL SATIS BJ0_,AVANTIME DE0_; FIAT: ULYSSE 179AX,ULYSSE 220,SCUDO Kasten 220L,SCUDO Combinato 220P; 9091901286, 32017033, 32017035, 9091901286, 90919C1006; Tulpat,Sytytystulppa<\/p>\n","protected":false},"excerpt":{"rendered":"<p>BOSCH Sytytystulpat 0 242 236 577 Tulpat,Sytytystulppa NISSAN,KIA,LEXUS,MICRA III K12,X-TRAIL T30,NOTE E11,ALMERA TINO V10,ALMERA II Hatchback N16<\/p>\n","protected":false},"featured_media":0,"template":"","meta":{"site-sidebar-layout":"default","site-content-layout":"default","ast-global-header-display":"","ast-main-header-display":"","ast-hfb-above-header-display":"","ast-hfb-below-header-display":"","ast-hfb-mobile-header-display":"","site-post-title":"","ast-breadcrumbs-content":"","ast-featured-img":"","footer-sml-layout":"","theme-transparent-header-meta":"","adv-header-id-meta":"","stick-header-meta":"","header-above-stick-meta":"","header-main-stick-meta":"","header-below-stick-meta":""},"pwb-brand":[534],"product_cat":[165],"product_tag":[],"class_list":{"0":"post-58696","1":"product","2":"type-product","3":"status-publish","5":"pwb-brand-bosch","6":"product_cat-sytytystulpat","7":"desktop-align-left","8":"tablet-align-left","9":"mobile-align-left","11":"first","12":"instock","13":"product-type-external"},"brands":[{"id":534,"name":"Bosch","slug":"bosch"}],"_links":{"self":[{"href":"https:\/\/www.autonvaraosahaku.fi\/index.php?rest_route=\/wp\/v2\/product\/58696","targetHints":{"allow":["GET"]}}],"collection":[{"href":"https:\/\/www.autonvaraosahaku.fi\/index.php?rest_route=\/wp\/v2\/product"}],"about":[{"href":"https:\/\/www.autonvaraosahaku.fi\/index.php?rest_route=\/wp\/v2\/types\/product"}],"wp:attachment":[{"href":"https:\/\/www.autonvaraosahaku.fi\/index.php?rest_route=%2Fwp%2Fv2%2Fmedia&parent=58696"}],"wp:term":[{"taxonomy":"pwb-brand","embeddable":true,"href":"https:\/\/www.autonvaraosahaku.fi\/index.php?rest_route=%2Fwp%2Fv2%2Fpwb-brand&post=58696"},{"taxonomy":"product_cat","embeddable":true,"href":"https:\/\/www.autonvaraosahaku.fi\/index.php?rest_route=%2Fwp%2Fv2%2Fproduct_cat&post=58696"},{"taxonomy":"product_tag","embeddable":true,"href":"https:\/\/www.autonvaraosahaku.fi\/index.php?rest_route=%2Fwp%2Fv2%2Fproduct_tag&post=58696"}],"curies":[{"name":"wp","href":"https:\/\/api.w.org\/{rel}","templated":true}]}}