{"id":58709,"date":"2021-02-21T18:11:50","date_gmt":"2021-02-21T18:11:50","guid":{"rendered":"https:\/\/www.autonvaraosahaku.fi\/?product=bosch-0-242-240-649-sytytystulpat"},"modified":"2021-02-21T18:11:51","modified_gmt":"2021-02-21T18:11:51","slug":"bosch-0-242-240-649-sytytystulpat","status":"publish","type":"product","link":"https:\/\/www.autonvaraosahaku.fi\/?product=bosch-0-242-240-649-sytytystulpat","title":{"rendered":"Bosch 0 242 240 649 Sytytystulpat"},"content":{"rendered":"<p>K\u00e4rkiv\u00e4li (mm): 1,1; Kiristysmomentti: 28; Kiristyskulma [Grad]: 90; Ulkokierre [mm]: 14; Kierrenousu (mm): 1,25; Kierteen pituus (mm): 19; Avainv\u00e4li: 16; Kipin\u00e4et\u00e4isyys [mm]: 4; Napojen m\u00e4\u00e4r\u00e4: 1; Valmistusvuoteen: 12\/2014; NISSAN: 200 SX S13,MAXIMA QX A33,MAXIMA QX A32,SKYLINE Coupe R34,SUNNY II Hatchback N13,BLUEBIRD T72 , T12,SKYLINE Coupe R32,BLUEBIRD Hatchback T72, T12,180 SX Coupe S13,SENTRA B15,MAXIMA Station Wagon; DAEWOO: TOSCA; SUZUKI: SWIFT III MZ, EZ,GRAND VITARA II JT,SX4 EY, GY,GRAND VITARA I FT,WAGON R+ MM,IGNIS FH,IGNIS II,SX4 Stufenheck GY,WAGON R; CHEVROLET: EPICA KL1_,EPICA Stufenheck US; HONDA: S2000 AP,PRELUDE IV BB,INTEGRA Coupe DC2, DC4,LEGEND III KA9,LEGEND II Coupe KA8,NSX Coupe NA,LEGEND II KA7,NSX Cabriolet NA; LEXUS: IS I JCE1_, GXE1_,IS SportCross,ES F1, F2; SUBARU: IMPREZA Stufenheck GD,IMPREZA Station Wagon GG,SVX CX; OPEL: ZAFIRA B A05,ASTRA H L48,VECTRA C Caravan,ASTRA H GTC L08,SIGNUM,VECTRA C,VECTRA C GTS; TOYOTA: AVENSIS _T22_,AVENSIS Station Wagon _T22_,CELICA ZZT23_,AVENSIS Liftback _T22_,CARINA E _T19_,CELICA ST20_, AT20_,COROLLA _E11_,CARINA E Stufenheck _T19_,CELICA Coupe AT18_, ST18_,CARINA E Sportswagon _T19_,SUPRA JZA80,LAND CRUISER VDJ20_, UZJ20_,COROLLA _E10_,CAMRY _CV1_, _XV1_, _V1_,CAMRY Station Wagon _XV1_, _CV1_, _V10,ALPHARD ATH1_, MNH1_, ANH1_; SAAB: 9-3 YS3F,9-5 Kombi YS3E,9-3 Kombi YS3F,9-3 YS3D,9-5 YS3E,9-3 Cabriolet YS3F,9-3 Cabriolet YS3D; 980795714H, 980795715H, 96307562, 96307562, 9004851173000, 1000996, 6762458, 850F12405BA, 959F12405AA, V92HF12405AA, 980795614F, 980795614H, 980795714H, 980795715H, 98079571BH, 98079571CH, 224011P117, 9091901127, 909190112783, 9091901210, 9091901211, MD313443, 224010P616, 224011P117, 2240158S16, 2240158S17, 22401F6517, 12787099, 93190953, 7700500240, 8200239321, 8200363384, 12787099, 9188681, 9399866, P96307562, 224011P116, 22401AA500, 22401AA520, 9091901127, 909190112783, 9091901128, 9091901210, 9091901211, 12787099; Tulpat,Sytytystulppa<\/p>\n","protected":false},"excerpt":{"rendered":"<p>BOSCH Sytytystulpat 0 242 240 649 Tulpat,Sytytystulppa NISSAN,DAEWOO,SUZUKI,200 SX S13,MAXIMA QX A33,MAXIMA QX A32,SKYLINE Coupe R34<\/p>\n","protected":false},"featured_media":0,"template":"","meta":{"site-sidebar-layout":"default","site-content-layout":"default","ast-global-header-display":"","ast-main-header-display":"","ast-hfb-above-header-display":"","ast-hfb-below-header-display":"","ast-hfb-mobile-header-display":"","site-post-title":"","ast-breadcrumbs-content":"","ast-featured-img":"","footer-sml-layout":"","theme-transparent-header-meta":"","adv-header-id-meta":"","stick-header-meta":"","header-above-stick-meta":"","header-main-stick-meta":"","header-below-stick-meta":""},"pwb-brand":[534],"product_cat":[165],"product_tag":[],"class_list":{"0":"post-58709","1":"product","2":"type-product","3":"status-publish","5":"pwb-brand-bosch","6":"product_cat-sytytystulpat","7":"desktop-align-left","8":"tablet-align-left","9":"mobile-align-left","11":"first","12":"instock","13":"product-type-external"},"brands":[{"id":534,"name":"Bosch","slug":"bosch"}],"_links":{"self":[{"href":"https:\/\/www.autonvaraosahaku.fi\/index.php?rest_route=\/wp\/v2\/product\/58709","targetHints":{"allow":["GET"]}}],"collection":[{"href":"https:\/\/www.autonvaraosahaku.fi\/index.php?rest_route=\/wp\/v2\/product"}],"about":[{"href":"https:\/\/www.autonvaraosahaku.fi\/index.php?rest_route=\/wp\/v2\/types\/product"}],"wp:attachment":[{"href":"https:\/\/www.autonvaraosahaku.fi\/index.php?rest_route=%2Fwp%2Fv2%2Fmedia&parent=58709"}],"wp:term":[{"taxonomy":"pwb-brand","embeddable":true,"href":"https:\/\/www.autonvaraosahaku.fi\/index.php?rest_route=%2Fwp%2Fv2%2Fpwb-brand&post=58709"},{"taxonomy":"product_cat","embeddable":true,"href":"https:\/\/www.autonvaraosahaku.fi\/index.php?rest_route=%2Fwp%2Fv2%2Fproduct_cat&post=58709"},{"taxonomy":"product_tag","embeddable":true,"href":"https:\/\/www.autonvaraosahaku.fi\/index.php?rest_route=%2Fwp%2Fv2%2Fproduct_tag&post=58709"}],"curies":[{"name":"wp","href":"https:\/\/api.w.org\/{rel}","templated":true}]}}