{"id":58720,"date":"2021-02-21T18:11:50","date_gmt":"2021-02-21T18:11:50","guid":{"rendered":"https:\/\/www.autonvaraosahaku.fi\/?product=bosch-0-986-452-044-oljynsuodatin"},"modified":"2021-02-21T18:11:53","modified_gmt":"2021-02-21T18:11:53","slug":"bosch-0-986-452-044-oljynsuodatin","status":"publish","type":"product","link":"https:\/\/www.autonvaraosahaku.fi\/?product=bosch-0-986-452-044-oljynsuodatin","title":{"rendered":"Bosch 0 986 452 044 \u00d6ljynsuodatin"},"content":{"rendered":"<p>Suodatintyyppi: Ruuvattava suodatin; Korkeus (mm): 89; Kierremitta: 3\/4 16 UNF; Ulkol\u00e4pimitta [mm]: 77,5; L\u00e4pimitta 1 [mm]: 61,7; Valmistusvuoteen: 12\/2014; FIAT: SEDICI; TOYOTA: YARIS SCP9_, NSP9_, KSP9_, NCP9_, ZSP9_,YARIS SCP1_, NLP1_, NCP1_,AVENSIS Kombi T25,AURIS NRE15_, ZZE15_, ADE15_, ZRE15_, NDE15_,RAV 4 III ACA3_, ACE_, ALA3_, GSA3_, ZSA3_,RAV 4 II CLA2_, XA2_, ZCA2_, ACA2_,COROLLA ZZE12_, NDE12_, ZDE12_,AVENSIS T25_,YARIS VERSO _NLP2_, _NCP2_,COROLLA Kombi _E12J_, _E12T_,AVENSIS Stufenheck T25,AVENSIS _T22_,AVENSIS Station Wagon _T22_,CELICA ZZT23_,AVENSIS Stufenheck ZRT27, ADT27,PREVIA MCR3_, ACR3_, CLR3_,LAND CRUISER KDJ12_, GRJ12_,HILUX III Pick-up TGN1_, GGN2_, GGN1_, KUN2_, KUN1_,COROLLA Stufenheck _E12J_, _E12T_,AVENSIS Liftback _T22_,LAND CRUISER 90 _J9_,AVENSIS VERSO _CLM2_, _ACM2_,SUPRA JZA70_, GA70_, MA70,MR 2 II SW2_,LAND CRUISER PZJ7_, KZJ7_, HZJ7_, BJ7_, LJ7_, RJ7_,LAND CRUISER 100 UZJ100,CELICA ST20_, AT20_,CELICA Coupe AT18_, ST18_,SUPRA JZA80,LAND CRUISER 150 KDJ15_, GRJ15_,HILUX VI Pick-up _N1_,CAMRY MCV3_, ACV3_, _XV3_,HILUX III Pritsche\/Fahrgestell KUN1_, TGN3_, TGN2_, TGN1_,,CAMRY _CV2_, _XV2_,HILUX V Pick-up LN_, KZN1_, ; SUZUKI: SWIFT III MZ, EZ,JIMNY FJ,SWIFT IV FZ, NZ,GRAND VITARA II JT,SX4 EY, GY,SAMURAI SJ,GRAND VITARA I FT,WAGON R+ MM,IGNIS FH,IGNIS II,SWIFT II Schr\u00e4gheck EA, MA,VITARA ET, TA,VITARA Cabrio ET, TA,LIANA Schr\u00e4gheck,SX4 S-Cross,SJ 413,LIANA ER,KIZASHI FR,BALENO Kombi EG,BALENO EG,SX4 Stufenheck GY,BALENO Schr\u00e4gheck EG,SJ 410 Cabrio,SJ 410,X-90 EL,WAGON R,SWIFT II Stufenheck AH, AJ,VITARA LY,GRAND VITARA I Cabriolet GT,JIMNY Gel\u00e4ndewagen offen SN,SAMURAI Gel\u00e4ndewagen offen SJ; MINI: MINI R50, R53; SUBARU: JUSTY III G3X; LEXUS: RX MHU3_, GSU3_, MCU3_,IS I JCE1_, GXE1_,GS GRS19_, UZS19_, GWS19_,GS UZS161, JZS160,IS SportCross,RX MCU15,LS UCF20,SC UZZ40_,LS UCF30,GS JZS147,LX UZJ100,GX _J12_,ES F1, F2,ES MCV_, VZV_; CHERY: COWIN; 12H3274, 11420306483, 11427791059, 4801012010, 04105409, 05057957, 4105409, 5057957, 1560187705000, 04105409, 05057957, 4105409, 5057957, 4160703, 59030255, 74434793, 74434794, 74446335, 89FF6714A1C, 89FF6714A2A, 89FF6714A2B, 89FF6714A2C, 89FF6714A2E, EFL344, 25011520, 04105409, 4105409, 9091503002, 9091520001, 9091520002, 9091520003, 9091520004, 90915TB001, 90915YZZD1, 90915YZZJ4, 11420306483, 11427791059, 4105409, 8548979, 8558238, 855823800, 8559611, 9144445, 0012000009, 0012000014, 0415203002, 0415264010, 0892202004, 0892202010, 0892202011, 0909153002, 1150101301, 1560176009, 156017600971, 9091503002, 9091503005, 9091520001, 9091520002, 9091520003, 9091520004, 909153002, 9091533021, 90915TB001, 90915Y22D2, 90915YZZB3, 90915YZZD1, 90915YZZD2, 90915YZZD4, 90915YZZJ3, 90915YZZJ4, 418432, 834337, J9091520001<\/p>\n","protected":false},"excerpt":{"rendered":"<p>BOSCH \u00d6ljynsuodatin 0 986 452 044  FIAT,TOYOTA,SUZUKI,SEDICI,YARIS SCP9_, NSP9_, KSP9_, NCP9_, ZSP9_,YARIS SCP1_, NLP1_, NCP1_,AVENSIS Kombi T25<\/p>\n","protected":false},"featured_media":0,"template":"","meta":{"site-sidebar-layout":"default","site-content-layout":"default","ast-global-header-display":"","ast-main-header-display":"","ast-hfb-above-header-display":"","ast-hfb-below-header-display":"","ast-hfb-mobile-header-display":"","site-post-title":"","ast-breadcrumbs-content":"","ast-featured-img":"","footer-sml-layout":"","theme-transparent-header-meta":"","adv-header-id-meta":"","stick-header-meta":"","header-above-stick-meta":"","header-main-stick-meta":"","header-below-stick-meta":""},"pwb-brand":[534],"product_cat":[30],"product_tag":[],"class_list":{"0":"post-58720","1":"product","2":"type-product","3":"status-publish","5":"pwb-brand-bosch","6":"product_cat-oljynsuodatin","7":"desktop-align-left","8":"tablet-align-left","9":"mobile-align-left","11":"first","12":"instock","13":"product-type-external"},"brands":[{"id":534,"name":"Bosch","slug":"bosch"}],"_links":{"self":[{"href":"https:\/\/www.autonvaraosahaku.fi\/index.php?rest_route=\/wp\/v2\/product\/58720","targetHints":{"allow":["GET"]}}],"collection":[{"href":"https:\/\/www.autonvaraosahaku.fi\/index.php?rest_route=\/wp\/v2\/product"}],"about":[{"href":"https:\/\/www.autonvaraosahaku.fi\/index.php?rest_route=\/wp\/v2\/types\/product"}],"wp:attachment":[{"href":"https:\/\/www.autonvaraosahaku.fi\/index.php?rest_route=%2Fwp%2Fv2%2Fmedia&parent=58720"}],"wp:term":[{"taxonomy":"pwb-brand","embeddable":true,"href":"https:\/\/www.autonvaraosahaku.fi\/index.php?rest_route=%2Fwp%2Fv2%2Fpwb-brand&post=58720"},{"taxonomy":"product_cat","embeddable":true,"href":"https:\/\/www.autonvaraosahaku.fi\/index.php?rest_route=%2Fwp%2Fv2%2Fproduct_cat&post=58720"},{"taxonomy":"product_tag","embeddable":true,"href":"https:\/\/www.autonvaraosahaku.fi\/index.php?rest_route=%2Fwp%2Fv2%2Fproduct_tag&post=58720"}],"curies":[{"name":"wp","href":"https:\/\/api.w.org\/{rel}","templated":true}]}}