{"id":58737,"date":"2021-02-21T18:11:54","date_gmt":"2021-02-21T18:11:54","guid":{"rendered":"https:\/\/www.autonvaraosahaku.fi\/?product=bosch-0-242-145-510-sytytystulpat"},"modified":"2021-02-21T18:11:57","modified_gmt":"2021-02-21T18:11:57","slug":"bosch-0-242-145-510-sytytystulpat","status":"publish","type":"product","link":"https:\/\/www.autonvaraosahaku.fi\/?product=bosch-0-242-145-510-sytytystulpat","title":{"rendered":"Bosch 0 242 145 510 Sytytystulpat"},"content":{"rendered":"<p>K\u00e4rkiv\u00e4li (mm): 0,7; Kiristysmomentti: 23; Kiristyskulma [Grad]: 90; Ulkokierre [mm]: 12; Kierrenousu (mm): 1,25; Kierteen pituus (mm): 26,5; Avainv\u00e4li: 16; Kipin\u00e4et\u00e4isyys [mm]: 4; Napojen m\u00e4\u00e4r\u00e4: 1; Polttoaine: CNG\/LPG; MERCEDES-BENZ: C-CLASS W203,E-CLASS W211,C-CLASS W204,C-CLASS T-Model S204,C-CLASS T-Model S203,E-CLASS T-Model S211,E-CLASS W212,M-CLASS W164,C-CLASS Coupe CL203,E-CLASS T-Model S212,SLK R171,CLK C209,SPRINTER 3,5-t Kasten 906,S-CLASS W221,CLS C219,SL R230,R-CLASS W251, V251,G-CLASS W463,E-CLASS Coupe C207,CLK Cabriolet A209,C-CLASS Coupe C204,SPRINTER 3,5-t Bus 906,SPRINTER 3-t Kasten 906,SLK R172,E-CLASS Cabriolet A207,CLC-CLASS CL203,GL-CLASS X164,SPRINTER 3,5-t Pritsche\/Fahrgestell 906,S-CLASS Coupe C216,SPRINTER 3-t Bus 906,SPRINTER 5-t Kasten 906,SPRINTER 5-t Pritsche\/Fahrgestell 906,G-CLASS Cabrio W463,SPRINTER 3-t Pritsche\/Fahrgestell 906; KIA: CEE&#8217;D JD,CEE`D Sportswagon JD,PRO CEE\u00b4D JD,RIO IV YB,CEE&#8217;D Combi Van JD,PICANTO JA,STONIC YB; LANCIA: YPSILON 312, 846; HYUNDAI: i20 GB,i30 PDE,i30 Kombi PDE,i20 ACTIVE GB,i20 Coupe,KONA OS,i30 FASTBACK PDE; ALFA ROMEO: MITO 955; FIAT: 500 312,500 C 312,PUNTO 199,PANDA 312,500L,PUNTO Van 199,PANDA VAN 312; 55242187, 55242187, 1886808115, 1886808115, 55242187; Tulpat,Sytytystulppa<\/p>\n","protected":false},"excerpt":{"rendered":"<p>BOSCH Sytytystulpat 0 242 145 510 Tulpat,Sytytystulppa MERCEDES-BENZ,KIA,LANCIA,C-CLASS W203,E-CLASS W211,C-CLASS W204,C-CLASS T-Model S204<\/p>\n","protected":false},"featured_media":0,"template":"","meta":{"site-sidebar-layout":"default","site-content-layout":"default","ast-global-header-display":"","ast-main-header-display":"","ast-hfb-above-header-display":"","ast-hfb-below-header-display":"","ast-hfb-mobile-header-display":"","site-post-title":"","ast-breadcrumbs-content":"","ast-featured-img":"","footer-sml-layout":"","theme-transparent-header-meta":"","adv-header-id-meta":"","stick-header-meta":"","header-above-stick-meta":"","header-main-stick-meta":"","header-below-stick-meta":""},"pwb-brand":[534],"product_cat":[165],"product_tag":[],"class_list":{"0":"post-58737","1":"product","2":"type-product","3":"status-publish","5":"pwb-brand-bosch","6":"product_cat-sytytystulpat","7":"desktop-align-left","8":"tablet-align-left","9":"mobile-align-left","11":"first","12":"instock","13":"product-type-external"},"brands":[{"id":534,"name":"Bosch","slug":"bosch"}],"_links":{"self":[{"href":"https:\/\/www.autonvaraosahaku.fi\/index.php?rest_route=\/wp\/v2\/product\/58737","targetHints":{"allow":["GET"]}}],"collection":[{"href":"https:\/\/www.autonvaraosahaku.fi\/index.php?rest_route=\/wp\/v2\/product"}],"about":[{"href":"https:\/\/www.autonvaraosahaku.fi\/index.php?rest_route=\/wp\/v2\/types\/product"}],"wp:attachment":[{"href":"https:\/\/www.autonvaraosahaku.fi\/index.php?rest_route=%2Fwp%2Fv2%2Fmedia&parent=58737"}],"wp:term":[{"taxonomy":"pwb-brand","embeddable":true,"href":"https:\/\/www.autonvaraosahaku.fi\/index.php?rest_route=%2Fwp%2Fv2%2Fpwb-brand&post=58737"},{"taxonomy":"product_cat","embeddable":true,"href":"https:\/\/www.autonvaraosahaku.fi\/index.php?rest_route=%2Fwp%2Fv2%2Fproduct_cat&post=58737"},{"taxonomy":"product_tag","embeddable":true,"href":"https:\/\/www.autonvaraosahaku.fi\/index.php?rest_route=%2Fwp%2Fv2%2Fproduct_tag&post=58737"}],"curies":[{"name":"wp","href":"https:\/\/api.w.org\/{rel}","templated":true}]}}