{"id":58838,"date":"2021-02-21T18:12:19","date_gmt":"2021-02-21T18:12:19","guid":{"rendered":"https:\/\/www.autonvaraosahaku.fi\/?product=bosch-0-242-225-599-sytytystulpat"},"modified":"2021-02-21T18:12:22","modified_gmt":"2021-02-21T18:12:22","slug":"bosch-0-242-225-599-sytytystulpat","status":"publish","type":"product","link":"https:\/\/www.autonvaraosahaku.fi\/?product=bosch-0-242-225-599-sytytystulpat","title":{"rendered":"Bosch 0 242 225 599 Sytytystulpat"},"content":{"rendered":"<p>K\u00e4rkiv\u00e4li (mm): 0,8; Kiristysmomentti: 28; Kiristyskulma [Grad]: 90; Ulkokierre [mm]: 14; Kierrenousu (mm): 1,25; Kierteen pituus (mm): 19; Avainv\u00e4li: 20,8; Kipin\u00e4et\u00e4isyys [mm]: 3; Napojen m\u00e4\u00e4r\u00e4: 1; Valmistusvuosi alkaen: 09\/1979; NISSAN: PICK UP D21,NAVARA Pick-up D21,NAVARA Pritsche\/Fahrgestell D21,URVAN Bus E24,URVAN Kasten E24; LADA: NIVA 2121,SAMARA 2108, 2109, 2115, 2113, 2114,NOVA Kombi 2104,SAMARA Stufenheck 21099, 2115; SEAT: MARBELLA 28,MARBELLA Kasten 028A; MERCEDES-BENZ: SL R107,Stufenheck W123,S-CLASS W126,COUPE C123,S-CLASS W116,S-CLASS Coupe C126; LAND ROVER: DEFENDER Station Wagon LD,RANGE ROVER II LP,DEFENDER Pick-up LD_,DEFENDER Cabrio LD,DISCOVERY I LJ, LG,RANGE ROVER I AE, AN, HAA, HAB, HAM, HBM, RE, RN; CHRYSLER: LE BARON Cabriolet,LE BARON Coupe,LE BARON Stufenheck; TOYOTA: LAND CRUISER PZJ7_, KZJ7_, HZJ7_, BJ7_, LJ7_, RJ7_,LAND CRUISER _J4_,LAND CRUISER _J6_,LAND CRUISER Pick-up _J4_,COROLLA KE,CROWN Stufenheck _S1_,COROLLA _E7_,STARLET KP6_,COROLLA Combi KE,STARLET Station Wagon KP6_; BMW: 3 E21; VOLVO: 340-360 343, 345,340-360 Stufenheck 344; DAIHATSU: CHARMANT A; 12121269333, 65P, 9004851121000, 9091901065000, 9091901106000, 7507835, 5099877, 7507835, 0021592503, 0021592603, 0021592903, 0021593003, 0021593103, 0021595903, 0031591003, 0031592703, 0031594703, A0021592503, A0021592603, A0021592903, A0021593003, A0021593103, A0021595903, A0031591003, A0031592703, A0031594703, 22401F2000, 22401V1414, 22401W8914, 91143779, 7700500012, 7700659130, 7700692427, 7700725302, 7700742444, 7700859967, 9091901056, 9091901065, 9091901103, 91143779, VSP110, 0003982575, 029000036B, 101000005AF, N01781147, N01781163, N01781245; Tulpat,Sytytystulppa<\/p>\n","protected":false},"excerpt":{"rendered":"<p>BOSCH Sytytystulpat 0 242 225 599 Tulpat,Sytytystulppa NISSAN,LADA,SEAT,PICK UP D21,NAVARA Pick-up D21,NAVARA Pritsche\/Fahrgestell D21,URVAN Bus E24<\/p>\n","protected":false},"featured_media":0,"template":"","meta":{"site-sidebar-layout":"default","site-content-layout":"default","ast-global-header-display":"","ast-main-header-display":"","ast-hfb-above-header-display":"","ast-hfb-below-header-display":"","ast-hfb-mobile-header-display":"","site-post-title":"","ast-breadcrumbs-content":"","ast-featured-img":"","footer-sml-layout":"","theme-transparent-header-meta":"","adv-header-id-meta":"","stick-header-meta":"","header-above-stick-meta":"","header-main-stick-meta":"","header-below-stick-meta":""},"pwb-brand":[534],"product_cat":[165],"product_tag":[],"class_list":{"0":"post-58838","1":"product","2":"type-product","3":"status-publish","5":"pwb-brand-bosch","6":"product_cat-sytytystulpat","7":"desktop-align-left","8":"tablet-align-left","9":"mobile-align-left","11":"first","12":"instock","13":"product-type-external"},"brands":[{"id":534,"name":"Bosch","slug":"bosch"}],"_links":{"self":[{"href":"https:\/\/www.autonvaraosahaku.fi\/index.php?rest_route=\/wp\/v2\/product\/58838","targetHints":{"allow":["GET"]}}],"collection":[{"href":"https:\/\/www.autonvaraosahaku.fi\/index.php?rest_route=\/wp\/v2\/product"}],"about":[{"href":"https:\/\/www.autonvaraosahaku.fi\/index.php?rest_route=\/wp\/v2\/types\/product"}],"wp:attachment":[{"href":"https:\/\/www.autonvaraosahaku.fi\/index.php?rest_route=%2Fwp%2Fv2%2Fmedia&parent=58838"}],"wp:term":[{"taxonomy":"pwb-brand","embeddable":true,"href":"https:\/\/www.autonvaraosahaku.fi\/index.php?rest_route=%2Fwp%2Fv2%2Fpwb-brand&post=58838"},{"taxonomy":"product_cat","embeddable":true,"href":"https:\/\/www.autonvaraosahaku.fi\/index.php?rest_route=%2Fwp%2Fv2%2Fproduct_cat&post=58838"},{"taxonomy":"product_tag","embeddable":true,"href":"https:\/\/www.autonvaraosahaku.fi\/index.php?rest_route=%2Fwp%2Fv2%2Fproduct_tag&post=58838"}],"curies":[{"name":"wp","href":"https:\/\/api.w.org\/{rel}","templated":true}]}}