{"id":58858,"date":"2021-02-21T18:12:23","date_gmt":"2021-02-21T18:12:23","guid":{"rendered":"https:\/\/www.autonvaraosahaku.fi\/?product=bosch-0-242-245-571-sytytystulpat"},"modified":"2021-02-21T18:12:27","modified_gmt":"2021-02-21T18:12:27","slug":"bosch-0-242-245-571-sytytystulpat","status":"publish","type":"product","link":"https:\/\/www.autonvaraosahaku.fi\/?product=bosch-0-242-245-571-sytytystulpat","title":{"rendered":"Bosch 0 242 245 571 Sytytystulpat"},"content":{"rendered":"<p>K\u00e4rkiv\u00e4li (mm): 0,7; Kiristysmomentti: 28; Kiristyskulma [Grad]: 90; Ulkokierre [mm]: 14; Kierrenousu (mm): 1,25; Kierteen pituus (mm): 19; Avainv\u00e4li: 16; Kipin\u00e4et\u00e4isyys [mm]: 4; Napojen m\u00e4\u00e4r\u00e4: 1; Polttoaine: CNG\/LPG; AUDI: A6 Avant 4B5, C5,80 8C, B4,A6 4B2, C5,CABRIOLET 8G7, B4,100 4A, C4,A8 4D2, 4D8,80 Avant 8C, B4,A6 Avant 4A, C4,A6 4A, C4,COUPE 89, 8B,100 Avant 4A, C4; NISSAN: 200 SX S13,200 SX S14,MAXIMA QX A33,MAXIMA QX A32,SKYLINE Coupe R34,SUNNY II Hatchback N13,BLUEBIRD T72 , T12,SKYLINE Coupe R32,BLUEBIRD Hatchback T72, T12,180 SX Coupe S13,200 SX S15,MAXIMA Station Wagon; SUZUKI: SWIFT III MZ, EZ,GRAND VITARA II JT,SX4 EY, GY,GRAND VITARA I FT,WAGON R+ MM,IGNIS FH,IGNIS II,SX4 Stufenheck GY,WAGON R; SEAT: IBIZA II 6K1,CORDOBA 6K1, 6K2; HONDA: CIVIC VIII Hatchback FN, FK,CR-V III RE,CIVIC VII Hatchback EU, EP, EV,ACCORD VII CL,FR-V BE,ACCORD VII Tourer CM,CIVIC VIII Stufenheck FD, FA,S2000 AP,INTEGRA Coupe DC2, DC4,LEGEND III KA9,LEGEND IV KB_,CIVIC IV Stufenheck ED,ODYSSEY RB_,ELEMENT,NSX Cabriolet NA,CITY Stufenheck GM; LEXUS: IS I JCE1_, GXE1_,IS SportCross,LS UCF20; MINI: MINI R50, R53,MINI Cabriolet R52; SUBARU: FORESTER SF,IMPREZA Stufenheck GD,IMPREZA Station Wagon GG,IMPREZA Stufenheck GC,LEGACY II Station Wagon BD, BG,IMPREZA Station Wagon GF,LEGACY IV BL, BP,LEGACY III BE, BH,SVX CX,LEGACY I Station Wagon BC, BJF,LEGACY II BD, BG,IMPREZA Coupe GFC,LEGACY I BC,LEGACY OUTBACK BG; LANCIA: THESIS 841AX,LYBRA SW 839BX,KAPPA 838A,LYBRA 839AX,DELTA II 836,KAPPA SW 838B,KAPPA Coupe 838,DEDRA 835,DEDRA SW 835; OPEL: ZAFIRA B A05,ASTRA H L48,VECTRA C Caravan,ASTRA H GTC L08,SIGNUM,VECTRA C,VECTRA C GTS; Tulpat,Sytytystulppa<\/p>\n","protected":false},"excerpt":{"rendered":"<p>BOSCH Sytytystulpat 0 242 245 571 Tulpat,Sytytystulppa AUDI,NISSAN,SUZUKI,A6 Avant 4B5, C5,80 8C, B4,A6 4B2, C5,CABRIOLET 8G7, B4,100 4A, C4<\/p>\n","protected":false},"featured_media":0,"template":"","meta":{"site-sidebar-layout":"default","site-content-layout":"default","ast-global-header-display":"","ast-main-header-display":"","ast-hfb-above-header-display":"","ast-hfb-below-header-display":"","ast-hfb-mobile-header-display":"","site-post-title":"","ast-breadcrumbs-content":"","ast-featured-img":"","footer-sml-layout":"","theme-transparent-header-meta":"","adv-header-id-meta":"","stick-header-meta":"","header-above-stick-meta":"","header-main-stick-meta":"","header-below-stick-meta":""},"pwb-brand":[534],"product_cat":[165],"product_tag":[],"class_list":{"0":"post-58858","1":"product","2":"type-product","3":"status-publish","5":"pwb-brand-bosch","6":"product_cat-sytytystulpat","7":"desktop-align-left","8":"tablet-align-left","9":"mobile-align-left","11":"first","12":"instock","13":"product-type-external"},"brands":[{"id":534,"name":"Bosch","slug":"bosch"}],"_links":{"self":[{"href":"https:\/\/www.autonvaraosahaku.fi\/index.php?rest_route=\/wp\/v2\/product\/58858","targetHints":{"allow":["GET"]}}],"collection":[{"href":"https:\/\/www.autonvaraosahaku.fi\/index.php?rest_route=\/wp\/v2\/product"}],"about":[{"href":"https:\/\/www.autonvaraosahaku.fi\/index.php?rest_route=\/wp\/v2\/types\/product"}],"wp:attachment":[{"href":"https:\/\/www.autonvaraosahaku.fi\/index.php?rest_route=%2Fwp%2Fv2%2Fmedia&parent=58858"}],"wp:term":[{"taxonomy":"pwb-brand","embeddable":true,"href":"https:\/\/www.autonvaraosahaku.fi\/index.php?rest_route=%2Fwp%2Fv2%2Fpwb-brand&post=58858"},{"taxonomy":"product_cat","embeddable":true,"href":"https:\/\/www.autonvaraosahaku.fi\/index.php?rest_route=%2Fwp%2Fv2%2Fproduct_cat&post=58858"},{"taxonomy":"product_tag","embeddable":true,"href":"https:\/\/www.autonvaraosahaku.fi\/index.php?rest_route=%2Fwp%2Fv2%2Fproduct_tag&post=58858"}],"curies":[{"name":"wp","href":"https:\/\/api.w.org\/{rel}","templated":true}]}}