{"id":58875,"date":"2021-02-21T18:12:28","date_gmt":"2021-02-21T18:12:28","guid":{"rendered":"https:\/\/www.autonvaraosahaku.fi\/?product=bosch-0-450-906-460-polttoainesuodatin"},"modified":"2021-02-21T18:12:31","modified_gmt":"2021-02-21T18:12:31","slug":"bosch-0-450-906-460-polttoainesuodatin","status":"publish","type":"product","link":"https:\/\/www.autonvaraosahaku.fi\/?product=bosch-0-450-906-460-polttoainesuodatin","title":{"rendered":"Bosch 0 450 906 460 Polttoainesuodatin"},"content":{"rendered":"<p>Suodatintyyppi: Letkusuodatin; L\u00e4pimitta [mm]: 132; Korkeus (mm): 130,5; Sis\u00e4\u00e4ntulol\u00e4pimitta [mm]: 10; Ulostulon l\u00e4pimitta [mm]: 10; TECDOC-moottorinumero: 23542; MAZDA: 2 DY,2 DE; TOYOTA: AYGO WNB1_, KGB1_; FORD: FIESTA V JH_, JD_,FIESTA VI,FUSION JU_,FIESTA V Van,FIESTA VI Van; CITRO\u00cbN: C1 PM_, PN_,C2 JM_,C3 I FC_,C3 II,XSARA N1,C3 Pluriel HB_,XSARA Break N2,XSARA Coupe N0,NEMO Kasten AA_,NEMO Kombi,C2 ENTERPRISE; PEUGEOT: 206 Schr\u00e4gheck 2A\/C,207 WA_, WC_,307 3A\/C,107,206 SW 2E\/K,206+ T3E,307 Break 3E,1007 KM_,207 Stufenheck,206 Stufenheck,BIPPER AA_,BIPPER Tepee,206 Van,207 Van; 190166, 190168, 190170, 190173, 190175, 190182, 190184, 190185, 964178680, 96417896, 9641789680, 9646231080, 1148119, 1152193, 1334772, 1383736, 1383737, 2S6Q9155AA, 2S6Q9155AB, 2S6Q9155AD, 9641789680, 9646231080, 190185, Y40120490, Y40120490A, Y40120490B, Y40120490B9A, Y40220490, Y40520490, Y40520490A, 190166, 190168, 190170, 190173, 190175, 190182, 190184, 190185, 9641789680, 9646231080, SU00100696, SU00100775, SU00100794<\/p>\n","protected":false},"excerpt":{"rendered":"<p>BOSCH Polttoainesuodatin 0 450 906 460  MAZDA,TOYOTA,FORD,2 DY,2 DE,AYGO WNB1_, KGB1_,FIESTA V JH_, JD_,FIESTA VI,FUSION JU_,FIESTA V Van<\/p>\n","protected":false},"featured_media":0,"template":"","meta":{"site-sidebar-layout":"default","site-content-layout":"default","ast-global-header-display":"","ast-main-header-display":"","ast-hfb-above-header-display":"","ast-hfb-below-header-display":"","ast-hfb-mobile-header-display":"","site-post-title":"","ast-breadcrumbs-content":"","ast-featured-img":"","footer-sml-layout":"","theme-transparent-header-meta":"","adv-header-id-meta":"","stick-header-meta":"","header-above-stick-meta":"","header-main-stick-meta":"","header-below-stick-meta":""},"pwb-brand":[534],"product_cat":[29],"product_tag":[],"class_list":{"0":"post-58875","1":"product","2":"type-product","3":"status-publish","5":"pwb-brand-bosch","6":"product_cat-polttoainesuodatin","7":"desktop-align-left","8":"tablet-align-left","9":"mobile-align-left","11":"first","12":"instock","13":"product-type-external"},"brands":[{"id":534,"name":"Bosch","slug":"bosch"}],"_links":{"self":[{"href":"https:\/\/www.autonvaraosahaku.fi\/index.php?rest_route=\/wp\/v2\/product\/58875","targetHints":{"allow":["GET"]}}],"collection":[{"href":"https:\/\/www.autonvaraosahaku.fi\/index.php?rest_route=\/wp\/v2\/product"}],"about":[{"href":"https:\/\/www.autonvaraosahaku.fi\/index.php?rest_route=\/wp\/v2\/types\/product"}],"wp:attachment":[{"href":"https:\/\/www.autonvaraosahaku.fi\/index.php?rest_route=%2Fwp%2Fv2%2Fmedia&parent=58875"}],"wp:term":[{"taxonomy":"pwb-brand","embeddable":true,"href":"https:\/\/www.autonvaraosahaku.fi\/index.php?rest_route=%2Fwp%2Fv2%2Fpwb-brand&post=58875"},{"taxonomy":"product_cat","embeddable":true,"href":"https:\/\/www.autonvaraosahaku.fi\/index.php?rest_route=%2Fwp%2Fv2%2Fproduct_cat&post=58875"},{"taxonomy":"product_tag","embeddable":true,"href":"https:\/\/www.autonvaraosahaku.fi\/index.php?rest_route=%2Fwp%2Fv2%2Fproduct_tag&post=58875"}],"curies":[{"name":"wp","href":"https:\/\/api.w.org\/{rel}","templated":true}]}}