{"id":58879,"date":"2021-02-21T18:12:28","date_gmt":"2021-02-21T18:12:28","guid":{"rendered":"https:\/\/www.autonvaraosahaku.fi\/?product=bosch-0-451-103-259-oljynsuodatin"},"modified":"2021-02-21T18:12:31","modified_gmt":"2021-02-21T18:12:31","slug":"bosch-0-451-103-259-oljynsuodatin","status":"publish","type":"product","link":"https:\/\/www.autonvaraosahaku.fi\/?product=bosch-0-451-103-259-oljynsuodatin","title":{"rendered":"Bosch 0 451 103 259 \u00d6ljynsuodatin"},"content":{"rendered":"<p>Suodatintyyppi: Ruuvattava suodatin; Korkeus (mm): 124; Kierremitta: 3\/4 16 UNF; Ulkol\u00e4pimitta [mm]: 76; L\u00e4pimitta 1 [mm]: 62,5; Valmistusvuoteen: 05\/1988; MAZDA: 2 DY; LADA: NIVA 2121,NIVA II 2123,KALINA Kombi 1117,KALINA Schr\u00e4gheck 1119,110 2110,SAMARA 2108, 2109, 2115, 2113, 2114,PRIORA Kombi 2171,KALINA Stufenheck 1118,GRANTA 2190,PRIORA Schr\u00e4gheck 2172,SAMARA Stufenheck 21099, 2115,GRANTA Schr\u00e4gheck 2191; FORD USA: WINDSTAR A3; CHRYSLER: PT CRUISER PT_,PT CRUISER Cabriolet; FORD: FIESTA V JH_, JD_,FOCUS Kombi DNW,FOCUS DAW, DBW,GALAXY WGR,FIESTA IV JA_, JB_,KA RB_,FOCUS Stufenheck DFW,STREET KA RL2,MONDEO II Kombi BNP,FIESTA III GFJ,TRANSIT Kasten FA_ _,TRANSIT CONNECT P65_, P70_, P80_,TRANSIT Bus FD_ _, FB_ _, FS_ _, FZ_ _, FC_ _,COUGAR EC_,MONDEO II BAP,TOURNEO CONNECT,PUMA EC_,TRANSIT Pritsche\/Fahrgestell FM_ _, FN_ _,ESCORT VII GAL, AAL, ABL,MONDEO II Stufenheck BFP,MONDEO I Kombi BNP,SIERRA GBG, GB4,MONDEO I GBP,ESCORT VII Kombi GAL, ANL,FIESTA V Van,TRANSIT  MK-5 Bus E_ _,ESCORT VII Cabriolet ALL,ESCORT VI Cabriolet ALL,ESCORT VI GAL,SCORPIO II GFR, GGR,SIERRA Schr\u00e4gheck GBC, GBG,TRANSIT Kasten T_ _,TRANSIT MK-5 Pritsche\/Fahrgestell E_ _,SCORPIO I GAE, GGE,ESCORT V Cabriolet ALL,TRANSIT Bus T_ _,MONDEO I Stufenheck GBP,TRANSIT Bus MK-4 E_ _,SIERRA Schr\u00e4gheck GBC,TRANSIT MK-5 Kasten E_ _,TRANSIT MK-4 Pritsche\/Fahrgestell E_ _,SCORPIO II Kombi GNR, GGR,SCORPIO I Stufenheck GGE,ESCORT V GAL,ESCORT VII Stufenheck GAL, AFL,TRANSIT MK-4 K; 04781452AA, 04781452AB, 04781452BB, 4781452AA, 4781452AB, 4781452BB, 04781452AA, 04781452BB, 4781452AA, 4781452BB, 1043147, 1047169, 1066071, 1071746, 1097077, 1119421, 1663050, 1663051, 3652059, 4454116, 6937011, 938M6714A2A, 978M6714A2A, 978M6714A6A, 978M6714B1A, 978M6714B2A, 978M6714B4A, E1FZ6731A, E4FZ6731AB, XS6E6714B1A, XS6E6714D1A, YN2G6714B2A, 04781452AA, 04781452BB, 4781452AA, 4781452BB, 21080101200509, C60114302, 784592<\/p>\n","protected":false},"excerpt":{"rendered":"<p>BOSCH \u00d6ljynsuodatin 0 451 103 259  MAZDA,LADA,FORD USA,2 DY,NIVA 2121,NIVA II 2123,KALINA Kombi 1117,KALINA Schr\u00e4gheck 1119,110 2110<\/p>\n","protected":false},"featured_media":0,"template":"","meta":{"site-sidebar-layout":"default","site-content-layout":"default","ast-global-header-display":"","ast-main-header-display":"","ast-hfb-above-header-display":"","ast-hfb-below-header-display":"","ast-hfb-mobile-header-display":"","site-post-title":"","ast-breadcrumbs-content":"","ast-featured-img":"","footer-sml-layout":"","theme-transparent-header-meta":"","adv-header-id-meta":"","stick-header-meta":"","header-above-stick-meta":"","header-main-stick-meta":"","header-below-stick-meta":""},"pwb-brand":[534],"product_cat":[30],"product_tag":[],"class_list":{"0":"post-58879","1":"product","2":"type-product","3":"status-publish","5":"pwb-brand-bosch","6":"product_cat-oljynsuodatin","7":"desktop-align-left","8":"tablet-align-left","9":"mobile-align-left","11":"first","12":"instock","13":"product-type-external"},"brands":[{"id":534,"name":"Bosch","slug":"bosch"}],"_links":{"self":[{"href":"https:\/\/www.autonvaraosahaku.fi\/index.php?rest_route=\/wp\/v2\/product\/58879","targetHints":{"allow":["GET"]}}],"collection":[{"href":"https:\/\/www.autonvaraosahaku.fi\/index.php?rest_route=\/wp\/v2\/product"}],"about":[{"href":"https:\/\/www.autonvaraosahaku.fi\/index.php?rest_route=\/wp\/v2\/types\/product"}],"wp:attachment":[{"href":"https:\/\/www.autonvaraosahaku.fi\/index.php?rest_route=%2Fwp%2Fv2%2Fmedia&parent=58879"}],"wp:term":[{"taxonomy":"pwb-brand","embeddable":true,"href":"https:\/\/www.autonvaraosahaku.fi\/index.php?rest_route=%2Fwp%2Fv2%2Fpwb-brand&post=58879"},{"taxonomy":"product_cat","embeddable":true,"href":"https:\/\/www.autonvaraosahaku.fi\/index.php?rest_route=%2Fwp%2Fv2%2Fproduct_cat&post=58879"},{"taxonomy":"product_tag","embeddable":true,"href":"https:\/\/www.autonvaraosahaku.fi\/index.php?rest_route=%2Fwp%2Fv2%2Fproduct_tag&post=58879"}],"curies":[{"name":"wp","href":"https:\/\/api.w.org\/{rel}","templated":true}]}}