{"id":58886,"date":"2021-02-21T18:12:33","date_gmt":"2021-02-21T18:12:33","guid":{"rendered":"https:\/\/www.autonvaraosahaku.fi\/?product=bosch-0-242-236-578-sytytystulpat"},"modified":"2021-02-21T18:12:34","modified_gmt":"2021-02-21T18:12:34","slug":"bosch-0-242-236-578-sytytystulpat","status":"publish","type":"product","link":"https:\/\/www.autonvaraosahaku.fi\/?product=bosch-0-242-236-578-sytytystulpat","title":{"rendered":"Bosch 0 242 236 578 Sytytystulpat"},"content":{"rendered":"<p>K\u00e4rkiv\u00e4li (mm): 0,7; Kiristysmomentti: 28; Kiristyskulma [Grad]: 90; Ulkokierre [mm]: 14; Kierrenousu (mm): 1,25; Kierteen pituus (mm): 26,5; Avainv\u00e4li: 16; Kipin\u00e4et\u00e4isyys [mm]: 4; Napojen m\u00e4\u00e4r\u00e4: 1; TECDOC-moottorinumero: 39159; NISSAN: MICRA III K12,X-TRAIL T30,NOTE E11,ALMERA TINO V10,ALMERA II Hatchback N16,NAVARA D40,PRIMERA P11,PRIMERA Kombi WP12,PRIMERA P12,350 Z Z33,MICRA C+C K12,MURANO Z50,PRIMERA Hatchback P12,PATROL GR II Wagon Y61,ALMERA Mk II N16,ALMERA Classic B10,PATROL III Y62,SKYLINE V35,PATROL Pick-up,SERENA C24,TEANA I J31; KIA: SPORTAGE SL,SORENTO II XM,MAGENTIS MG,OPTIMA,CERATO II Stufenheck TD,CERATO YD Stufenheck,CERATO KOUP TD; LANCIA: PHEDRA 179,ZETA 220; TOYOTA: AYGO WNB1_, KGB1_; HYUNDAI: ix35 LM, EL, ELH,SANTA F\u00c9 II CM,SONATA V NF,SONATA VI YF,GRANDEUR HG; RENAULT: ESPACE IV JK0\/1_,LAGUNA II Grandtour KG0\/1_,LAGUNA II BG0\/1_,MEGANE I Cabriolet EA0\/1_,MEGANE I Coach DA0\/1_,VEL SATIS BJ0_; FIAT: ULYSSE 179AX,ULYSSE 220,SCUDO Kasten 220L,SCUDO Combinato 220P; CITRO\u00cbN: C1 PM_, PN_,BERLINGO MF,XSARA PICASSO N68,C2 JM_,C3 I FC_,BERLINGO B9,C5 III Break TD_,C4 Picasso I UD_,C4 Grand Picasso I UA_,C8 EA_, EB_,C4 I LC_,BERLINGO Kasten M_,C5 II Break RE_,C5 I DC_,C5 I Break DE_,C5 III RD_,XSARA N1,C4 Coupe LA_,C3 Pluriel HB_,C5 II RC_,XSARA Break N2,JUMPY,BERLINGO Kasten B9,JUMPY Kasten,XSARA Coupe N0,EVASION 22, U6,C4 Stufenheck L,JUMPY U6U,JUMPY Kasten BS_, BT_, BY_, BZ_,JUMPY Pritsche\/Fahrgestell BU_, BV_, BW_, BX_,C-ELYSEE,C3 III SX; PEUGEOT: 206 Schr\u00e4gheck 2A\/C,206 CC 2D,207 WA_, WC_,307 SW 3H,307 CC 3B,407 SW 6E_,307 3A\/C,107,206 SW 2E\/K,807 E,308 4A_, 4C_,307 Break 3E,607 9D, 9U,407 6D_,406 Break 8E\/F,PARTNER Tepee,1007 KM_,PARTNER Combispace 5F,PARTNER Kasten 5,406 Coupe 8C,406 8B,806 221,407 Coupe 6C_,EXPERT Tepee VF3V_,EXPERT Kasten VF3A_, VF3U_, VF3X_,307 Stufenheck,PARTNER Kasten,207 Stufenheck,EXPERT Kasten 222,206 Stufenheck,308 II,206 Van,EXPERT 224,405 II 4B,301,308 SW II,408; Tulpat,Sytytystulppa<\/p>\n","protected":false},"excerpt":{"rendered":"<p>BOSCH Sytytystulpat 0 242 236 578 Tulpat,Sytytystulppa NISSAN,KIA,LANCIA,MICRA III K12,X-TRAIL T30,NOTE E11,ALMERA TINO V10,ALMERA II Hatchback N16<\/p>\n","protected":false},"featured_media":0,"template":"","meta":{"site-sidebar-layout":"default","site-content-layout":"default","ast-global-header-display":"","ast-main-header-display":"","ast-hfb-above-header-display":"","ast-hfb-below-header-display":"","ast-hfb-mobile-header-display":"","site-post-title":"","ast-breadcrumbs-content":"","ast-featured-img":"","footer-sml-layout":"","theme-transparent-header-meta":"","adv-header-id-meta":"","stick-header-meta":"","header-above-stick-meta":"","header-main-stick-meta":"","header-below-stick-meta":""},"pwb-brand":[534],"product_cat":[165],"product_tag":[],"class_list":{"0":"post-58886","1":"product","2":"type-product","3":"status-publish","5":"pwb-brand-bosch","6":"product_cat-sytytystulpat","7":"desktop-align-left","8":"tablet-align-left","9":"mobile-align-left","11":"first","12":"instock","13":"product-type-external"},"brands":[{"id":534,"name":"Bosch","slug":"bosch"}],"_links":{"self":[{"href":"https:\/\/www.autonvaraosahaku.fi\/index.php?rest_route=\/wp\/v2\/product\/58886","targetHints":{"allow":["GET"]}}],"collection":[{"href":"https:\/\/www.autonvaraosahaku.fi\/index.php?rest_route=\/wp\/v2\/product"}],"about":[{"href":"https:\/\/www.autonvaraosahaku.fi\/index.php?rest_route=\/wp\/v2\/types\/product"}],"wp:attachment":[{"href":"https:\/\/www.autonvaraosahaku.fi\/index.php?rest_route=%2Fwp%2Fv2%2Fmedia&parent=58886"}],"wp:term":[{"taxonomy":"pwb-brand","embeddable":true,"href":"https:\/\/www.autonvaraosahaku.fi\/index.php?rest_route=%2Fwp%2Fv2%2Fpwb-brand&post=58886"},{"taxonomy":"product_cat","embeddable":true,"href":"https:\/\/www.autonvaraosahaku.fi\/index.php?rest_route=%2Fwp%2Fv2%2Fproduct_cat&post=58886"},{"taxonomy":"product_tag","embeddable":true,"href":"https:\/\/www.autonvaraosahaku.fi\/index.php?rest_route=%2Fwp%2Fv2%2Fproduct_tag&post=58886"}],"curies":[{"name":"wp","href":"https:\/\/api.w.org\/{rel}","templated":true}]}}