{"id":58934,"date":"2021-02-21T18:12:43","date_gmt":"2021-02-21T18:12:43","guid":{"rendered":"https:\/\/www.autonvaraosahaku.fi\/?product=bosch-0-242-229-576-sytytystulpat"},"modified":"2021-02-21T18:12:45","modified_gmt":"2021-02-21T18:12:45","slug":"bosch-0-242-229-576-sytytystulpat","status":"publish","type":"product","link":"https:\/\/www.autonvaraosahaku.fi\/?product=bosch-0-242-229-576-sytytystulpat","title":{"rendered":"Bosch 0 242 229 576 Sytytystulpat"},"content":{"rendered":"<p>K\u00e4rkiv\u00e4li (mm): 1,1; Kiristysmomentti: 28; Kiristyskulma [Grad]: 90; Ulkokierre [mm]: 14; Kierrenousu (mm): 1,25; Kierteen pituus (mm): 19; Avainv\u00e4li: 16; Kipin\u00e4et\u00e4isyys [mm]: 5; Napojen m\u00e4\u00e4r\u00e4: 1; Valmistusvuoteen: 08\/1997; MAZDA: 929 III HC,B-SERIE UF,MPV I LV,B-SERIE Pritsche\/Fahrgestell UF; JEEP: GRAND CHEROKEE III WH, WK,GRAND CHEROKEE II WJ, WG,COMPASS MK49,GRAND CHEROKEE I ZJ,COMMANDER XK,PATRIOT MK74; KIA: CEE&#8217;D SW ED,CEE&#8217;D Schr\u00e4gheck ED,PRO CEE&#8217;D ED,SOUL AM,CERATO LD,CERATO Stufenheck LD; HONDA: ACCORD VI CG, CK,CIVIC VI Fastback MA, MB,CIVIC VI Aerodeck MB, MC,CR-V I RD,CIVIC V Hatchback EG,PRELUDE V BB,ACCORD VI Coupe CG,ACCORD V CE, CF,CIVIC VI Stufenheck EJ, EK,PRELUDE IV BB,CIVIC VI Coupe EJ, EM1,SHUTTLE RA,CIVIC V Coupe EJ,ACCORD IV CB,ACCORD V Aerodeck CE,ACCORD V CC, CD,ACCORD IV Aerodeck CB,ACCORD IV Coupe CB, CC,ODYSSEY RA_,PILOT YF1,INTEGRA DA; FORD USA: PROBE II ECP,PROBE I; CHRYSLER: SEBRING JR,SEBRING JS,SEBRING Cabriolet JS; DODGE: CALIBER,JOURNEY,AVENGER,DURANGO HB,DURANGO DN; SP00ZFR5AP, SP0ZFR5F11, SPRC12MCC4, SP00ZFR5AP, SP0ZFR5F11, SPRC12MCC4, 3588254, AGSP33C, 980795514G, SP00ZFR5AP, SP0ZFR5F11, SPRC12MCC4, 0K5581811, F20318110, HM483QSJX073, MD362097; Tulpat,Sytytystulppa<\/p>\n","protected":false},"excerpt":{"rendered":"<p>BOSCH Sytytystulpat 0 242 229 576 Tulpat,Sytytystulppa MAZDA,JEEP,KIA,929 III HC,B-SERIE UF,MPV I LV,B-SERIE Pritsche\/Fahrgestell UF<\/p>\n","protected":false},"featured_media":0,"template":"","meta":{"site-sidebar-layout":"default","site-content-layout":"default","ast-global-header-display":"","ast-main-header-display":"","ast-hfb-above-header-display":"","ast-hfb-below-header-display":"","ast-hfb-mobile-header-display":"","site-post-title":"","ast-breadcrumbs-content":"","ast-featured-img":"","footer-sml-layout":"","theme-transparent-header-meta":"","adv-header-id-meta":"","stick-header-meta":"","header-above-stick-meta":"","header-main-stick-meta":"","header-below-stick-meta":""},"pwb-brand":[534],"product_cat":[165],"product_tag":[],"class_list":{"0":"post-58934","1":"product","2":"type-product","3":"status-publish","5":"pwb-brand-bosch","6":"product_cat-sytytystulpat","7":"desktop-align-left","8":"tablet-align-left","9":"mobile-align-left","11":"first","12":"instock","13":"product-type-external"},"brands":[{"id":534,"name":"Bosch","slug":"bosch"}],"_links":{"self":[{"href":"https:\/\/www.autonvaraosahaku.fi\/index.php?rest_route=\/wp\/v2\/product\/58934","targetHints":{"allow":["GET"]}}],"collection":[{"href":"https:\/\/www.autonvaraosahaku.fi\/index.php?rest_route=\/wp\/v2\/product"}],"about":[{"href":"https:\/\/www.autonvaraosahaku.fi\/index.php?rest_route=\/wp\/v2\/types\/product"}],"wp:attachment":[{"href":"https:\/\/www.autonvaraosahaku.fi\/index.php?rest_route=%2Fwp%2Fv2%2Fmedia&parent=58934"}],"wp:term":[{"taxonomy":"pwb-brand","embeddable":true,"href":"https:\/\/www.autonvaraosahaku.fi\/index.php?rest_route=%2Fwp%2Fv2%2Fpwb-brand&post=58934"},{"taxonomy":"product_cat","embeddable":true,"href":"https:\/\/www.autonvaraosahaku.fi\/index.php?rest_route=%2Fwp%2Fv2%2Fproduct_cat&post=58934"},{"taxonomy":"product_tag","embeddable":true,"href":"https:\/\/www.autonvaraosahaku.fi\/index.php?rest_route=%2Fwp%2Fv2%2Fproduct_tag&post=58934"}],"curies":[{"name":"wp","href":"https:\/\/api.w.org\/{rel}","templated":true}]}}