{"id":58964,"date":"2021-02-21T18:12:52","date_gmt":"2021-02-21T18:12:52","guid":{"rendered":"https:\/\/www.autonvaraosahaku.fi\/?product=bosch-1-457-434-201-polttoainesuodatin"},"modified":"2021-02-21T18:12:53","modified_gmt":"2021-02-21T18:12:53","slug":"bosch-1-457-434-201-polttoainesuodatin","status":"publish","type":"product","link":"https:\/\/www.autonvaraosahaku.fi\/?product=bosch-1-457-434-201-polttoainesuodatin","title":{"rendered":"Bosch 1 457 434 201 Polttoainesuodatin"},"content":{"rendered":"<p>Suodatintyyppi: Ruuvattava suodatin, Suodatinpanos; L\u00e4pimitta [mm]: 88; Sis\u00e4l\u00e4pimitta 1 [mm]: 19; Ulkol\u00e4pimitta 1 [mm]: 85; Sis\u00e4l\u00e4pimitta 2 [mm]: 25; Korkeus (mm): 71,8; Valmistusvuosi alkaen: 06\/1986; VW: LT 28-35 I Kasten 281-363,LT 28-35 I Pritsche\/Fahrgestell 281-363,JETTA I 16; SEAT: IBIZA I 021A,MALAGA 023A,131,RONDA 022A; IVECO: DAILY II Pritsche\/Fahrgestell,DAILY II Kasten\/Kombi,DAILY I Pritsche\/Fahrgestell,DAILY I Kasten\/Kombi,DAILY II Kipper,M,ZETA; LAND ROVER: DEFENDER Station Wagon LD,DEFENDER Cabrio LD,90\/110 DHMC,88\/109,88\/109 Hardtop; VOLVO: 440 K 445,460 L 464,F4; SUZUKI: SAMURAI SJ,VITARA ET, TA,VITARA Cabrio ET, TA,BALENO Kombi EG,BALENO EG,BALENO Schr\u00e4gheck EG,SAMURAI Gel\u00e4ndewagen offen SJ; FORD: FIESTA IV JA_, JB_,MONDEO II Kombi BNP,FIESTA III GFJ,MONDEO II BAP,ESCORT VII GAL, AAL, ABL,MONDEO II Stufenheck BFP,MONDEO I Kombi BNP,MONDEO I GBP,ESCORT VII Kombi GAL, ANL,ESCORT VII Cabriolet ALL,ESCORT VI GAL,SCORPIO II GFR, GGR,ESCORT IV GAF, AWF, ABFT,FIESTA II FBD,TRANSIT Bus V_ _,SCORPIO I GAE, GGE,MONDEO I Stufenheck GBP,ESCORT &#8217;95 Express AVL,FIESTA Kasten J5_, J3_,SCORPIO II Kombi GNR, GGR,SCORPIO I Stufenheck GGE,TRANSIT Kasten V_ _,TRANSIT Pritsche\/Fahrgestell V_ _,ESCORT V GAL,ESCORT VII Stufenheck GAL, AFL,FIESTA Kasten JV_,ESCORT VI Kombi GAL,ESCORT CLASSIC AAL, ABL,ESCORT CLASSIC Turnier ANL,ESCORT VI Stufenheck GAL,SCORPIO I Kombi GGE,FIESTA Kasten FVD,ORION II AFF,ESCORT IV Kombi AWF, AVF,ESCORT &#8217;86 Express AVF,ESCORT V Kombi GAL, AVL,ESCORT &#8217;91 Express AVL,ORION III GAL,6000-Serie,Cargo; FIAT: DUCATO Pritsche\/Fahrgestell 230,DUCATO Bus 230,DUCATO Kasten 230L,DUCATO Kasten 280,DUCATO Pritsche\/Fahrgestell 280,DUCATO Panorama 280,131,132,CAMPAGNOLA,ARGENTA 132A,131 Familiare\/Panorama,Series 100,Series 110,Series 130,Series 300,Series 50,Series 55,Series 65,Series 75,Series 80,Series 90; CITRO\u00cbN: BERLINGO MF,BERLINGO Kasten M_,C5 I DC_,C5 I Break DE_,XSARA N1,XSARA Break N2,XSARA Coupe N0,C25 Bus 280_, 290_,JUMPER Kasten 230L,CX I MA,JUMPER Bus 230P,C25 Pritsche\/Fahrgestell 280_, 290_,JUMPER Pritsche\/Fahrgestell 230,C25 Kasten 280_, 290_,CX I Break MA,C35 Kasten,XSARA Kasten,C35 Bus,C35 Pick-up; ALFA ROMEO: GIULIA; 105640406001, 10564040600102, 105640406002, 10564060001, 10564060002, 105640606001, 105640606002, 140600406100, 1530811, 6371716, 7371716, 7965190, 7965880, 7975190, 7984267, 7984282, 7988149, 6435109, 6436629, 7961161, 7984288, 9975157, 05037896, 5037896, 190162, 190608, 1906C9, 32143065, 321430650, 4669551, 5038883, 5470709, 5470709D, 9401906138, 95551283, 95575783, 95608917, ND14365, ND14665, PD14365, PD14365A, 1500450, 494251, 1901687, 1909100, 4561986, 4612227, 4621540, 4621739, 4621740, 4651786, 4651986, 4669550, 4669551, 4680444, 4983958, 5983298, 5983958, 62775368, 70251397, 74680444, 9280124, 9401906138, 9819500, 9918114, 9918144, 9918184, 9924318, K9401906138, 1096950, 1423477, 1538624, 1538625, 1582261, 1635103, 1715762, 1823491, 2701E9176B, 3914074, 5010518, 5029459, 6149716, 6149717, 6161789, 7235770, 825F9150A2B, 93FF9150AA, C5NE9167A, C5NE9176C, C7NN9176AF, D0NN9N074B, D8NN9N074AA, DONN9N074B, EDL6744A2, EDPN9N074AA, EIADDN99162B, 7984282, 1901629, 1901687, 1901929, 19&#8230;<\/p>\n","protected":false},"excerpt":{"rendered":"<p>BOSCH Polttoainesuodatin 1 457 434 201  VW,SEAT,IVECO,LT 28-35 I Kasten 281-363,LT 28-35 I Pritsche\/Fahrgestell 281-363,JETTA I 16,IBIZA I 021A<\/p>\n","protected":false},"featured_media":0,"template":"","meta":{"site-sidebar-layout":"default","site-content-layout":"default","ast-global-header-display":"","ast-main-header-display":"","ast-hfb-above-header-display":"","ast-hfb-below-header-display":"","ast-hfb-mobile-header-display":"","site-post-title":"","ast-breadcrumbs-content":"","ast-featured-img":"","footer-sml-layout":"","theme-transparent-header-meta":"","adv-header-id-meta":"","stick-header-meta":"","header-above-stick-meta":"","header-main-stick-meta":"","header-below-stick-meta":""},"pwb-brand":[534],"product_cat":[29],"product_tag":[],"class_list":{"0":"post-58964","1":"product","2":"type-product","3":"status-publish","5":"pwb-brand-bosch","6":"product_cat-polttoainesuodatin","7":"desktop-align-left","8":"tablet-align-left","9":"mobile-align-left","11":"first","12":"instock","13":"product-type-external"},"brands":[{"id":534,"name":"Bosch","slug":"bosch"}],"_links":{"self":[{"href":"https:\/\/www.autonvaraosahaku.fi\/index.php?rest_route=\/wp\/v2\/product\/58964","targetHints":{"allow":["GET"]}}],"collection":[{"href":"https:\/\/www.autonvaraosahaku.fi\/index.php?rest_route=\/wp\/v2\/product"}],"about":[{"href":"https:\/\/www.autonvaraosahaku.fi\/index.php?rest_route=\/wp\/v2\/types\/product"}],"wp:attachment":[{"href":"https:\/\/www.autonvaraosahaku.fi\/index.php?rest_route=%2Fwp%2Fv2%2Fmedia&parent=58964"}],"wp:term":[{"taxonomy":"pwb-brand","embeddable":true,"href":"https:\/\/www.autonvaraosahaku.fi\/index.php?rest_route=%2Fwp%2Fv2%2Fpwb-brand&post=58964"},{"taxonomy":"product_cat","embeddable":true,"href":"https:\/\/www.autonvaraosahaku.fi\/index.php?rest_route=%2Fwp%2Fv2%2Fproduct_cat&post=58964"},{"taxonomy":"product_tag","embeddable":true,"href":"https:\/\/www.autonvaraosahaku.fi\/index.php?rest_route=%2Fwp%2Fv2%2Fproduct_tag&post=58964"}],"curies":[{"name":"wp","href":"https:\/\/api.w.org\/{rel}","templated":true}]}}