{"id":59013,"date":"2021-02-21T18:13:02","date_gmt":"2021-02-21T18:13:02","guid":{"rendered":"https:\/\/www.autonvaraosahaku.fi\/?product=bosch-0-242-229-708-sytytystulpat"},"modified":"2021-02-21T18:13:04","modified_gmt":"2021-02-21T18:13:04","slug":"bosch-0-242-229-708-sytytystulpat","status":"publish","type":"product","link":"https:\/\/www.autonvaraosahaku.fi\/?product=bosch-0-242-229-708-sytytystulpat","title":{"rendered":"Bosch 0 242 229 708 Sytytystulpat"},"content":{"rendered":"<p>K\u00e4rkiv\u00e4li (mm): 1,0; Kiristysmomentti: 28; Kiristyskulma [Grad]: 90; Ulkokierre [mm]: 14; Kierrenousu (mm): 1,25; Kierteen pituus (mm): 26,5; Avainv\u00e4li: 16; Kipin\u00e4et\u00e4isyys [mm]: 5; Napojen m\u00e4\u00e4r\u00e4: 1; Moottorinumero: G6EA; JEEP: RENEGADE Gel\u00e4ndewagen geschlossen BU,CHEROKEE KL,COMPASS; KIA: CARNIVAL \/ GRAND CARNIVAL III VQ,MAGENTIS MG; LANCIA: PHEDRA 179; HYUNDAI: SANTA F\u00c9 I SM,SANTA F\u00c9 II CM,H-1 Travel TQ,H-1 Cargo TQ,GRANDEUR TG; RENAULT: LAGUNA II Grandtour KG0\/1_,LAGUNA II BG0\/1_,AVANTIME DE0_; FIAT: ULYSSE 179AX; CITRO\u00cbN: C5 III Break TD_,C8 EA_, EB_,C5 II Break RE_,C5 I DC_,C5 I Break DE_,C5 III RD_,C5 II RC_,C6 TD_; PEUGEOT: 407 SW 6E_,807 E,607 9D, 9U,407 6D_,406 Break 8E\/F,406 Coupe 8C,406 8B,407 Coupe 6C_; 596081, 596082, 5960G0, 1884011051, 1884011051, MN119256, 596081, 596082, 5960G0; Tulpat,Sytytystulppa<\/p>\n","protected":false},"excerpt":{"rendered":"<p>BOSCH Sytytystulpat 0 242 229 708 Tulpat,Sytytystulppa JEEP,KIA,LANCIA,RENEGADE Gel\u00e4ndewagen geschlossen BU,CHEROKEE KL,COMPASS<\/p>\n","protected":false},"featured_media":0,"template":"","meta":{"site-sidebar-layout":"default","site-content-layout":"default","ast-global-header-display":"","ast-main-header-display":"","ast-hfb-above-header-display":"","ast-hfb-below-header-display":"","ast-hfb-mobile-header-display":"","site-post-title":"","ast-breadcrumbs-content":"","ast-featured-img":"","footer-sml-layout":"","theme-transparent-header-meta":"","adv-header-id-meta":"","stick-header-meta":"","header-above-stick-meta":"","header-main-stick-meta":"","header-below-stick-meta":""},"pwb-brand":[534],"product_cat":[165],"product_tag":[],"class_list":{"0":"post-59013","1":"product","2":"type-product","3":"status-publish","5":"pwb-brand-bosch","6":"product_cat-sytytystulpat","7":"desktop-align-left","8":"tablet-align-left","9":"mobile-align-left","11":"first","12":"instock","13":"product-type-external"},"brands":[{"id":534,"name":"Bosch","slug":"bosch"}],"_links":{"self":[{"href":"https:\/\/www.autonvaraosahaku.fi\/index.php?rest_route=\/wp\/v2\/product\/59013","targetHints":{"allow":["GET"]}}],"collection":[{"href":"https:\/\/www.autonvaraosahaku.fi\/index.php?rest_route=\/wp\/v2\/product"}],"about":[{"href":"https:\/\/www.autonvaraosahaku.fi\/index.php?rest_route=\/wp\/v2\/types\/product"}],"wp:attachment":[{"href":"https:\/\/www.autonvaraosahaku.fi\/index.php?rest_route=%2Fwp%2Fv2%2Fmedia&parent=59013"}],"wp:term":[{"taxonomy":"pwb-brand","embeddable":true,"href":"https:\/\/www.autonvaraosahaku.fi\/index.php?rest_route=%2Fwp%2Fv2%2Fpwb-brand&post=59013"},{"taxonomy":"product_cat","embeddable":true,"href":"https:\/\/www.autonvaraosahaku.fi\/index.php?rest_route=%2Fwp%2Fv2%2Fproduct_cat&post=59013"},{"taxonomy":"product_tag","embeddable":true,"href":"https:\/\/www.autonvaraosahaku.fi\/index.php?rest_route=%2Fwp%2Fv2%2Fproduct_tag&post=59013"}],"curies":[{"name":"wp","href":"https:\/\/api.w.org\/{rel}","templated":true}]}}