{"id":59019,"date":"2021-02-21T18:13:02","date_gmt":"2021-02-21T18:13:02","guid":{"rendered":"https:\/\/www.autonvaraosahaku.fi\/?product=bosch-1-457-429-301-oljynsuodatin"},"modified":"2021-02-21T18:13:06","modified_gmt":"2021-02-21T18:13:06","slug":"bosch-1-457-429-301-oljynsuodatin","status":"publish","type":"product","link":"https:\/\/www.autonvaraosahaku.fi\/?product=bosch-1-457-429-301-oljynsuodatin","title":{"rendered":"Bosch 1 457 429 301 \u00d6ljynsuodatin"},"content":{"rendered":"<p>Suodatintyyppi: Suodatinpanos; Korkeus (mm): 71,3; Korkeus 1 (mm): 61; Ulkol\u00e4pimitta [mm]: 65; L\u00e4pimitta 2 [mm]: 65; TECDOC-moottorinumero: 17048; VW: GOLF V 1K1,POLO 9N_,TOURAN 1T1, 1T2,PASSAT Variant 3C5,GOLF PLUS 5M1, 521,PASSAT 3C2,POLO 6R, 6C,TIGUAN 5N_,GOLF V Variant 1K5,EOS 1F7, 1F8,JETTA III 1K2,POLO Stufenheck 9N4,POLO VIVO Stufenheck; AUDI: A3 8P1,A3 Sportback 8PA; SKODA: OCTAVIA Combi 1Z5,FABIA,FABIA Combi,ROOMSTER 5J,OCTAVIA 1Z3; SEAT: IBIZA IV 6L1,LEON 1P1,IBIZA V 6J5, 6P5,ALTEA 5P1,ALTEA XL 5P5, 5P8,IBIZA V ST 6J8, 6P8,IBIZA V SPORTCOUPE 6J1, 6P1,CORDOBA 6L2,TOLEDO III 5P2; 03C115562, 03CU5577A, 03C115562, 03C115562, 03C115562A, 03C115562, 03C115562A, 03C115577A<\/p>\n","protected":false},"excerpt":{"rendered":"<p>BOSCH \u00d6ljynsuodatin 1 457 429 301  VW,AUDI,SKODA,GOLF V 1K1,POLO 9N_,TOURAN 1T1, 1T2,PASSAT Variant 3C5,GOLF PLUS 5M1, 521,PASSAT 3C2,POLO 6R, 6C<\/p>\n","protected":false},"featured_media":0,"template":"","meta":{"site-sidebar-layout":"default","site-content-layout":"default","ast-global-header-display":"","ast-main-header-display":"","ast-hfb-above-header-display":"","ast-hfb-below-header-display":"","ast-hfb-mobile-header-display":"","site-post-title":"","ast-breadcrumbs-content":"","ast-featured-img":"","footer-sml-layout":"","theme-transparent-header-meta":"","adv-header-id-meta":"","stick-header-meta":"","header-above-stick-meta":"","header-main-stick-meta":"","header-below-stick-meta":""},"pwb-brand":[534],"product_cat":[30],"product_tag":[],"class_list":{"0":"post-59019","1":"product","2":"type-product","3":"status-publish","5":"pwb-brand-bosch","6":"product_cat-oljynsuodatin","7":"desktop-align-left","8":"tablet-align-left","9":"mobile-align-left","11":"first","12":"instock","13":"product-type-external"},"brands":[{"id":534,"name":"Bosch","slug":"bosch"}],"_links":{"self":[{"href":"https:\/\/www.autonvaraosahaku.fi\/index.php?rest_route=\/wp\/v2\/product\/59019","targetHints":{"allow":["GET"]}}],"collection":[{"href":"https:\/\/www.autonvaraosahaku.fi\/index.php?rest_route=\/wp\/v2\/product"}],"about":[{"href":"https:\/\/www.autonvaraosahaku.fi\/index.php?rest_route=\/wp\/v2\/types\/product"}],"wp:attachment":[{"href":"https:\/\/www.autonvaraosahaku.fi\/index.php?rest_route=%2Fwp%2Fv2%2Fmedia&parent=59019"}],"wp:term":[{"taxonomy":"pwb-brand","embeddable":true,"href":"https:\/\/www.autonvaraosahaku.fi\/index.php?rest_route=%2Fwp%2Fv2%2Fpwb-brand&post=59019"},{"taxonomy":"product_cat","embeddable":true,"href":"https:\/\/www.autonvaraosahaku.fi\/index.php?rest_route=%2Fwp%2Fv2%2Fproduct_cat&post=59019"},{"taxonomy":"product_tag","embeddable":true,"href":"https:\/\/www.autonvaraosahaku.fi\/index.php?rest_route=%2Fwp%2Fv2%2Fproduct_tag&post=59019"}],"curies":[{"name":"wp","href":"https:\/\/api.w.org\/{rel}","templated":true}]}}