{"id":59038,"date":"2021-02-21T18:13:07","date_gmt":"2021-02-21T18:13:07","guid":{"rendered":"https:\/\/www.autonvaraosahaku.fi\/?product=bosch-0-450-904-077-polttoainesuodatin"},"modified":"2021-02-21T18:13:10","modified_gmt":"2021-02-21T18:13:10","slug":"bosch-0-450-904-077-polttoainesuodatin","status":"publish","type":"product","link":"https:\/\/www.autonvaraosahaku.fi\/?product=bosch-0-450-904-077-polttoainesuodatin","title":{"rendered":"Bosch 0 450 904 077 Polttoainesuodatin"},"content":{"rendered":"<p>Suodatintyyppi: Letkusuodatin; L\u00e4pimitta [mm]: 31; Ulkol\u00e4pimitta 1 [mm]: 36; Korkeus (mm): 102,5; Sis\u00e4\u00e4ntulol\u00e4pimitta [mm]: 8; Ulostulon l\u00e4pimitta [mm]: 8; Valmistusvuoteen: 12\/1988; DAEWOO: MUSSO FJ; MERCEDES-BENZ: 190 W201,Stufenheck W124,Stufenheck W123,S-CLASS W126,KOMBI Kombi S124,E-CLASS W124,G-CLASS W463,G-CLASS W460,E-CLASS Kombi S124,KOMBI Kombi S123,T1 Bus 601,100 Bus 631,T1 Pritsche\/Fahrgestell 602,T2\/L Kasten\/Kombi,T1 Kasten 602,100 Kasten 631,T1 Pritsche\/Fahrgestell 601,T2\/LN1 Kasten\/Kombi,T1 Kasten 601,100 Pritsche\/Fahrgestell 631,T2\/L Pritsche\/Fahrgestell,T1 Bus 602,T1\/TN Pritsche\/Fahrgestell,G-CLASS Cabrio W463,T2\/LN1 Pritsche\/Fahrgestell,T1\/TN Kasten\/Kombi,T2\/LN1 Kipper,MB-TRAC,O 100,UNIMOG; SSANGYONG: MUSSO FJ,KORANDO KJ,KORANDO Cabrio KJ; PUCH: G-MODELL W 460,G-MODELL W 463; 5008879, 25055184, 0014776301, 0014776401, 0014776601, 0014777901, 14776301, 14776401, 14776601, 14777901, A0014776301, A0014776401, A0014776601, A0014777901<\/p>\n","protected":false},"excerpt":{"rendered":"<p>BOSCH Polttoainesuodatin 0 450 904 077  DAEWOO,MERCEDES-BENZ,SSANGYONG,MUSSO FJ,190 W201,Stufenheck W124,Stufenheck W123,S-CLASS W126,KOMBI Kombi S124<\/p>\n","protected":false},"featured_media":0,"template":"","meta":{"site-sidebar-layout":"default","site-content-layout":"default","ast-global-header-display":"","ast-main-header-display":"","ast-hfb-above-header-display":"","ast-hfb-below-header-display":"","ast-hfb-mobile-header-display":"","site-post-title":"","ast-breadcrumbs-content":"","ast-featured-img":"","footer-sml-layout":"","theme-transparent-header-meta":"","adv-header-id-meta":"","stick-header-meta":"","header-above-stick-meta":"","header-main-stick-meta":"","header-below-stick-meta":""},"pwb-brand":[534],"product_cat":[29],"product_tag":[],"class_list":{"0":"post-59038","1":"product","2":"type-product","3":"status-publish","5":"pwb-brand-bosch","6":"product_cat-polttoainesuodatin","7":"desktop-align-left","8":"tablet-align-left","9":"mobile-align-left","11":"first","12":"instock","13":"product-type-external"},"brands":[{"id":534,"name":"Bosch","slug":"bosch"}],"_links":{"self":[{"href":"https:\/\/www.autonvaraosahaku.fi\/index.php?rest_route=\/wp\/v2\/product\/59038","targetHints":{"allow":["GET"]}}],"collection":[{"href":"https:\/\/www.autonvaraosahaku.fi\/index.php?rest_route=\/wp\/v2\/product"}],"about":[{"href":"https:\/\/www.autonvaraosahaku.fi\/index.php?rest_route=\/wp\/v2\/types\/product"}],"wp:attachment":[{"href":"https:\/\/www.autonvaraosahaku.fi\/index.php?rest_route=%2Fwp%2Fv2%2Fmedia&parent=59038"}],"wp:term":[{"taxonomy":"pwb-brand","embeddable":true,"href":"https:\/\/www.autonvaraosahaku.fi\/index.php?rest_route=%2Fwp%2Fv2%2Fpwb-brand&post=59038"},{"taxonomy":"product_cat","embeddable":true,"href":"https:\/\/www.autonvaraosahaku.fi\/index.php?rest_route=%2Fwp%2Fv2%2Fproduct_cat&post=59038"},{"taxonomy":"product_tag","embeddable":true,"href":"https:\/\/www.autonvaraosahaku.fi\/index.php?rest_route=%2Fwp%2Fv2%2Fproduct_tag&post=59038"}],"curies":[{"name":"wp","href":"https:\/\/api.w.org\/{rel}","templated":true}]}}