{"id":59045,"date":"2021-02-21T18:13:12","date_gmt":"2021-02-21T18:13:12","guid":{"rendered":"https:\/\/www.autonvaraosahaku.fi\/?product=bosch-1-457-431-705-polttoainesuodatin"},"modified":"2021-02-21T18:13:13","modified_gmt":"2021-02-21T18:13:13","slug":"bosch-1-457-431-705-polttoainesuodatin","status":"publish","type":"product","link":"https:\/\/www.autonvaraosahaku.fi\/?product=bosch-1-457-431-705-polttoainesuodatin","title":{"rendered":"Bosch 1 457 431 705 Polttoainesuodatin"},"content":{"rendered":"<p>Suodatintyyppi: Suodatinpanos; L\u00e4pimitta [mm]: 71,5; Sis\u00e4l\u00e4pimitta 1 [mm]: 19,3; Korkeus (mm): 92; Moottorinumero: G8T 792; NISSAN: PRIMERA Kombi WP12,PRIMERA P12,PRIMERA Hatchback P12; VOLVO: V40 Kombi VW,S40 I VS; SUZUKI: GRAND VITARA II JT; OPEL: MOVANO Kasten F9,MOVANO Combi J9,MOVANO Pritsche\/Fahrgestell U9, E9,MOVANO Kipper H9,ARENA Bus,ARENA Kasten TB, TF,ARENA Kasten; CITRO\u00cbN: XM Y4,XM Break Y4; RENAULT: SC\u00c9NIC II JM0\/1_,ESPACE IV JK0\/1_,LAGUNA II Grandtour KG0\/1_,MEGANE II Kombi KM0\/1_,MEGANE II Coup\u00e9-Cabriolet EM0\/1_,ESPACE III JE0_,LAGUNA II BG0\/1_,MEGANE II BM0\/1_, CM0\/1_,MASTER II Kasten FD,GRAND SC\u00c9NIC II JM0\/1_,LAGUNA I B56_, 556_,LAGUNA I Grandtour K56_,MEGANE II Stufenheck LM0\/1_,MASTER II Pritsche\/Fahrgestell ED\/HD\/UD,VEL SATIS BJ0_,MASTER II Bus JD,SAFRANE II B54_,AVANTIME DE0_,TRAFIC Kasten TXX,TRAFIC Bus TXW,TRAFIC Pritsche\/Fahrgestell PXX,MEGANE II Kasten\/Kombi KM_; MITSUBISHI: SPACE STAR DG_A,CARISMA DA_,CARISMA Stufenheck DA_; VAUXHALL: MOVANO Mk I A Van FD,MOVANO Mk I A Combi JD; 9161303, 93185381, 190652, 190653, 9161303, 1770A023, MR911916, 16400AW300, 1640300QAB, 16403AW302, 4501003, 4502627, 9161303, 93185381, 190652, 190653, 7701044913, 7701207545, 7701476463, 7701478972, 7701479050, 7701479176, 1541567JA0, 1541567JA0000, 9161303, 30617334, 30652292<\/p>\n","protected":false},"excerpt":{"rendered":"<p>BOSCH Polttoainesuodatin 1 457 431 705  NISSAN,VOLVO,SUZUKI,PRIMERA Kombi WP12,PRIMERA P12,PRIMERA Hatchback P12,V40 Kombi VW,S40 I VS<\/p>\n","protected":false},"featured_media":0,"template":"","meta":{"site-sidebar-layout":"default","site-content-layout":"default","ast-global-header-display":"","ast-main-header-display":"","ast-hfb-above-header-display":"","ast-hfb-below-header-display":"","ast-hfb-mobile-header-display":"","site-post-title":"","ast-breadcrumbs-content":"","ast-featured-img":"","footer-sml-layout":"","theme-transparent-header-meta":"","adv-header-id-meta":"","stick-header-meta":"","header-above-stick-meta":"","header-main-stick-meta":"","header-below-stick-meta":""},"pwb-brand":[534],"product_cat":[29],"product_tag":[],"class_list":{"0":"post-59045","1":"product","2":"type-product","3":"status-publish","5":"pwb-brand-bosch","6":"product_cat-polttoainesuodatin","7":"desktop-align-left","8":"tablet-align-left","9":"mobile-align-left","11":"first","12":"instock","13":"product-type-external"},"brands":[{"id":534,"name":"Bosch","slug":"bosch"}],"_links":{"self":[{"href":"https:\/\/www.autonvaraosahaku.fi\/index.php?rest_route=\/wp\/v2\/product\/59045","targetHints":{"allow":["GET"]}}],"collection":[{"href":"https:\/\/www.autonvaraosahaku.fi\/index.php?rest_route=\/wp\/v2\/product"}],"about":[{"href":"https:\/\/www.autonvaraosahaku.fi\/index.php?rest_route=\/wp\/v2\/types\/product"}],"wp:attachment":[{"href":"https:\/\/www.autonvaraosahaku.fi\/index.php?rest_route=%2Fwp%2Fv2%2Fmedia&parent=59045"}],"wp:term":[{"taxonomy":"pwb-brand","embeddable":true,"href":"https:\/\/www.autonvaraosahaku.fi\/index.php?rest_route=%2Fwp%2Fv2%2Fpwb-brand&post=59045"},{"taxonomy":"product_cat","embeddable":true,"href":"https:\/\/www.autonvaraosahaku.fi\/index.php?rest_route=%2Fwp%2Fv2%2Fproduct_cat&post=59045"},{"taxonomy":"product_tag","embeddable":true,"href":"https:\/\/www.autonvaraosahaku.fi\/index.php?rest_route=%2Fwp%2Fv2%2Fproduct_tag&post=59045"}],"curies":[{"name":"wp","href":"https:\/\/api.w.org\/{rel}","templated":true}]}}