{"id":59056,"date":"2021-02-21T18:13:12","date_gmt":"2021-02-21T18:13:12","guid":{"rendered":"https:\/\/www.autonvaraosahaku.fi\/?product=bosch-0-450-905-030-polttoainesuodatin"},"modified":"2021-02-21T18:13:15","modified_gmt":"2021-02-21T18:13:15","slug":"bosch-0-450-905-030-polttoainesuodatin","status":"publish","type":"product","link":"https:\/\/www.autonvaraosahaku.fi\/?product=bosch-0-450-905-030-polttoainesuodatin","title":{"rendered":"Bosch 0 450 905 030 Polttoainesuodatin"},"content":{"rendered":"<p>Polttoainej\u00e4rjestelm\u00e4: Bensiiniruiskutus; Suodatintyyppi: Letkusuodatin; L\u00e4pimitta [mm]: 81; Korkeus (mm): 161; Sis\u00e4\u00e4ntulol\u00e4pimitta [mm]: 8; Ulostulon l\u00e4pimitta [mm]: 8, 8, 8; Tilavuus [l]: 0,4; Valmistusvuosi alkaen: 09\/1979; VW: PASSAT Variant 3B6,TRANSPORTER IV Bus 70XB, 70XC, 7DB, 7DW,GOLF III 1H1,SHARAN 7M8, 7M9, 7M6,GOLF II 19E, 1G1,PASSAT Variant 3B5,PASSAT Variant 3A5, 35I,PASSAT 3B2,GOLF I Cabriolet 155,GOLF III Cabriolet 1E7,TRANSPORTER IV Kasten 70XA,PASSAT 3B3,GOLF III Variant 1H5,TRANSPORTER III Bus,PASSAT 3A2, 35I,CORRADO 53I,TRANSPORTER IV Pritsche\/Fahrgestell 70XD,LT 28-46 II Kasten 2DA, 2DD, 2DH,JETTA II 19E, 1G2, 165,TRANSPORTER III Kasten,LT 28-35 II Bus 2DB, 2DE, 2DK,LT 28-46 II Pritsche\/Fahrgestell 2DC, 2DF, 2DG, 2DL, 2DM,TRANSPORTER III Pritsche\/Fahrgestell; AUDI: A4 8D2, B5,A4 Avant 8D5, B5; NISSAN: SUNNY II Hatchback N13; SEAT: ALHAMBRA 7V8, 7V9,IBIZA I 021A,MALAGA 023A; MERCEDES-BENZ: C-CLASS W202,SLK R170,E-CLASS W210,E-CLASS Kombi S210,CLK C208,SL R129,C-CLASS Kombi S202,S-CLASS W220,SL R230,G-CLASS W463,VITO Bus 638,CLK Cabriolet A208,COUPE C124,S-CLASS W140,SPRINTER 3-t Kasten 903,SPRINTER 2-t Bus 901, 902,V-CLASS 638\/2,SPRINTER 2-t Kasten 901, 902,SPRINTER 3-t Bus 903,SPRINTER 3-t Pritsche\/Fahrgestell 903,S-CLASS Coupe C215,VITO Kasten 638,E-CLASS Cabriolet A124,E-CLASS Coupe C124,SPRINTER 4-t Pritsche\/Fahrgestell 904,SPRINTER 2-t Pritsche\/Fahrgestell 901, 902,S-CLASS Coupe C140,SPRINTER 4-t Kasten 904,CABRIOLET A124,SPRINTER 4-t Bus 904; JAGUAR: XJ,XJSC Convertible,XJ Coupe; LANCIA: BETA Coupe 828BC,BETA  H.P.E. 828BF,TREVI 828DB; ROVER: 2000-3500 Hatchback SD1,200 Hatchback XW,200 Coupe XW,200 XH,MONTEGO Estate XE,MONTEGO; BMW: 3 E36,3 E30,3 Coupe E36,5 E34,3 Cabriolet E30,3 Cabriolet E36,7 E32,5 Touring E34,5 E28,6 E24,3 E21,3 Touring E30,7 E23; ALFA ROMEO: SPIDER 115,75 162B,GTV 116,6 119,90 162,SZ,RZ; 11911320610400, 4442559, 60523432, 1H0201511, 1H0201511A, 1HO201511, 251201511A, 251201511H, SE021104653A, 12682313, 12695483, 1270038, 13321268231, 13321269231, 13321269548, 13321270038, 13329063165, T0680167, 156713, 91535807, 28482801, 4435104, 4442559, 60523432, 77110590, 9153580780, K9153580780, 1485678, 3051335111, 7212351, AFG27, 25055495, 25170650, 90016571, 92017109, 92019306, 92035349, 4442559, EAC3112, TKC6055, 4435104, 4442559, 60523432, 9153580780, K9153580780, 0024772601, 0024772701, 0024772801, A0024772601, A0024772701, A0024772801, GFE7001, 1640070J00, 16400J7525, 16400J8000, 16400N9600, 156713, 91535807, 4055020005, 7700680162, 7700680167, 7700742368, 7700742386, 7700838890, 7711130026, GFE7001, 021104653A, 0450905030, 1H0201511, 1H0201511A, 1HO201511, 251201511A, 251201511H, SE021104653A, 1H0201511, 1H0201511A, 1HO201511, 251201511A, 251201511H, SE021104653A, 000395267, 021104653A, 1H0201511, 1H0201511A, 1HO201511, 251201511A, 251201511H, 2D0201051, SE021104653A, X0&#8230;<\/p>\n","protected":false},"excerpt":{"rendered":"<p>BOSCH Polttoainesuodatin 0 450 905 030  VW,AUDI,NISSAN,PASSAT Variant 3B6,TRANSPORTER IV Bus 70XB, 70XC, 7DB, 7DW,GOLF III 1H1,SHARAN 7M8, 7M9, 7M6<\/p>\n","protected":false},"featured_media":0,"template":"","meta":{"site-sidebar-layout":"default","site-content-layout":"default","ast-global-header-display":"","ast-main-header-display":"","ast-hfb-above-header-display":"","ast-hfb-below-header-display":"","ast-hfb-mobile-header-display":"","site-post-title":"","ast-breadcrumbs-content":"","ast-featured-img":"","footer-sml-layout":"","theme-transparent-header-meta":"","adv-header-id-meta":"","stick-header-meta":"","header-above-stick-meta":"","header-main-stick-meta":"","header-below-stick-meta":""},"pwb-brand":[534],"product_cat":[29],"product_tag":[],"class_list":{"0":"post-59056","1":"product","2":"type-product","3":"status-publish","5":"pwb-brand-bosch","6":"product_cat-polttoainesuodatin","7":"desktop-align-left","8":"tablet-align-left","9":"mobile-align-left","11":"first","12":"instock","13":"product-type-external"},"brands":[{"id":534,"name":"Bosch","slug":"bosch"}],"_links":{"self":[{"href":"https:\/\/www.autonvaraosahaku.fi\/index.php?rest_route=\/wp\/v2\/product\/59056","targetHints":{"allow":["GET"]}}],"collection":[{"href":"https:\/\/www.autonvaraosahaku.fi\/index.php?rest_route=\/wp\/v2\/product"}],"about":[{"href":"https:\/\/www.autonvaraosahaku.fi\/index.php?rest_route=\/wp\/v2\/types\/product"}],"wp:attachment":[{"href":"https:\/\/www.autonvaraosahaku.fi\/index.php?rest_route=%2Fwp%2Fv2%2Fmedia&parent=59056"}],"wp:term":[{"taxonomy":"pwb-brand","embeddable":true,"href":"https:\/\/www.autonvaraosahaku.fi\/index.php?rest_route=%2Fwp%2Fv2%2Fpwb-brand&post=59056"},{"taxonomy":"product_cat","embeddable":true,"href":"https:\/\/www.autonvaraosahaku.fi\/index.php?rest_route=%2Fwp%2Fv2%2Fproduct_cat&post=59056"},{"taxonomy":"product_tag","embeddable":true,"href":"https:\/\/www.autonvaraosahaku.fi\/index.php?rest_route=%2Fwp%2Fv2%2Fproduct_tag&post=59056"}],"curies":[{"name":"wp","href":"https:\/\/api.w.org\/{rel}","templated":true}]}}