{"id":59082,"date":"2021-02-21T18:13:22","date_gmt":"2021-02-21T18:13:22","guid":{"rendered":"https:\/\/www.autonvaraosahaku.fi\/?product=bosch-0-450-905-930-polttoainesuodatin"},"modified":"2021-02-21T18:13:23","modified_gmt":"2021-02-21T18:13:23","slug":"bosch-0-450-905-930-polttoainesuodatin","status":"publish","type":"product","link":"https:\/\/www.autonvaraosahaku.fi\/?product=bosch-0-450-905-930-polttoainesuodatin","title":{"rendered":"Bosch 0 450 905 930 Polttoainesuodatin"},"content":{"rendered":"<p>Suodatintyyppi: Letkusuodatin, ohne Wasserabscheider; L\u00e4pimitta [mm]: 91; Korkeus (mm): 128; Sis\u00e4\u00e4ntulol\u00e4pimitta [mm]: 10; MERCEDES-BENZ: A-CLASS W168,VANEO 414,VITO Bus 638,SPRINTER 3-t Kasten 903,SPRINTER 2-t Bus 901, 902,V-CLASS 638\/2,SPRINTER 2-t Kasten 901, 902,SPRINTER 3-t Bus 903,SPRINTER 3-t Pritsche\/Fahrgestell 903,VITO Kasten 638,SPRINTER 4-t Pritsche\/Fahrgestell 904,SPRINTER 2-t Pritsche\/Fahrgestell 901, 902,SPRINTER 4-t Kasten 904,SPRINTER 4-t Bus 904,SPRINTER 5-t Pritsche\/Fahrgestell 905,SPRINTER Kipper 905,ACCELO; 6110900852, 6110920201, 6110920601, A6110900852, A6110920201, A6110920601<\/p>\n","protected":false},"excerpt":{"rendered":"<p>BOSCH Polttoainesuodatin 0 450 905 930  MERCEDES-BENZ,A-CLASS W168,VANEO 414,VITO Bus 638,SPRINTER 3-t Kasten 903,SPRINTER 2-t Bus 901, 902<\/p>\n","protected":false},"featured_media":0,"template":"","meta":{"site-sidebar-layout":"default","site-content-layout":"default","ast-global-header-display":"","ast-main-header-display":"","ast-hfb-above-header-display":"","ast-hfb-below-header-display":"","ast-hfb-mobile-header-display":"","site-post-title":"","ast-breadcrumbs-content":"","ast-featured-img":"","footer-sml-layout":"","theme-transparent-header-meta":"","adv-header-id-meta":"","stick-header-meta":"","header-above-stick-meta":"","header-main-stick-meta":"","header-below-stick-meta":""},"pwb-brand":[534],"product_cat":[29],"product_tag":[],"class_list":{"0":"post-59082","1":"product","2":"type-product","3":"status-publish","5":"pwb-brand-bosch","6":"product_cat-polttoainesuodatin","7":"desktop-align-left","8":"tablet-align-left","9":"mobile-align-left","11":"first","12":"instock","13":"product-type-external"},"brands":[{"id":534,"name":"Bosch","slug":"bosch"}],"_links":{"self":[{"href":"https:\/\/www.autonvaraosahaku.fi\/index.php?rest_route=\/wp\/v2\/product\/59082","targetHints":{"allow":["GET"]}}],"collection":[{"href":"https:\/\/www.autonvaraosahaku.fi\/index.php?rest_route=\/wp\/v2\/product"}],"about":[{"href":"https:\/\/www.autonvaraosahaku.fi\/index.php?rest_route=\/wp\/v2\/types\/product"}],"wp:attachment":[{"href":"https:\/\/www.autonvaraosahaku.fi\/index.php?rest_route=%2Fwp%2Fv2%2Fmedia&parent=59082"}],"wp:term":[{"taxonomy":"pwb-brand","embeddable":true,"href":"https:\/\/www.autonvaraosahaku.fi\/index.php?rest_route=%2Fwp%2Fv2%2Fpwb-brand&post=59082"},{"taxonomy":"product_cat","embeddable":true,"href":"https:\/\/www.autonvaraosahaku.fi\/index.php?rest_route=%2Fwp%2Fv2%2Fproduct_cat&post=59082"},{"taxonomy":"product_tag","embeddable":true,"href":"https:\/\/www.autonvaraosahaku.fi\/index.php?rest_route=%2Fwp%2Fv2%2Fproduct_tag&post=59082"}],"curies":[{"name":"wp","href":"https:\/\/api.w.org\/{rel}","templated":true}]}}