{"id":59115,"date":"2021-02-21T18:13:27","date_gmt":"2021-02-21T18:13:27","guid":{"rendered":"https:\/\/www.autonvaraosahaku.fi\/?product=bosch-0-450-905-316-polttoainesuodatin"},"modified":"2021-02-21T18:13:30","modified_gmt":"2021-02-21T18:13:30","slug":"bosch-0-450-905-316-polttoainesuodatin","status":"publish","type":"product","link":"https:\/\/www.autonvaraosahaku.fi\/?product=bosch-0-450-905-316-polttoainesuodatin","title":{"rendered":"Bosch 0 450 905 316 Polttoainesuodatin"},"content":{"rendered":"<p>Polttoainej\u00e4rjestelm\u00e4: Bensiiniruiskutus; Suodatintyyppi: Letkusuodatin; L\u00e4pimitta [mm]: 55; Korkeus (mm): 166; Sis\u00e4\u00e4ntulol\u00e4pimitta [mm]: 8, 8; Ulostulon l\u00e4pimitta [mm]: 8, 8; Tilavuus [l]: 0,2; Valmistusvuosi alkaen: 05\/1997; VW: GOLF V 1K1,POLO 9N_,TOURAN 1T1, 1T2,GOLF PLUS 5M1, 521,LUPO 6X1, 6E1,POLO 6N2,POLO 6N1,FOX 5Z1, 5Z3,POLO Variant 6KV5,POLO CLASSIC 6KV2,POLO Kasten 6NF,POLO Stufenheck 9A4,POLO PLAYA; LADA: NIVA 2121,KALINA Kombi 1117,KALINA Schr\u00e4gheck 1119,PRIORA Kombi 2171,KALINA Stufenheck 1118,GRANTA 2190,PRIORA Schr\u00e4gheck 2172; ALFA ROMEO: 145 930,146 930; FIAT: DUCATO Pritsche\/Fahrgestell 230,DUCATO Bus 230,BARCHETTA 183,PUNTO 176,DUCATO Kasten 230L,COUPE FA\/175,BRAVO I 182,BRAVA 182,PUNTO Cabriolet 176C,MAREA Weekend 185,MAREA 185,PUNTO Van 176L,TEMPRA S.W. 159; CADILLAC: BLS; 46523087, 60811822, 60811904, 60812738, 6X0201511B, 25313359, 25121074, 96444649, 46403932, 46403933, 46441236, 46523087, 46769601, 71736100, 25121074, 25121082, 25121129, 25121353, 25313359, 90353562, 8251210740, 1X439155A, 1X439155AA, C2S2768, C2S45278, 21230111701002, 25161333, 808568, 818506, 818508, 818509, 818510, 818514, 818568, 25313359, 6X0201511B, 6X0201511, 6X0201511B<\/p>\n","protected":false},"excerpt":{"rendered":"<p>BOSCH Polttoainesuodatin 0 450 905 316  VW,LADA,ALFA ROMEO,GOLF V 1K1,POLO 9N_,TOURAN 1T1, 1T2,GOLF PLUS 5M1, 521,LUPO 6X1, 6E1,POLO 6N2,POLO 6N1<\/p>\n","protected":false},"featured_media":0,"template":"","meta":{"site-sidebar-layout":"default","site-content-layout":"default","ast-global-header-display":"","ast-main-header-display":"","ast-hfb-above-header-display":"","ast-hfb-below-header-display":"","ast-hfb-mobile-header-display":"","site-post-title":"","ast-breadcrumbs-content":"","ast-featured-img":"","footer-sml-layout":"","theme-transparent-header-meta":"","adv-header-id-meta":"","stick-header-meta":"","header-above-stick-meta":"","header-main-stick-meta":"","header-below-stick-meta":""},"pwb-brand":[534],"product_cat":[29],"product_tag":[],"class_list":{"0":"post-59115","1":"product","2":"type-product","3":"status-publish","5":"pwb-brand-bosch","6":"product_cat-polttoainesuodatin","7":"desktop-align-left","8":"tablet-align-left","9":"mobile-align-left","11":"first","12":"instock","13":"product-type-external"},"brands":[{"id":534,"name":"Bosch","slug":"bosch"}],"_links":{"self":[{"href":"https:\/\/www.autonvaraosahaku.fi\/index.php?rest_route=\/wp\/v2\/product\/59115","targetHints":{"allow":["GET"]}}],"collection":[{"href":"https:\/\/www.autonvaraosahaku.fi\/index.php?rest_route=\/wp\/v2\/product"}],"about":[{"href":"https:\/\/www.autonvaraosahaku.fi\/index.php?rest_route=\/wp\/v2\/types\/product"}],"wp:attachment":[{"href":"https:\/\/www.autonvaraosahaku.fi\/index.php?rest_route=%2Fwp%2Fv2%2Fmedia&parent=59115"}],"wp:term":[{"taxonomy":"pwb-brand","embeddable":true,"href":"https:\/\/www.autonvaraosahaku.fi\/index.php?rest_route=%2Fwp%2Fv2%2Fpwb-brand&post=59115"},{"taxonomy":"product_cat","embeddable":true,"href":"https:\/\/www.autonvaraosahaku.fi\/index.php?rest_route=%2Fwp%2Fv2%2Fproduct_cat&post=59115"},{"taxonomy":"product_tag","embeddable":true,"href":"https:\/\/www.autonvaraosahaku.fi\/index.php?rest_route=%2Fwp%2Fv2%2Fproduct_tag&post=59115"}],"curies":[{"name":"wp","href":"https:\/\/api.w.org\/{rel}","templated":true}]}}