{"id":59239,"date":"2021-02-21T18:13:55","date_gmt":"2021-02-21T18:13:55","guid":{"rendered":"https:\/\/www.autonvaraosahaku.fi\/?product=bosch-0-451-103-086-oljynsuodatin"},"modified":"2021-02-21T18:13:59","modified_gmt":"2021-02-21T18:13:59","slug":"bosch-0-451-103-086-oljynsuodatin","status":"publish","type":"product","link":"https:\/\/www.autonvaraosahaku.fi\/?product=bosch-0-451-103-086-oljynsuodatin","title":{"rendered":"Bosch 0 451 103 086 \u00d6ljynsuodatin"},"content":{"rendered":"<p>Suodatintyyppi: Ruuvattava suodatin; Korkeus (mm): 123; Kierremitta: 3\/4 16 UNF; Ulkol\u00e4pimitta [mm]: 80; L\u00e4pimitta 1 [mm]: 76; L\u00e4pimitta 2 [mm]: 71; Valmistusvuoteen: 09\/1987; MAZDA: CX-9 TB; BMW: 3 E30,5 E34,3 Cabriolet E30,5 E28,3 Touring E30,5 E12,Z1; 11421266773, 11421287836, 11421707779, 11421761087, 11429061198, 93156186, 93892090, 9975233, 1500964, 5012556, 5012651, 93156186, 93892090, 9975233, CA0214302, 93156186, 93892090, 9975233, 5223103A<\/p>\n","protected":false},"excerpt":{"rendered":"<p>BOSCH \u00d6ljynsuodatin 0 451 103 086  MAZDA,BMW,CX-9 TB,3 E30,5 E34,3 Cabriolet E30,5 E28,3 Touring E30,5 E12,Z1<\/p>\n","protected":false},"featured_media":0,"template":"","meta":{"site-sidebar-layout":"default","site-content-layout":"default","ast-global-header-display":"","ast-main-header-display":"","ast-hfb-above-header-display":"","ast-hfb-below-header-display":"","ast-hfb-mobile-header-display":"","site-post-title":"","ast-breadcrumbs-content":"","ast-featured-img":"","footer-sml-layout":"","theme-transparent-header-meta":"","adv-header-id-meta":"","stick-header-meta":"","header-above-stick-meta":"","header-main-stick-meta":"","header-below-stick-meta":""},"pwb-brand":[534],"product_cat":[30],"product_tag":[],"class_list":{"0":"post-59239","1":"product","2":"type-product","3":"status-publish","5":"pwb-brand-bosch","6":"product_cat-oljynsuodatin","7":"desktop-align-left","8":"tablet-align-left","9":"mobile-align-left","11":"first","12":"instock","13":"product-type-external"},"brands":[{"id":534,"name":"Bosch","slug":"bosch"}],"_links":{"self":[{"href":"https:\/\/www.autonvaraosahaku.fi\/index.php?rest_route=\/wp\/v2\/product\/59239","targetHints":{"allow":["GET"]}}],"collection":[{"href":"https:\/\/www.autonvaraosahaku.fi\/index.php?rest_route=\/wp\/v2\/product"}],"about":[{"href":"https:\/\/www.autonvaraosahaku.fi\/index.php?rest_route=\/wp\/v2\/types\/product"}],"wp:attachment":[{"href":"https:\/\/www.autonvaraosahaku.fi\/index.php?rest_route=%2Fwp%2Fv2%2Fmedia&parent=59239"}],"wp:term":[{"taxonomy":"pwb-brand","embeddable":true,"href":"https:\/\/www.autonvaraosahaku.fi\/index.php?rest_route=%2Fwp%2Fv2%2Fpwb-brand&post=59239"},{"taxonomy":"product_cat","embeddable":true,"href":"https:\/\/www.autonvaraosahaku.fi\/index.php?rest_route=%2Fwp%2Fv2%2Fproduct_cat&post=59239"},{"taxonomy":"product_tag","embeddable":true,"href":"https:\/\/www.autonvaraosahaku.fi\/index.php?rest_route=%2Fwp%2Fv2%2Fproduct_tag&post=59239"}],"curies":[{"name":"wp","href":"https:\/\/api.w.org\/{rel}","templated":true}]}}