{"id":59258,"date":"2021-02-21T18:14:00","date_gmt":"2021-02-21T18:14:00","guid":{"rendered":"https:\/\/www.autonvaraosahaku.fi\/?product=bosch-0-242-236-563-sytytystulpat"},"modified":"2021-02-21T18:14:04","modified_gmt":"2021-02-21T18:14:04","slug":"bosch-0-242-236-563-sytytystulpat","status":"publish","type":"product","link":"https:\/\/www.autonvaraosahaku.fi\/?product=bosch-0-242-236-563-sytytystulpat","title":{"rendered":"Bosch 0 242 236 563 Sytytystulpat"},"content":{"rendered":"<p>K\u00e4rkiv\u00e4li (mm): 1,0; Kiristysmomentti: 20; Kiristyskulma [Grad]: 15; Ulkokierre [mm]: 14; Kierrenousu (mm): 1,25; Kierteen pituus (mm): 17,5; Avainv\u00e4li: 16; Kipin\u00e4et\u00e4isyys [mm]: 4; Napojen m\u00e4\u00e4r\u00e4: 1; S\u00e4\u00e4dett\u00e4va k\u00e4rkiv\u00e4li [mm]: 1,2; MAZDA: 3 Stufenheck BK; CHEVROLET: BLAZER S10,S10 Pick-up,SILVERADO 1500; FORD USA: EXPLORER U2; JAGUAR: S-TYPE CCX,X-TYPE CF1,X-TYPE Estate,XJ X350, X358; VOLVO: V50 MW,C30,S40 II MS; FORD: FOCUS II DA_,FOCUS Stufenheck DFW,FOCUS II Stufenheck DA_,RANGER ER, EQ,ECOSPORT; ASTON MARTIN: DB7 Vantage,VANQUISH R2_; 1128053, 1204572, 1307093, 1S7J12405DA, 1S7J12405EB, 5M5G12405AA, L30318110, L84518110, 32017028, 32017029; Tulpat,Sytytystulppa<\/p>\n","protected":false},"excerpt":{"rendered":"<p>BOSCH Sytytystulpat 0 242 236 563 Tulpat,Sytytystulppa MAZDA,CHEVROLET,FORD USA,3 Stufenheck BK,BLAZER S10,S10 Pick-up,SILVERADO 1500,EXPLORER U2<\/p>\n","protected":false},"featured_media":0,"template":"","meta":{"site-sidebar-layout":"default","site-content-layout":"default","ast-global-header-display":"","ast-main-header-display":"","ast-hfb-above-header-display":"","ast-hfb-below-header-display":"","ast-hfb-mobile-header-display":"","site-post-title":"","ast-breadcrumbs-content":"","ast-featured-img":"","footer-sml-layout":"","theme-transparent-header-meta":"","adv-header-id-meta":"","stick-header-meta":"","header-above-stick-meta":"","header-main-stick-meta":"","header-below-stick-meta":""},"pwb-brand":[534],"product_cat":[165],"product_tag":[],"class_list":{"0":"post-59258","1":"product","2":"type-product","3":"status-publish","5":"pwb-brand-bosch","6":"product_cat-sytytystulpat","7":"desktop-align-left","8":"tablet-align-left","9":"mobile-align-left","11":"first","12":"instock","13":"product-type-external"},"brands":[{"id":534,"name":"Bosch","slug":"bosch"}],"_links":{"self":[{"href":"https:\/\/www.autonvaraosahaku.fi\/index.php?rest_route=\/wp\/v2\/product\/59258","targetHints":{"allow":["GET"]}}],"collection":[{"href":"https:\/\/www.autonvaraosahaku.fi\/index.php?rest_route=\/wp\/v2\/product"}],"about":[{"href":"https:\/\/www.autonvaraosahaku.fi\/index.php?rest_route=\/wp\/v2\/types\/product"}],"wp:attachment":[{"href":"https:\/\/www.autonvaraosahaku.fi\/index.php?rest_route=%2Fwp%2Fv2%2Fmedia&parent=59258"}],"wp:term":[{"taxonomy":"pwb-brand","embeddable":true,"href":"https:\/\/www.autonvaraosahaku.fi\/index.php?rest_route=%2Fwp%2Fv2%2Fpwb-brand&post=59258"},{"taxonomy":"product_cat","embeddable":true,"href":"https:\/\/www.autonvaraosahaku.fi\/index.php?rest_route=%2Fwp%2Fv2%2Fproduct_cat&post=59258"},{"taxonomy":"product_tag","embeddable":true,"href":"https:\/\/www.autonvaraosahaku.fi\/index.php?rest_route=%2Fwp%2Fv2%2Fproduct_tag&post=59258"}],"curies":[{"name":"wp","href":"https:\/\/api.w.org\/{rel}","templated":true}]}}