{"id":59395,"date":"2021-02-21T18:14:34","date_gmt":"2021-02-21T18:14:34","guid":{"rendered":"https:\/\/www.autonvaraosahaku.fi\/?product=bosch-1-457-433-071-ilmansuodatin"},"modified":"2021-02-21T18:14:37","modified_gmt":"2021-02-21T18:14:37","slug":"bosch-1-457-433-071-ilmansuodatin","status":"publish","type":"product","link":"https:\/\/www.autonvaraosahaku.fi\/?product=bosch-1-457-433-071-ilmansuodatin","title":{"rendered":"Bosch 1 457 433 071 Ilmansuodatin"},"content":{"rendered":"<p>Suodatintyyppi: Suodatinpanos; Pituus (mm): 358; Leveys (mm): 135; Korkeus (mm): 50,6; M\u00e4\u00e4r\u00e4: 2; Valmistusvuoteen: 08\/2011; MERCEDES-BENZ: C-CLASS W203,E-CLASS W211,C-CLASS W204,C-CLASS T-Model S204,C-CLASS T-Model S203,E-CLASS T-Model S211,E-CLASS W212,M-CLASS W164,C-CLASS Coupe CL203,E-CLASS T-Model S212,GLK-CLASS X204,SLK R171,SL R129,CLK C209,S-CLASS W220,S-CLASS W221,CLS C219,SL R230,R-CLASS W251, V251,G-CLASS W463,E-CLASS Coupe C207,CLK Cabriolet A209,E-CLASS Cabriolet A207,CLC-CLASS CL203,GL-CLASS X164,S-CLASS Coupe C215,S-CLASS Coupe C216,G-CLASS Cabrio W463; PUCH: G-MODELL W 463; 05098424AA, 5098424AA, 53040025, 1120940004, 1120940604, 2730940204, 2730940404, A1120940004, A1120940604, A2730940204, A2730940404, 1120940604, 1120940004<\/p>\n","protected":false},"excerpt":{"rendered":"<p>BOSCH Ilmansuodatin 1 457 433 071  MERCEDES-BENZ,PUCH,C-CLASS W203,E-CLASS W211,C-CLASS W204,C-CLASS T-Model S204,C-CLASS T-Model S203<\/p>\n","protected":false},"featured_media":0,"template":"","meta":{"site-sidebar-layout":"default","site-content-layout":"default","ast-global-header-display":"","ast-main-header-display":"","ast-hfb-above-header-display":"","ast-hfb-below-header-display":"","ast-hfb-mobile-header-display":"","site-post-title":"","ast-breadcrumbs-content":"","ast-featured-img":"","footer-sml-layout":"","theme-transparent-header-meta":"","adv-header-id-meta":"","stick-header-meta":"","header-above-stick-meta":"","header-main-stick-meta":"","header-below-stick-meta":""},"pwb-brand":[534],"product_cat":[31],"product_tag":[],"class_list":{"0":"post-59395","1":"product","2":"type-product","3":"status-publish","5":"pwb-brand-bosch","6":"product_cat-ilmansuodatin","7":"desktop-align-left","8":"tablet-align-left","9":"mobile-align-left","11":"first","12":"instock","13":"product-type-external"},"brands":[{"id":534,"name":"Bosch","slug":"bosch"}],"_links":{"self":[{"href":"https:\/\/www.autonvaraosahaku.fi\/index.php?rest_route=\/wp\/v2\/product\/59395","targetHints":{"allow":["GET"]}}],"collection":[{"href":"https:\/\/www.autonvaraosahaku.fi\/index.php?rest_route=\/wp\/v2\/product"}],"about":[{"href":"https:\/\/www.autonvaraosahaku.fi\/index.php?rest_route=\/wp\/v2\/types\/product"}],"wp:attachment":[{"href":"https:\/\/www.autonvaraosahaku.fi\/index.php?rest_route=%2Fwp%2Fv2%2Fmedia&parent=59395"}],"wp:term":[{"taxonomy":"pwb-brand","embeddable":true,"href":"https:\/\/www.autonvaraosahaku.fi\/index.php?rest_route=%2Fwp%2Fv2%2Fpwb-brand&post=59395"},{"taxonomy":"product_cat","embeddable":true,"href":"https:\/\/www.autonvaraosahaku.fi\/index.php?rest_route=%2Fwp%2Fv2%2Fproduct_cat&post=59395"},{"taxonomy":"product_tag","embeddable":true,"href":"https:\/\/www.autonvaraosahaku.fi\/index.php?rest_route=%2Fwp%2Fv2%2Fproduct_tag&post=59395"}],"curies":[{"name":"wp","href":"https:\/\/api.w.org\/{rel}","templated":true}]}}