{"id":59406,"date":"2021-02-21T18:14:39","date_gmt":"2021-02-21T18:14:39","guid":{"rendered":"https:\/\/www.autonvaraosahaku.fi\/?product=bosch-0-450-905-908-polttoainesuodatin"},"modified":"2021-02-21T18:14:40","modified_gmt":"2021-02-21T18:14:40","slug":"bosch-0-450-905-908-polttoainesuodatin","status":"publish","type":"product","link":"https:\/\/www.autonvaraosahaku.fi\/?product=bosch-0-450-905-908-polttoainesuodatin","title":{"rendered":"Bosch 0 450 905 908 Polttoainesuodatin"},"content":{"rendered":"<p>Polttoainej\u00e4rjestelm\u00e4: Bensiiniruiskutus; Suodatintyyppi: Letkusuodatin; L\u00e4pimitta [mm]: 88; Korkeus (mm): 210; Sis\u00e4\u00e4ntulol\u00e4pimitta [mm]: 8; Ulostulon l\u00e4pimitta [mm]: 8; Valmistusvuosi alkaen: 09\/1995; VOLVO: V40 Kombi VW,V70 II SW,S60 I,S80 I TS, XY,XC70 CROSS COUNTRY,S40 I VS; 30817997<\/p>\n","protected":false},"excerpt":{"rendered":"<p>BOSCH Polttoainesuodatin 0 450 905 908  VOLVO,V40 Kombi VW,V70 II SW,S60 I,S80 I TS, XY,XC70 CROSS COUNTRY,S40 I VS<\/p>\n","protected":false},"featured_media":0,"template":"","meta":{"site-sidebar-layout":"default","site-content-layout":"default","ast-global-header-display":"","ast-main-header-display":"","ast-hfb-above-header-display":"","ast-hfb-below-header-display":"","ast-hfb-mobile-header-display":"","site-post-title":"","ast-breadcrumbs-content":"","ast-featured-img":"","footer-sml-layout":"","theme-transparent-header-meta":"","adv-header-id-meta":"","stick-header-meta":"","header-above-stick-meta":"","header-main-stick-meta":"","header-below-stick-meta":""},"pwb-brand":[534],"product_cat":[29],"product_tag":[],"class_list":{"0":"post-59406","1":"product","2":"type-product","3":"status-publish","5":"pwb-brand-bosch","6":"product_cat-polttoainesuodatin","7":"desktop-align-left","8":"tablet-align-left","9":"mobile-align-left","11":"first","12":"instock","13":"product-type-external"},"brands":[{"id":534,"name":"Bosch","slug":"bosch"}],"_links":{"self":[{"href":"https:\/\/www.autonvaraosahaku.fi\/index.php?rest_route=\/wp\/v2\/product\/59406","targetHints":{"allow":["GET"]}}],"collection":[{"href":"https:\/\/www.autonvaraosahaku.fi\/index.php?rest_route=\/wp\/v2\/product"}],"about":[{"href":"https:\/\/www.autonvaraosahaku.fi\/index.php?rest_route=\/wp\/v2\/types\/product"}],"wp:attachment":[{"href":"https:\/\/www.autonvaraosahaku.fi\/index.php?rest_route=%2Fwp%2Fv2%2Fmedia&parent=59406"}],"wp:term":[{"taxonomy":"pwb-brand","embeddable":true,"href":"https:\/\/www.autonvaraosahaku.fi\/index.php?rest_route=%2Fwp%2Fv2%2Fpwb-brand&post=59406"},{"taxonomy":"product_cat","embeddable":true,"href":"https:\/\/www.autonvaraosahaku.fi\/index.php?rest_route=%2Fwp%2Fv2%2Fproduct_cat&post=59406"},{"taxonomy":"product_tag","embeddable":true,"href":"https:\/\/www.autonvaraosahaku.fi\/index.php?rest_route=%2Fwp%2Fv2%2Fproduct_tag&post=59406"}],"curies":[{"name":"wp","href":"https:\/\/api.w.org\/{rel}","templated":true}]}}