{"id":59442,"date":"2021-02-21T18:14:49","date_gmt":"2021-02-21T18:14:49","guid":{"rendered":"https:\/\/www.autonvaraosahaku.fi\/?product=bosch-1-457-429-061-ilmansuodatin"},"modified":"2021-02-21T18:14:49","modified_gmt":"2021-02-21T18:14:49","slug":"bosch-1-457-429-061-ilmansuodatin","status":"publish","type":"product","link":"https:\/\/www.autonvaraosahaku.fi\/?product=bosch-1-457-429-061-ilmansuodatin","title":{"rendered":"Bosch 1 457 429 061 Ilmansuodatin"},"content":{"rendered":"<p>Suodatintyyppi: Suodatinpanos; Pituus (mm): 212,5; Leveys (mm): 212,5; Korkeus (mm): 57,7; TECDOC-moottorinumero: 333; VW: TRANSPORTER III Bus,POLO 86C, 80,POLO Coupe 86C, 80,TRANSPORTER III Kasten,POLO CLASSIC 86C, 80,TRANSPORTER II Bus,TRANSPORTER III Pritsche\/Fahrgestell,DERBY 86C, 80,POLO Kasten 86CF,TRANSPORTER II Kasten,TRANSPORTER I Pritsche\/Fahrgestell 26,TRANSPORTER II Pritsche\/Fahrgestell,TRANSPORTER I Kasten 21, 23; AUDI: 100 44, 44Q, C3,100 Avant 44, 44Q, C3,200 44, 44Q,200 Avant 44, 44Q,100 43, C2,200 43,100 Avant 43, C2; LADA: NIVA 2121,NIVA II 2123,KALINA Kombi 1117,KALINA Schr\u00e4gheck 1119,111 2111,110 2110,SAMARA 2108, 2109, 2115, 2113, 2114,PRIORA Kombi 2171,KALINA Stufenheck 1118,GRANTA 2190,112 2112,PRIORA Schr\u00e4gheck 2172,SAMARA Stufenheck 21099, 2115,KALINA Schr\u00e4gheck 2192,GRANTA Schr\u00e4gheck 2191; VOLVO: 240 Kombi P245,240 P242, P244; JAGUAR: XJ NAW, NBW,XJ X300,XJ XJ 40, 81; PORSCHE: 924; TRABANT: 1.1,1.1 Universal,1.1 Tramp; WARTBURG: 353; 21121109080, 1444Q2, 5005156, 5016787, 860X9601BA, A790X9601AA, EAC5672, 21080110901, 210801109011, 21120110908006, 21121109080, 2112110908001, 2112110908002, 2112110908004, 2112110908006, 93182007, 1444Q2, 021129620, 1257305, 12573051, 1328047, 13280474, 021129620, 021129620D<\/p>\n","protected":false},"excerpt":{"rendered":"<p>BOSCH Ilmansuodatin 1 457 429 061  VW,AUDI,LADA,TRANSPORTER III Bus,POLO 86C, 80,POLO Coupe 86C, 80,TRANSPORTER III Kasten,POLO CLASSIC 86C, 80<\/p>\n","protected":false},"featured_media":0,"template":"","meta":{"site-sidebar-layout":"default","site-content-layout":"default","ast-global-header-display":"","ast-main-header-display":"","ast-hfb-above-header-display":"","ast-hfb-below-header-display":"","ast-hfb-mobile-header-display":"","site-post-title":"","ast-breadcrumbs-content":"","ast-featured-img":"","footer-sml-layout":"","theme-transparent-header-meta":"","adv-header-id-meta":"","stick-header-meta":"","header-above-stick-meta":"","header-main-stick-meta":"","header-below-stick-meta":""},"pwb-brand":[534],"product_cat":[31],"product_tag":[],"class_list":{"0":"post-59442","1":"product","2":"type-product","3":"status-publish","5":"pwb-brand-bosch","6":"product_cat-ilmansuodatin","7":"desktop-align-left","8":"tablet-align-left","9":"mobile-align-left","11":"first","12":"instock","13":"product-type-external"},"brands":[{"id":534,"name":"Bosch","slug":"bosch"}],"_links":{"self":[{"href":"https:\/\/www.autonvaraosahaku.fi\/index.php?rest_route=\/wp\/v2\/product\/59442","targetHints":{"allow":["GET"]}}],"collection":[{"href":"https:\/\/www.autonvaraosahaku.fi\/index.php?rest_route=\/wp\/v2\/product"}],"about":[{"href":"https:\/\/www.autonvaraosahaku.fi\/index.php?rest_route=\/wp\/v2\/types\/product"}],"wp:attachment":[{"href":"https:\/\/www.autonvaraosahaku.fi\/index.php?rest_route=%2Fwp%2Fv2%2Fmedia&parent=59442"}],"wp:term":[{"taxonomy":"pwb-brand","embeddable":true,"href":"https:\/\/www.autonvaraosahaku.fi\/index.php?rest_route=%2Fwp%2Fv2%2Fpwb-brand&post=59442"},{"taxonomy":"product_cat","embeddable":true,"href":"https:\/\/www.autonvaraosahaku.fi\/index.php?rest_route=%2Fwp%2Fv2%2Fproduct_cat&post=59442"},{"taxonomy":"product_tag","embeddable":true,"href":"https:\/\/www.autonvaraosahaku.fi\/index.php?rest_route=%2Fwp%2Fv2%2Fproduct_tag&post=59442"}],"curies":[{"name":"wp","href":"https:\/\/api.w.org\/{rel}","templated":true}]}}