{"id":59619,"date":"2021-02-21T18:15:28","date_gmt":"2021-02-21T18:15:28","guid":{"rendered":"https:\/\/www.autonvaraosahaku.fi\/?product=bosch-0-986-332-001-ohjainlaite-lammitys-tuuletus"},"modified":"2021-02-21T18:15:31","modified_gmt":"2021-02-21T18:15:31","slug":"bosch-0-986-332-001-ohjainlaite-lammitys-tuuletus","status":"publish","type":"product","link":"https:\/\/www.autonvaraosahaku.fi\/?product=bosch-0-986-332-001-ohjainlaite-lammitys-tuuletus","title":{"rendered":"Bosch 0 986 332 001 Ohjainlaite l\u00e4mmitys tuuletus"},"content":{"rendered":"<p>Yhdistelm\u00e4kytkintoiminto: P\u00e4\u00e4lle\/pois-katkaisija; Nimellisvirta [A]: 70; Nimellisj\u00e4nnite (V): 12; Napojen m\u00e4\u00e4r\u00e4: 4; Reletoiminto: Ty\u00f6katkaisin; Kotelomalli: Koppa muovikannella; Suojausmalli (IP-koodi): IP20; L\u00e4mp\u00f6alue alkaen [\u00b0C]: -40; L\u00e4mp\u00f6tila-alue korkeintaan [\u00b0C]: 85; V\u00e4ri: Musta; Vastus [Ohm]: 63; Pituus (mm): 28; Leveys (mm): 28; Korkeus (mm): 40; Valmistusvuosi alkaen: 09\/2002; 191937503, 443951253J, 7M0951253A, 8D0951253, 51395260, 1425754, 5M5T14B192EA, 368604X000, 368604X000, 0025422619, 002542261964, A0025422619, A002542261964, 1238612, 90226846, 191937503, 7M0951253A, 191937503, 7M0951253A, 171937503A, 191937503, 443951253J, 7M0951253A, 8D0951253, 8E0951253<\/p>\n","protected":false},"excerpt":{"rendered":"<p>BOSCH Ohjainlaite, Hehkutusj\u00e4rjest. 0 986 332 001<\/p>\n","protected":false},"featured_media":0,"template":"","meta":{"site-sidebar-layout":"default","site-content-layout":"default","ast-global-header-display":"","ast-main-header-display":"","ast-hfb-above-header-display":"","ast-hfb-below-header-display":"","ast-hfb-mobile-header-display":"","site-post-title":"","ast-breadcrumbs-content":"","ast-featured-img":"","footer-sml-layout":"","theme-transparent-header-meta":"","adv-header-id-meta":"","stick-header-meta":"","header-above-stick-meta":"","header-main-stick-meta":"","header-below-stick-meta":""},"pwb-brand":[534],"product_cat":[262],"product_tag":[],"class_list":{"0":"post-59619","1":"product","2":"type-product","3":"status-publish","5":"pwb-brand-bosch","6":"product_cat-ohjainlaite-lammitys-tuuletus","7":"desktop-align-left","8":"tablet-align-left","9":"mobile-align-left","11":"first","12":"instock","13":"product-type-external"},"brands":[{"id":534,"name":"Bosch","slug":"bosch"}],"_links":{"self":[{"href":"https:\/\/www.autonvaraosahaku.fi\/index.php?rest_route=\/wp\/v2\/product\/59619","targetHints":{"allow":["GET"]}}],"collection":[{"href":"https:\/\/www.autonvaraosahaku.fi\/index.php?rest_route=\/wp\/v2\/product"}],"about":[{"href":"https:\/\/www.autonvaraosahaku.fi\/index.php?rest_route=\/wp\/v2\/types\/product"}],"wp:attachment":[{"href":"https:\/\/www.autonvaraosahaku.fi\/index.php?rest_route=%2Fwp%2Fv2%2Fmedia&parent=59619"}],"wp:term":[{"taxonomy":"pwb-brand","embeddable":true,"href":"https:\/\/www.autonvaraosahaku.fi\/index.php?rest_route=%2Fwp%2Fv2%2Fpwb-brand&post=59619"},{"taxonomy":"product_cat","embeddable":true,"href":"https:\/\/www.autonvaraosahaku.fi\/index.php?rest_route=%2Fwp%2Fv2%2Fproduct_cat&post=59619"},{"taxonomy":"product_tag","embeddable":true,"href":"https:\/\/www.autonvaraosahaku.fi\/index.php?rest_route=%2Fwp%2Fv2%2Fproduct_tag&post=59619"}],"curies":[{"name":"wp","href":"https:\/\/api.w.org\/{rel}","templated":true}]}}