{"id":59636,"date":"2021-02-21T18:15:32","date_gmt":"2021-02-21T18:15:32","guid":{"rendered":"https:\/\/www.autonvaraosahaku.fi\/?product=bosch-0-450-905-021-polttoainesuodatin"},"modified":"2021-02-21T18:15:35","modified_gmt":"2021-02-21T18:15:35","slug":"bosch-0-450-905-021-polttoainesuodatin","status":"publish","type":"product","link":"https:\/\/www.autonvaraosahaku.fi\/?product=bosch-0-450-905-021-polttoainesuodatin","title":{"rendered":"Bosch 0 450 905 021 Polttoainesuodatin"},"content":{"rendered":"<p>Polttoainej\u00e4rjestelm\u00e4: Bensiiniruiskutus; Suodatintyyppi: Letkusuodatin; L\u00e4pimitta [mm]: 64; Korkeus (mm): 136; Kierre sis\u00e4\u00e4ntulo: M 14 x 1,5; Kierre ulostulo: M 12 x 1,5; Valmistusvuoteen: 07\/1981; VW: GOLF I Cabriolet 155,SCIROCCO 53B,GOLF I 17,SCIROCCO 53,JETTA I 16; AUDI: 80 81, 85, B2,80 80, 82, B1,100 43, C2,200 43,100 Avant 43, C2; LANCIA: DELTA I 831AB0,THEMA 834,DELTA II 836,DEDRA 835,DEDRA SW 835,PRISMA 831AB0; VOLVO: 240 Kombi P245,240 P242, P244,260 P262, P264,260 Coupe P262,260 Kombi P265; SAAB: 900 I Cabriolet,900 I Combi Coupe,900 I AC4, AM4,99,99 Combi Coupe; FORD: CAPRI III GECP,GRANADA GU,GRANADA Kombi GNU; RENAULT: 5 122_,25 B29_,30 127_; FIAT: DUCATO Pritsche\/Fahrgestell 230,DUCATO Bus 230,PUNTO 176,DUCATO Kasten 230L,COUPE FA\/175,TIPO 160,CROMA 154,TEMPRA 159,TEMPRA S.W. 159; CITRO\u00cbN: JUMPER Kasten 230L,CX II,JUMPER Bus 230P,JUMPER Pritsche\/Fahrgestell 230; PEUGEOT: 504 A_, M_,504 Cabriolet,505 551A,504 Coupe,604 561A_; 431131151, 431133511, 431133511A, 13321262324, 90575409, 156774, 156775, 7910246710, 91505306, 95636790, 113977, 264056, 71736109, 71736112, 82403555, 82403585, 82434499, 5101917, 6058519, 76GB9155AB, 78GB9155AB, 78GB9155BA, 25055121, 90542540, 71736112, 82434499, 0010923301, A0010923301, 90541540, 90542540, 90575409, 156705, 156774, 1567A9, 91505306, 431133511, 91111017602, 93011007600, 93011019600, 93011019601, 93011044800, 6001000471, 7700268752, 8319753, 8339731, 1276050, 12760500, 431131151, 431133511, 431133511A<\/p>\n","protected":false},"excerpt":{"rendered":"<p>BOSCH Polttoainesuodatin 0 450 905 021  VW,AUDI,LANCIA,GOLF I Cabriolet 155,SCIROCCO 53B,GOLF I 17,SCIROCCO 53,JETTA I 16,80 81, 85, B2,80 80, 82, B1<\/p>\n","protected":false},"featured_media":0,"template":"","meta":{"site-sidebar-layout":"default","site-content-layout":"default","ast-global-header-display":"","ast-main-header-display":"","ast-hfb-above-header-display":"","ast-hfb-below-header-display":"","ast-hfb-mobile-header-display":"","site-post-title":"","ast-breadcrumbs-content":"","ast-featured-img":"","footer-sml-layout":"","theme-transparent-header-meta":"","adv-header-id-meta":"","stick-header-meta":"","header-above-stick-meta":"","header-main-stick-meta":"","header-below-stick-meta":""},"pwb-brand":[534],"product_cat":[29],"product_tag":[],"class_list":{"0":"post-59636","1":"product","2":"type-product","3":"status-publish","5":"pwb-brand-bosch","6":"product_cat-polttoainesuodatin","7":"desktop-align-left","8":"tablet-align-left","9":"mobile-align-left","11":"first","12":"instock","13":"product-type-external"},"brands":[{"id":534,"name":"Bosch","slug":"bosch"}],"_links":{"self":[{"href":"https:\/\/www.autonvaraosahaku.fi\/index.php?rest_route=\/wp\/v2\/product\/59636","targetHints":{"allow":["GET"]}}],"collection":[{"href":"https:\/\/www.autonvaraosahaku.fi\/index.php?rest_route=\/wp\/v2\/product"}],"about":[{"href":"https:\/\/www.autonvaraosahaku.fi\/index.php?rest_route=\/wp\/v2\/types\/product"}],"wp:attachment":[{"href":"https:\/\/www.autonvaraosahaku.fi\/index.php?rest_route=%2Fwp%2Fv2%2Fmedia&parent=59636"}],"wp:term":[{"taxonomy":"pwb-brand","embeddable":true,"href":"https:\/\/www.autonvaraosahaku.fi\/index.php?rest_route=%2Fwp%2Fv2%2Fpwb-brand&post=59636"},{"taxonomy":"product_cat","embeddable":true,"href":"https:\/\/www.autonvaraosahaku.fi\/index.php?rest_route=%2Fwp%2Fv2%2Fproduct_cat&post=59636"},{"taxonomy":"product_tag","embeddable":true,"href":"https:\/\/www.autonvaraosahaku.fi\/index.php?rest_route=%2Fwp%2Fv2%2Fproduct_tag&post=59636"}],"curies":[{"name":"wp","href":"https:\/\/api.w.org\/{rel}","templated":true}]}}