{"id":59693,"date":"2021-02-21T18:15:47","date_gmt":"2021-02-21T18:15:47","guid":{"rendered":"https:\/\/www.autonvaraosahaku.fi\/?product=bosch-0-580-254-911-polttoainepumppu"},"modified":"2021-02-21T18:15:49","modified_gmt":"2021-02-21T18:15:49","slug":"bosch-0-580-254-911-polttoainepumppu","status":"publish","type":"product","link":"https:\/\/www.autonvaraosahaku.fi\/?product=bosch-0-580-254-911-polttoainepumppu","title":{"rendered":"Bosch 0 580 254 911 Polttoainepumppu"},"content":{"rendered":"<p>Asennuspuoli: Polttoainejohdin; K\u00e4ytt\u00f6: S\u00e4hk\u00f6inen; TECDOC-moottorinumero: 5050; MERCEDES-BENZ: C-CLASS W202,190 W201,SLK R170,E-CLASS W210,Stufenheck W124,E-CLASS Kombi S210,SL R129,SL R107,S-CLASS W126,KOMBI Kombi S124,E-CLASS W124,G-CLASS W463,COUPE C124,S-CLASS W140,E-CLASS Kombi S124,S-CLASS Coupe C126,G-CLASS W461,E-CLASS Cabriolet A124,E-CLASS Coupe C124,S-CLASS Coupe C140,CABRIOLET A124,G-CLASS Cabrio W463; FORD: SIERRA GBG, GB4,SIERRA Schr\u00e4gheck GBC, GBG,SCORPIO I GAE, GGE,SIERRA Schr\u00e4gheck GBC,SCORPIO I Stufenheck GGE,SIERRA Kombi BNG,SCORPIO I Kombi GGE,SIERRA Kombi BNC; PUCH: G-MODELL W 463; 313720126, 6127983, 6158319, 6165570, 6165571, 85BB9350AA, 85GB9350BA, 86BB9350AA, 86GB9350BA, 89GB9350BA, 0020915901, 0020918801, 0020918901, 0020919701, 0030915301, A0020915901, A0020918801, A0020918901, A0020919701, A0030915301<\/p>\n","protected":false},"excerpt":{"rendered":"<p>BOSCH Polttoainepumppu 0 580 254 911  MERCEDES-BENZ,FORD,PUCH,C-CLASS W202,190 W201,SLK R170,E-CLASS W210,Stufenheck W124,E-CLASS Kombi S210,SL R129<\/p>\n","protected":false},"featured_media":0,"template":"","meta":{"site-sidebar-layout":"default","site-content-layout":"default","ast-global-header-display":"","ast-main-header-display":"","ast-hfb-above-header-display":"","ast-hfb-below-header-display":"","ast-hfb-mobile-header-display":"","site-post-title":"","ast-breadcrumbs-content":"","ast-featured-img":"","footer-sml-layout":"","theme-transparent-header-meta":"","adv-header-id-meta":"","stick-header-meta":"","header-above-stick-meta":"","header-main-stick-meta":"","header-below-stick-meta":""},"pwb-brand":[534],"product_cat":[73],"product_tag":[],"class_list":{"0":"post-59693","1":"product","2":"type-product","3":"status-publish","5":"pwb-brand-bosch","6":"product_cat-polttoainepumppu","7":"desktop-align-left","8":"tablet-align-left","9":"mobile-align-left","11":"first","12":"instock","13":"product-type-external"},"brands":[{"id":534,"name":"Bosch","slug":"bosch"}],"_links":{"self":[{"href":"https:\/\/www.autonvaraosahaku.fi\/index.php?rest_route=\/wp\/v2\/product\/59693","targetHints":{"allow":["GET"]}}],"collection":[{"href":"https:\/\/www.autonvaraosahaku.fi\/index.php?rest_route=\/wp\/v2\/product"}],"about":[{"href":"https:\/\/www.autonvaraosahaku.fi\/index.php?rest_route=\/wp\/v2\/types\/product"}],"wp:attachment":[{"href":"https:\/\/www.autonvaraosahaku.fi\/index.php?rest_route=%2Fwp%2Fv2%2Fmedia&parent=59693"}],"wp:term":[{"taxonomy":"pwb-brand","embeddable":true,"href":"https:\/\/www.autonvaraosahaku.fi\/index.php?rest_route=%2Fwp%2Fv2%2Fpwb-brand&post=59693"},{"taxonomy":"product_cat","embeddable":true,"href":"https:\/\/www.autonvaraosahaku.fi\/index.php?rest_route=%2Fwp%2Fv2%2Fproduct_cat&post=59693"},{"taxonomy":"product_tag","embeddable":true,"href":"https:\/\/www.autonvaraosahaku.fi\/index.php?rest_route=%2Fwp%2Fv2%2Fproduct_tag&post=59693"}],"curies":[{"name":"wp","href":"https:\/\/api.w.org\/{rel}","templated":true}]}}