{"id":59699,"date":"2021-02-21T18:15:47","date_gmt":"2021-02-21T18:15:47","guid":{"rendered":"https:\/\/www.autonvaraosahaku.fi\/?product=bosch-0-242-245-558-sytytystulpat"},"modified":"2021-02-21T18:15:50","modified_gmt":"2021-02-21T18:15:50","slug":"bosch-0-242-245-558-sytytystulpat","status":"publish","type":"product","link":"https:\/\/www.autonvaraosahaku.fi\/?product=bosch-0-242-245-558-sytytystulpat","title":{"rendered":"Bosch 0 242 245 558 Sytytystulpat"},"content":{"rendered":"<p>K\u00e4rkiv\u00e4li (mm): 1,0; Kiristysmomentti: 28; Kiristyskulma [Grad]: 90; Ulkokierre [mm]: 14; Kierrenousu (mm): 1,25; Kierteen pituus (mm): 19; Avainv\u00e4li: 16; Kipin\u00e4et\u00e4isyys [mm]: 3; Napojen m\u00e4\u00e4r\u00e4: 1; TECDOC-moottorinumero: 130; NISSAN: 200 SX S14,300 ZX Z32,SUNNY III N14,SUNNY III Liftback N14,200 SX S15; HONDA: CIVIC VII Hatchback EU, EP, EV,CIVIC VIII Stufenheck FD, FA; LEXUS: LS UCF10; SUBARU: FORESTER SF,IMPREZA Stufenheck GC,LEGACY II Station Wagon BD, BG,IMPREZA Station Wagon GF,LEGACY IV BL, BP,SVX CX,LEGACY II BD, BG,IMPREZA Coupe GFC,LEGACY OUTBACK BG; TOYOTA: RAV 4 I SXA1_,MR 2 II SW2_,CELICA Coupe AT18_, ST18_,COROLLA _E9_; SAAB: 900 I Cabriolet,900 I Combi Coupe,900 I AC4, AM4; FORD: GALAXY WGR,TRANSIT  MK-5 Bus E_ _,TRANSIT MK-5 Pritsche\/Fahrgestell E_ _,TRANSIT MK-5 Kasten E_ _,TRANSIT TOURNEO E_; ALFA ROMEO: SPIDER 916S_,164 164; MITSUBISHI: PAJERO III V7_W, V6_W,PAJERO II V3_W, V2_W, V4_W,PAJERO SPORT K90,3000 GT Z16A,SIGMA F2_A, F1_A,PAJERO SPORT VAN K90,PAJERO III Gel\u00e4ndewagen offen V6_W, V7_W,GALANT V Stufenheck E5_A, E7_A, E8_A,GALANT V E5_A, E7_A, E8_A,PAJERO II Canvas Top V2_W, V4_W,FTO Coupe DE_A,GTO Coupe Z1_A; ALPINA: B7 E65; 60579903, 12120035747, 12120035747, MS851336, MS851502, 1086019, 95WF12405BB, 9091901178, 9091901180, 909190118083, MS851336, 2240127N66, 7568900, 9188681, 22401AA370, 22401AA400, 9091901178, 9091901180, 909190118083; Tulpat,Sytytystulppa<\/p>\n","protected":false},"excerpt":{"rendered":"<p>BOSCH Sytytystulpat 0 242 245 558 Tulpat,Sytytystulppa NISSAN,HONDA,LEXUS,200 SX S14,300 ZX Z32,SUNNY III N14,SUNNY III Liftback N14,200 SX S15<\/p>\n","protected":false},"featured_media":0,"template":"","meta":{"site-sidebar-layout":"default","site-content-layout":"default","ast-global-header-display":"","ast-main-header-display":"","ast-hfb-above-header-display":"","ast-hfb-below-header-display":"","ast-hfb-mobile-header-display":"","site-post-title":"","ast-breadcrumbs-content":"","ast-featured-img":"","footer-sml-layout":"","theme-transparent-header-meta":"","adv-header-id-meta":"","stick-header-meta":"","header-above-stick-meta":"","header-main-stick-meta":"","header-below-stick-meta":""},"pwb-brand":[534],"product_cat":[165],"product_tag":[],"class_list":{"0":"post-59699","1":"product","2":"type-product","3":"status-publish","5":"pwb-brand-bosch","6":"product_cat-sytytystulpat","7":"desktop-align-left","8":"tablet-align-left","9":"mobile-align-left","11":"first","12":"instock","13":"product-type-external"},"brands":[{"id":534,"name":"Bosch","slug":"bosch"}],"_links":{"self":[{"href":"https:\/\/www.autonvaraosahaku.fi\/index.php?rest_route=\/wp\/v2\/product\/59699","targetHints":{"allow":["GET"]}}],"collection":[{"href":"https:\/\/www.autonvaraosahaku.fi\/index.php?rest_route=\/wp\/v2\/product"}],"about":[{"href":"https:\/\/www.autonvaraosahaku.fi\/index.php?rest_route=\/wp\/v2\/types\/product"}],"wp:attachment":[{"href":"https:\/\/www.autonvaraosahaku.fi\/index.php?rest_route=%2Fwp%2Fv2%2Fmedia&parent=59699"}],"wp:term":[{"taxonomy":"pwb-brand","embeddable":true,"href":"https:\/\/www.autonvaraosahaku.fi\/index.php?rest_route=%2Fwp%2Fv2%2Fpwb-brand&post=59699"},{"taxonomy":"product_cat","embeddable":true,"href":"https:\/\/www.autonvaraosahaku.fi\/index.php?rest_route=%2Fwp%2Fv2%2Fproduct_cat&post=59699"},{"taxonomy":"product_tag","embeddable":true,"href":"https:\/\/www.autonvaraosahaku.fi\/index.php?rest_route=%2Fwp%2Fv2%2Fproduct_tag&post=59699"}],"curies":[{"name":"wp","href":"https:\/\/api.w.org\/{rel}","templated":true}]}}