{"id":59706,"date":"2021-02-21T18:15:52","date_gmt":"2021-02-21T18:15:52","guid":{"rendered":"https:\/\/www.autonvaraosahaku.fi\/?product=bosch-0-986-478-344-jarrulevyt"},"modified":"2021-02-21T18:15:53","modified_gmt":"2021-02-21T18:15:53","slug":"bosch-0-986-478-344-jarrulevyt","status":"publish","type":"product","link":"https:\/\/www.autonvaraosahaku.fi\/?product=bosch-0-986-478-344-jarrulevyt","title":{"rendered":"Bosch 0 986 478 344 Jarrulevyt"},"content":{"rendered":"<p>Ulkol\u00e4pimitta [mm]: 252,7; Jarrulevyn paksuus (mm): 10,2; V\u00e4himm\u00e4ispaksuus (mm): 8,9; Korkeus (mm): 33; Reik\u00e4ympyr\u00e4-\u00d8 [mm]: 107,95; Jarrulevytyyppi: Vakiomalli; keskitt\u00e4misl\u00e4pimitta [mm]: 63,6; Reikien m\u00e4\u00e4r\u00e4: 4; Pinta: rasvattu; t\u00e4ytt\u00e4\u00e4 ECE-normin: ECE-R90; Porausreik\u00e4l\u00e4pimitta enint\u00e4\u00e4n [mm]: 13,8; Asennuspuoli: Hinterachse; FORD: FIESTA V JH_, JD_,FIESTA VI,FOCUS Kombi DNW,FOCUS II DA_,FOCUS DAW, DBW,FIESTA Stufenheck JA8 JR8,FOCUS Stufenheck DFW,FOCUS II Stufenheck DA_,SIERRA GBG, GB4,FIESTA VI Van,SCORPIO II GFR, GGR,SIERRA Schr\u00e4gheck GBC, GBG,SIERRA Schr\u00e4gheck GBC,SIERRA Kombi BNG,SIERRA Kombi BNC; 1073756, 1323621, 1373781, 1514237, 1630149, 1637969, 1659810, 1756882, 1780880, 4083484, 5022666, 5023483, 5030658, 7204066, 95GB2A315B1C, 95GB2A315FA, 95GX2A315EA, 95GX2A315EB, C1BC2A315AA, V85BX2A315AB, M14006; Jarrulevy<\/p>\n","protected":false},"excerpt":{"rendered":"<p>BOSCH Jarrulevyt 0 986 478 344 Jarrulevy FORD,FIESTA V JH_, JD_,FIESTA VI,FOCUS Kombi DNW,FOCUS II DA_,FOCUS DAW, DBW,FIESTA Stufenheck JA8 JR8<\/p>\n","protected":false},"featured_media":0,"template":"","meta":{"site-sidebar-layout":"default","site-content-layout":"default","ast-global-header-display":"","ast-main-header-display":"","ast-hfb-above-header-display":"","ast-hfb-below-header-display":"","ast-hfb-mobile-header-display":"","site-post-title":"","ast-breadcrumbs-content":"","ast-featured-img":"","footer-sml-layout":"","theme-transparent-header-meta":"","adv-header-id-meta":"","stick-header-meta":"","header-above-stick-meta":"","header-main-stick-meta":"","header-below-stick-meta":""},"pwb-brand":[534],"product_cat":[66],"product_tag":[],"class_list":{"0":"post-59706","1":"product","2":"type-product","3":"status-publish","5":"pwb-brand-bosch","6":"product_cat-jarrulevyt","7":"desktop-align-left","8":"tablet-align-left","9":"mobile-align-left","11":"first","12":"instock","13":"product-type-external"},"brands":[{"id":534,"name":"Bosch","slug":"bosch"}],"_links":{"self":[{"href":"https:\/\/www.autonvaraosahaku.fi\/index.php?rest_route=\/wp\/v2\/product\/59706","targetHints":{"allow":["GET"]}}],"collection":[{"href":"https:\/\/www.autonvaraosahaku.fi\/index.php?rest_route=\/wp\/v2\/product"}],"about":[{"href":"https:\/\/www.autonvaraosahaku.fi\/index.php?rest_route=\/wp\/v2\/types\/product"}],"wp:attachment":[{"href":"https:\/\/www.autonvaraosahaku.fi\/index.php?rest_route=%2Fwp%2Fv2%2Fmedia&parent=59706"}],"wp:term":[{"taxonomy":"pwb-brand","embeddable":true,"href":"https:\/\/www.autonvaraosahaku.fi\/index.php?rest_route=%2Fwp%2Fv2%2Fpwb-brand&post=59706"},{"taxonomy":"product_cat","embeddable":true,"href":"https:\/\/www.autonvaraosahaku.fi\/index.php?rest_route=%2Fwp%2Fv2%2Fproduct_cat&post=59706"},{"taxonomy":"product_tag","embeddable":true,"href":"https:\/\/www.autonvaraosahaku.fi\/index.php?rest_route=%2Fwp%2Fv2%2Fproduct_tag&post=59706"}],"curies":[{"name":"wp","href":"https:\/\/api.w.org\/{rel}","templated":true}]}}