{"id":59730,"date":"2021-02-21T18:15:57","date_gmt":"2021-02-21T18:15:57","guid":{"rendered":"https:\/\/www.autonvaraosahaku.fi\/?product=bosch-0-986-478-847-jarrulevyt"},"modified":"2021-02-21T18:15:58","modified_gmt":"2021-02-21T18:15:58","slug":"bosch-0-986-478-847-jarrulevyt","status":"publish","type":"product","link":"https:\/\/www.autonvaraosahaku.fi\/?product=bosch-0-986-478-847-jarrulevyt","title":{"rendered":"Bosch 0 986 478 847 Jarrulevyt"},"content":{"rendered":"<p>Ulkol\u00e4pimitta [mm]: 266; Jarrulevyn paksuus (mm): 13; V\u00e4himm\u00e4ispaksuus (mm): 11; Korkeus (mm): 27,1; Reik\u00e4ympyr\u00e4-\u00d8 [mm]: 107,95; Jarrulevytyyppi: Vakiomalli; keskitt\u00e4misl\u00e4pimitta [mm]: 66,02; Reikien m\u00e4\u00e4r\u00e4: 4; Pinta: rasvattu; t\u00e4ytt\u00e4\u00e4 ECE-normin: ECE-R90; Porausreik\u00e4l\u00e4pimitta enint\u00e4\u00e4n [mm]: 13; Valmistusvuoteen: 11\/2002; PEUGEOT: 208,PARTNER Combispace 5F,PARTNER Kasten 5,301; CITRO\u00cbN: BERLINGO MF,C2 JM_,C3 I FC_,BERLINGO Kasten M_,C3 II,C2 ENTERPRISE,C-ELYSEE,C4 CACTUS; 1608691680, 4246R2, 4246R4, 424982, M12065, 1608691680, 4246R2, 4246R4, 424982; Jarrulevy<\/p>\n","protected":false},"excerpt":{"rendered":"<p>BOSCH Jarrulevyt 0 986 478 847 Jarrulevy PEUGEOT,CITRO\u00cbN,208,PARTNER Combispace 5F,PARTNER Kasten 5,301,BERLINGO MF,C2 JM_,C3 I FC_,BERLINGO Kasten M_<\/p>\n","protected":false},"featured_media":0,"template":"","meta":{"site-sidebar-layout":"default","site-content-layout":"default","ast-global-header-display":"","ast-main-header-display":"","ast-hfb-above-header-display":"","ast-hfb-below-header-display":"","ast-hfb-mobile-header-display":"","site-post-title":"","ast-breadcrumbs-content":"","ast-featured-img":"","footer-sml-layout":"","theme-transparent-header-meta":"","adv-header-id-meta":"","stick-header-meta":"","header-above-stick-meta":"","header-main-stick-meta":"","header-below-stick-meta":""},"pwb-brand":[534],"product_cat":[66],"product_tag":[],"class_list":{"0":"post-59730","1":"product","2":"type-product","3":"status-publish","5":"pwb-brand-bosch","6":"product_cat-jarrulevyt","7":"desktop-align-left","8":"tablet-align-left","9":"mobile-align-left","11":"first","12":"instock","13":"product-type-external"},"brands":[{"id":534,"name":"Bosch","slug":"bosch"}],"_links":{"self":[{"href":"https:\/\/www.autonvaraosahaku.fi\/index.php?rest_route=\/wp\/v2\/product\/59730","targetHints":{"allow":["GET"]}}],"collection":[{"href":"https:\/\/www.autonvaraosahaku.fi\/index.php?rest_route=\/wp\/v2\/product"}],"about":[{"href":"https:\/\/www.autonvaraosahaku.fi\/index.php?rest_route=\/wp\/v2\/types\/product"}],"wp:attachment":[{"href":"https:\/\/www.autonvaraosahaku.fi\/index.php?rest_route=%2Fwp%2Fv2%2Fmedia&parent=59730"}],"wp:term":[{"taxonomy":"pwb-brand","embeddable":true,"href":"https:\/\/www.autonvaraosahaku.fi\/index.php?rest_route=%2Fwp%2Fv2%2Fpwb-brand&post=59730"},{"taxonomy":"product_cat","embeddable":true,"href":"https:\/\/www.autonvaraosahaku.fi\/index.php?rest_route=%2Fwp%2Fv2%2Fproduct_cat&post=59730"},{"taxonomy":"product_tag","embeddable":true,"href":"https:\/\/www.autonvaraosahaku.fi\/index.php?rest_route=%2Fwp%2Fv2%2Fproduct_tag&post=59730"}],"curies":[{"name":"wp","href":"https:\/\/api.w.org\/{rel}","templated":true}]}}