{"id":59737,"date":"2021-02-21T18:15:57","date_gmt":"2021-02-21T18:15:57","guid":{"rendered":"https:\/\/www.autonvaraosahaku.fi\/?product=bosch-0-986-424-488-jarrupalat"},"modified":"2021-02-21T18:15:59","modified_gmt":"2021-02-21T18:15:59","slug":"bosch-0-986-424-488-jarrupalat","status":"publish","type":"product","link":"https:\/\/www.autonvaraosahaku.fi\/?product=bosch-0-986-424-488-jarrupalat","title":{"rendered":"Bosch 0 986 424 488 Jarrupalat"},"content":{"rendered":"<p>Kulumisenilmaisimen liitos: akustisella kulumavaroittimella; Korvaava tuote\/korvaava tiedote 2: Huudonvaimennuspellill\u00e4, M\u00e4nn\u00e4n lukoilla; Suositellun tarvikkeen tuotenumero: 1 987 474 241; Materiaali: Low-Metallic; Tarkistuskilpi: ECE-R90; WVA-numero: 23116; Korkeus (mm): 74,2; Leveys 1 (mm): 155,4; Leveys 2 (mm): 156,4; Paksuus 1 [mm]: 19,5; Paksuus 2 [mm]: 20,3; Jarruj\u00e4rjestelm\u00e4: ATE; M\u00e4\u00e4r\u00e4yksikk\u00f6: Akselisarja; Valmistusvuosi alkaen: 09\/1996; OPEL: ZAFIRA A F75_,ASTRA G CC F48_, F08_,ASTRA G Caravan F35_,ASTRA G Coupe F07_; SAAB: 9-5 Kombi YS3E,9-3 YS3D,9-5 YS3E,9-3 Cabriolet YS3D,900 II Cabriolet,900 II,900 II Coupe; VAUXHALL: ZAFIRA Mk I A F75,ASTRA Mk IV G CC; 1605032, 4778254, 4839924, 5055371, 5062211, 5124078, 5392485, 5532544, 5533518, 93173734, 93192749, 21018993, 1605032, 4778254, 4839924, 5055371, 5062211, 5124078, 5392485, 5532544, 5533518, 93173734, 93192749, 1605032, 1605984, 4778254, 4839924, 5055371, 5062211, 5124078, 5392485, 5532544, 5533518, 93173734, 93192749, 1605032, 4778254, 4839924, 5055371, 5062211, 5064795, 5124078, 5392485, 5532544, 5533518, 93173734, 93192749, 1605032, 4778254, 4839924, 5055371, 5062211, 5124078, 5392485, 5532544, 5533518, 9195064, 93173734, 93192749; Jarrupalasarja,Jarrupala, Levyjarru<\/p>\n","protected":false},"excerpt":{"rendered":"<p>BOSCH Jarrupalat 0 986 424 488 Jarrupalasarja,Jarrupala, Levyjarru OPEL,SAAB,VAUXHALL,ZAFIRA A F75_,ASTRA G CC F48_, F08_,ASTRA G Caravan F35_<\/p>\n","protected":false},"featured_media":0,"template":"","meta":{"site-sidebar-layout":"default","site-content-layout":"default","ast-global-header-display":"","ast-main-header-display":"","ast-hfb-above-header-display":"","ast-hfb-below-header-display":"","ast-hfb-mobile-header-display":"","site-post-title":"","ast-breadcrumbs-content":"","ast-featured-img":"","footer-sml-layout":"","theme-transparent-header-meta":"","adv-header-id-meta":"","stick-header-meta":"","header-above-stick-meta":"","header-main-stick-meta":"","header-below-stick-meta":""},"pwb-brand":[534],"product_cat":[100],"product_tag":[],"class_list":{"0":"post-59737","1":"product","2":"type-product","3":"status-publish","5":"pwb-brand-bosch","6":"product_cat-jarrupalat","7":"desktop-align-left","8":"tablet-align-left","9":"mobile-align-left","11":"first","12":"instock","13":"product-type-external"},"brands":[{"id":534,"name":"Bosch","slug":"bosch"}],"_links":{"self":[{"href":"https:\/\/www.autonvaraosahaku.fi\/index.php?rest_route=\/wp\/v2\/product\/59737","targetHints":{"allow":["GET"]}}],"collection":[{"href":"https:\/\/www.autonvaraosahaku.fi\/index.php?rest_route=\/wp\/v2\/product"}],"about":[{"href":"https:\/\/www.autonvaraosahaku.fi\/index.php?rest_route=\/wp\/v2\/types\/product"}],"wp:attachment":[{"href":"https:\/\/www.autonvaraosahaku.fi\/index.php?rest_route=%2Fwp%2Fv2%2Fmedia&parent=59737"}],"wp:term":[{"taxonomy":"pwb-brand","embeddable":true,"href":"https:\/\/www.autonvaraosahaku.fi\/index.php?rest_route=%2Fwp%2Fv2%2Fpwb-brand&post=59737"},{"taxonomy":"product_cat","embeddable":true,"href":"https:\/\/www.autonvaraosahaku.fi\/index.php?rest_route=%2Fwp%2Fv2%2Fproduct_cat&post=59737"},{"taxonomy":"product_tag","embeddable":true,"href":"https:\/\/www.autonvaraosahaku.fi\/index.php?rest_route=%2Fwp%2Fv2%2Fproduct_tag&post=59737"}],"curies":[{"name":"wp","href":"https:\/\/api.w.org\/{rel}","templated":true}]}}