{"id":59774,"date":"2021-02-21T18:16:06","date_gmt":"2021-02-21T18:16:06","guid":{"rendered":"https:\/\/www.autonvaraosahaku.fi\/?product=bosch-0-250-201-035-hehkutulppa"},"modified":"2021-02-21T18:16:09","modified_gmt":"2021-02-21T18:16:09","slug":"bosch-0-250-201-035-hehkutulppa","status":"publish","type":"product","link":"https:\/\/www.autonvaraosahaku.fi\/?product=bosch-0-250-201-035-hehkutulppa","title":{"rendered":"Bosch 0 250 201 035 Hehkutulppa"},"content":{"rendered":"<p>Hehkutulppatyyppi: Hehkutulppa, puikko, j\u00e4lkihehkutuksenkest\u00e4v\u00e4; Pituus (mm): 120, 120; Kierre 1: M 12 x 1,25; Kartionousu: 63; Avainv\u00e4li: 12; Kiristysmomentti > [Nm]: 15; Kiristysmomentti enint\u00e4\u00e4n [Nm]: 25; Liittimet: PIN; Asennussyvyys (mm): 28; Valmistusvuosi alkaen: 07\/1993; MERCEDES-BENZ: C-CLASS W202,C-CLASS Kombi S202,E-CLASS W124,E-CLASS Kombi S124; 0011591501, 0011591601, A0011591501, A0011591601<\/p>\n","protected":false},"excerpt":{"rendered":"<p>BOSCH Hehkutulppa 0 250 201 035  MERCEDES-BENZ,C-CLASS W202,C-CLASS Kombi S202,E-CLASS W124,E-CLASS Kombi S124<\/p>\n","protected":false},"featured_media":0,"template":"","meta":{"site-sidebar-layout":"default","site-content-layout":"default","ast-global-header-display":"","ast-main-header-display":"","ast-hfb-above-header-display":"","ast-hfb-below-header-display":"","ast-hfb-mobile-header-display":"","site-post-title":"","ast-breadcrumbs-content":"","ast-featured-img":"","footer-sml-layout":"","theme-transparent-header-meta":"","adv-header-id-meta":"","stick-header-meta":"","header-above-stick-meta":"","header-main-stick-meta":"","header-below-stick-meta":""},"pwb-brand":[534],"product_cat":[52],"product_tag":[],"class_list":{"0":"post-59774","1":"product","2":"type-product","3":"status-publish","5":"pwb-brand-bosch","6":"product_cat-hehkutulppa","7":"desktop-align-left","8":"tablet-align-left","9":"mobile-align-left","11":"first","12":"instock","13":"product-type-external"},"brands":[{"id":534,"name":"Bosch","slug":"bosch"}],"_links":{"self":[{"href":"https:\/\/www.autonvaraosahaku.fi\/index.php?rest_route=\/wp\/v2\/product\/59774","targetHints":{"allow":["GET"]}}],"collection":[{"href":"https:\/\/www.autonvaraosahaku.fi\/index.php?rest_route=\/wp\/v2\/product"}],"about":[{"href":"https:\/\/www.autonvaraosahaku.fi\/index.php?rest_route=\/wp\/v2\/types\/product"}],"wp:attachment":[{"href":"https:\/\/www.autonvaraosahaku.fi\/index.php?rest_route=%2Fwp%2Fv2%2Fmedia&parent=59774"}],"wp:term":[{"taxonomy":"pwb-brand","embeddable":true,"href":"https:\/\/www.autonvaraosahaku.fi\/index.php?rest_route=%2Fwp%2Fv2%2Fpwb-brand&post=59774"},{"taxonomy":"product_cat","embeddable":true,"href":"https:\/\/www.autonvaraosahaku.fi\/index.php?rest_route=%2Fwp%2Fv2%2Fproduct_cat&post=59774"},{"taxonomy":"product_tag","embeddable":true,"href":"https:\/\/www.autonvaraosahaku.fi\/index.php?rest_route=%2Fwp%2Fv2%2Fproduct_tag&post=59774"}],"curies":[{"name":"wp","href":"https:\/\/api.w.org\/{rel}","templated":true}]}}