{"id":59788,"date":"2021-02-21T18:16:11","date_gmt":"2021-02-21T18:16:11","guid":{"rendered":"https:\/\/www.autonvaraosahaku.fi\/?product=bosch-0-986-478-464-jarrulevyt"},"modified":"2021-02-21T18:16:12","modified_gmt":"2021-02-21T18:16:12","slug":"bosch-0-986-478-464-jarrulevyt","status":"publish","type":"product","link":"https:\/\/www.autonvaraosahaku.fi\/?product=bosch-0-986-478-464-jarrulevyt","title":{"rendered":"Bosch 0 986 478 464 Jarrulevyt"},"content":{"rendered":"<p>Ulkol\u00e4pimitta [mm]: 247; Jarrulevyn paksuus (mm): 8; V\u00e4himm\u00e4ispaksuus (mm): 6; Korkeus (mm): 25,3; Reik\u00e4ympyr\u00e4-\u00d8 [mm]: 108; Jarrulevytyyppi: Vakiomalli; keskitt\u00e4misl\u00e4pimitta [mm]: 71; Reikien m\u00e4\u00e4r\u00e4: 4; Pinta: rasvattu; Korvaava tuote\/korvaava tiedote 2: Ruuveilla; t\u00e4ytt\u00e4\u00e4 ECE-normin: ECE-R90; Porausreik\u00e4l\u00e4pimitta enint\u00e4\u00e4n [mm]: 13; Asennuspuoli: Hinterachse; PEUGEOT: 206 Schr\u00e4gheck 2A\/C,206 CC 2D,207 WA_, WC_,207 SW WK_,206 SW 2E\/K,106 II 1,306 Schr\u00e4gheck 7A, 7C, N3, N5,306 Cabriolet 7D, N3, N5,306 Break 7E, N3, N5,306 7B, N3, N5,207 Stufenheck,206 Stufenheck,206 Van,306 Van N_, 7_; CITRO\u00cbN: SAXO S0, S1,XSARA N1,XSARA Break N2,XSARA Coupe N0,ZX N2,ZX Break N2,XSARA Kasten,SAXO Hatchback van S3_; 169115, 4246G6, 4249F5, 95661749, 96012770, 169115, 4246G6, 4249F5, 95661749, 96012770; Jarrulevy<\/p>\n","protected":false},"excerpt":{"rendered":"<p>BOSCH Jarrulevyt 0 986 478 464 Jarrulevy PEUGEOT,CITRO\u00cbN,206 Schr\u00e4gheck 2A\/C,206 CC 2D,207 WA_, WC_,207 SW WK_,206 SW 2E\/K,106 II 1<\/p>\n","protected":false},"featured_media":0,"template":"","meta":{"site-sidebar-layout":"default","site-content-layout":"default","ast-global-header-display":"","ast-main-header-display":"","ast-hfb-above-header-display":"","ast-hfb-below-header-display":"","ast-hfb-mobile-header-display":"","site-post-title":"","ast-breadcrumbs-content":"","ast-featured-img":"","footer-sml-layout":"","theme-transparent-header-meta":"","adv-header-id-meta":"","stick-header-meta":"","header-above-stick-meta":"","header-main-stick-meta":"","header-below-stick-meta":""},"pwb-brand":[534],"product_cat":[66],"product_tag":[],"class_list":{"0":"post-59788","1":"product","2":"type-product","3":"status-publish","5":"pwb-brand-bosch","6":"product_cat-jarrulevyt","7":"desktop-align-left","8":"tablet-align-left","9":"mobile-align-left","11":"first","12":"instock","13":"product-type-external"},"brands":[{"id":534,"name":"Bosch","slug":"bosch"}],"_links":{"self":[{"href":"https:\/\/www.autonvaraosahaku.fi\/index.php?rest_route=\/wp\/v2\/product\/59788","targetHints":{"allow":["GET"]}}],"collection":[{"href":"https:\/\/www.autonvaraosahaku.fi\/index.php?rest_route=\/wp\/v2\/product"}],"about":[{"href":"https:\/\/www.autonvaraosahaku.fi\/index.php?rest_route=\/wp\/v2\/types\/product"}],"wp:attachment":[{"href":"https:\/\/www.autonvaraosahaku.fi\/index.php?rest_route=%2Fwp%2Fv2%2Fmedia&parent=59788"}],"wp:term":[{"taxonomy":"pwb-brand","embeddable":true,"href":"https:\/\/www.autonvaraosahaku.fi\/index.php?rest_route=%2Fwp%2Fv2%2Fpwb-brand&post=59788"},{"taxonomy":"product_cat","embeddable":true,"href":"https:\/\/www.autonvaraosahaku.fi\/index.php?rest_route=%2Fwp%2Fv2%2Fproduct_cat&post=59788"},{"taxonomy":"product_tag","embeddable":true,"href":"https:\/\/www.autonvaraosahaku.fi\/index.php?rest_route=%2Fwp%2Fv2%2Fproduct_tag&post=59788"}],"curies":[{"name":"wp","href":"https:\/\/api.w.org\/{rel}","templated":true}]}}