{"id":59907,"date":"2021-02-21T18:16:42","date_gmt":"2021-02-21T18:16:42","guid":{"rendered":"https:\/\/www.autonvaraosahaku.fi\/?product=bosch-0-986-580-807-polttoainepumppu"},"modified":"2021-02-21T18:16:44","modified_gmt":"2021-02-21T18:16:44","slug":"bosch-0-986-580-807-polttoainepumppu","status":"publish","type":"product","link":"https:\/\/www.autonvaraosahaku.fi\/?product=bosch-0-986-580-807-polttoainepumppu","title":{"rendered":"Bosch 0 986 580 807 Polttoainepumppu"},"content":{"rendered":"<p>Asennuspuoli: polttoaines\u00e4ili\u00f6ss\u00e4; Lis\u00e4tarvike\/lis\u00e4tieto: Asennusmateriaalilla; Korvaava tuote\/korvaava tiedote 2: Liit\u00e4nt\u00e4osilla, Kiinnitysmateriaalilla; K\u00e4ytt\u00f6: S\u00e4hk\u00f6inen; SAAB: 9-3 YS3F,9-3 Kombi YS3F,9-3 Cabriolet YS3F; OPEL: CORSA C F08, F68,ASTRA G CC F48_, F08_,ASTRA G Caravan F35_,VECTRA C Caravan,SIGNUM,VECTRA C,VECTRA C GTS,TIGRA TwinTop,ASTRA G Cabriolet F67,ASTRA G Coupe F07_,COMBO Kasten\/Kombi,ASTRA G Stufenheck F69_,COMBO Tour,CORSA CLASSIC Stufenheck,CORSA C Kasten F08, W5L,CORSA C Utility Pick-up,ASTRA G Kasten F70,CORSA B Utility Pick-up,ASTRA G CLASSIC T98; VAUXHALL: VECTRA Mk II C CC,CORSA Mk II C W5L, F08,VECTRA Mk II C Estate,ASTRA Mk IV G CC,VECTRA Mk II C,SIGNUM,CORSAVAN Mk II C,ASTRA Mk IV G Sedan,TIGRA Convertible,ASTRA Mk IV G Coupe F67,COMBO TOUR Mk II C F25,ASTRA Mk IV G Estate,ASTRA Mk IV G Convertible,COMBO Mk II C Kasten\/Kombi F25; 93171075, 93174221, 93173977, 93171075, 93173977, 93174221, 7800603, 815046, 815069, 816007, 915070, 93171075, 93173977, 93174221, 93183433, 93183434, 93183804, 93184983, 93184986, 93184987, 93185093, 93186283, 93188233, 93188240, 93183433, 93185093, 93171075, 93173977, 93174221, 93183433, 93183804, 93186283, 93188233, 93188240; Polttoaineen Sy\u00f6tt\u00f6yksikk\u00f6<\/p>\n","protected":false},"excerpt":{"rendered":"<p>BOSCH Polttoainepumppu 0 986 580 807 Polttoaineen Sy\u00f6tt\u00f6yksikk\u00f6 SAAB,OPEL,VAUXHALL,9-3 YS3F,9-3 Kombi YS3F,9-3 Cabriolet YS3F,CORSA C F08, F68<\/p>\n","protected":false},"featured_media":0,"template":"","meta":{"site-sidebar-layout":"default","site-content-layout":"default","ast-global-header-display":"","ast-main-header-display":"","ast-hfb-above-header-display":"","ast-hfb-below-header-display":"","ast-hfb-mobile-header-display":"","site-post-title":"","ast-breadcrumbs-content":"","ast-featured-img":"","footer-sml-layout":"","theme-transparent-header-meta":"","adv-header-id-meta":"","stick-header-meta":"","header-above-stick-meta":"","header-main-stick-meta":"","header-below-stick-meta":""},"pwb-brand":[534],"product_cat":[73],"product_tag":[],"class_list":{"0":"post-59907","1":"product","2":"type-product","3":"status-publish","5":"pwb-brand-bosch","6":"product_cat-polttoainepumppu","7":"desktop-align-left","8":"tablet-align-left","9":"mobile-align-left","11":"first","12":"instock","13":"product-type-external"},"brands":[{"id":534,"name":"Bosch","slug":"bosch"}],"_links":{"self":[{"href":"https:\/\/www.autonvaraosahaku.fi\/index.php?rest_route=\/wp\/v2\/product\/59907","targetHints":{"allow":["GET"]}}],"collection":[{"href":"https:\/\/www.autonvaraosahaku.fi\/index.php?rest_route=\/wp\/v2\/product"}],"about":[{"href":"https:\/\/www.autonvaraosahaku.fi\/index.php?rest_route=\/wp\/v2\/types\/product"}],"wp:attachment":[{"href":"https:\/\/www.autonvaraosahaku.fi\/index.php?rest_route=%2Fwp%2Fv2%2Fmedia&parent=59907"}],"wp:term":[{"taxonomy":"pwb-brand","embeddable":true,"href":"https:\/\/www.autonvaraosahaku.fi\/index.php?rest_route=%2Fwp%2Fv2%2Fpwb-brand&post=59907"},{"taxonomy":"product_cat","embeddable":true,"href":"https:\/\/www.autonvaraosahaku.fi\/index.php?rest_route=%2Fwp%2Fv2%2Fproduct_cat&post=59907"},{"taxonomy":"product_tag","embeddable":true,"href":"https:\/\/www.autonvaraosahaku.fi\/index.php?rest_route=%2Fwp%2Fv2%2Fproduct_tag&post=59907"}],"curies":[{"name":"wp","href":"https:\/\/api.w.org\/{rel}","templated":true}]}}