{"id":59928,"date":"2021-02-21T18:16:48","date_gmt":"2021-02-21T18:16:48","guid":{"rendered":"https:\/\/www.autonvaraosahaku.fi\/?product=bosch-0-986-424-553-jarrupalat"},"modified":"2021-02-21T18:16:50","modified_gmt":"2021-02-21T18:16:50","slug":"bosch-0-986-424-553-jarrupalat","status":"publish","type":"product","link":"https:\/\/www.autonvaraosahaku.fi\/?product=bosch-0-986-424-553-jarrupalat","title":{"rendered":"Bosch 0 986 424 553 Jarrupalat"},"content":{"rendered":"<p>Korvaava tuote\/korvaava tiedote 2: asennusohjeella; Suositellun tarvikkeen tuotenumero: SELECTIVE; Materiaali: Low-Metallic; Tarkistuskilpi: ECE-R90; WVA-numero: 23517; Paksuus [mm]: 15; Leveys (mm): 95,8; Korkeus (mm): 43,9; Jarruj\u00e4rjestelm\u00e4: Lucas-Girling; M\u00e4\u00e4r\u00e4yksikk\u00f6: Akselisarja; TECDOC-moottorinumero: 15388; LANCIA: LYBRA SW 839BX,LYBRA 839AX; ALFA ROMEO: 147 937,156 Sportwagon 932,156 932,GT 937; FIAT: GRANDE PUNTO 199,LINEA 323; 77362275, 77362276, 77362675, 77363341, 77364839, 77364920, 77365786, 9948338, 9949332, 9949334, 9951222, 77362275, 77362276, 77362675, 77363341, 77364567, 77364839, 77364920, 77365786, 77365858, 9948338, 9949332, 9949334, 9951222, 77362275, 77362276, 77362675, 77363341, 77364839, 77364920, 77365786, 9948338, 9949332, 9949334, 9951222; Jarrupalasarja,Jarrupala, Levyjarru<\/p>\n","protected":false},"excerpt":{"rendered":"<p>BOSCH Jarrupalat 0 986 424 553 Jarrupalasarja,Jarrupala, Levyjarru LANCIA,ALFA ROMEO,FIAT,LYBRA SW 839BX,LYBRA 839AX,147 937,156 Sportwagon 932<\/p>\n","protected":false},"featured_media":0,"template":"","meta":{"site-sidebar-layout":"default","site-content-layout":"default","ast-global-header-display":"","ast-main-header-display":"","ast-hfb-above-header-display":"","ast-hfb-below-header-display":"","ast-hfb-mobile-header-display":"","site-post-title":"","ast-breadcrumbs-content":"","ast-featured-img":"","footer-sml-layout":"","theme-transparent-header-meta":"","adv-header-id-meta":"","stick-header-meta":"","header-above-stick-meta":"","header-main-stick-meta":"","header-below-stick-meta":""},"pwb-brand":[534],"product_cat":[100],"product_tag":[],"class_list":{"0":"post-59928","1":"product","2":"type-product","3":"status-publish","5":"pwb-brand-bosch","6":"product_cat-jarrupalat","7":"desktop-align-left","8":"tablet-align-left","9":"mobile-align-left","11":"first","12":"instock","13":"product-type-external"},"brands":[{"id":534,"name":"Bosch","slug":"bosch"}],"_links":{"self":[{"href":"https:\/\/www.autonvaraosahaku.fi\/index.php?rest_route=\/wp\/v2\/product\/59928","targetHints":{"allow":["GET"]}}],"collection":[{"href":"https:\/\/www.autonvaraosahaku.fi\/index.php?rest_route=\/wp\/v2\/product"}],"about":[{"href":"https:\/\/www.autonvaraosahaku.fi\/index.php?rest_route=\/wp\/v2\/types\/product"}],"wp:attachment":[{"href":"https:\/\/www.autonvaraosahaku.fi\/index.php?rest_route=%2Fwp%2Fv2%2Fmedia&parent=59928"}],"wp:term":[{"taxonomy":"pwb-brand","embeddable":true,"href":"https:\/\/www.autonvaraosahaku.fi\/index.php?rest_route=%2Fwp%2Fv2%2Fpwb-brand&post=59928"},{"taxonomy":"product_cat","embeddable":true,"href":"https:\/\/www.autonvaraosahaku.fi\/index.php?rest_route=%2Fwp%2Fv2%2Fproduct_cat&post=59928"},{"taxonomy":"product_tag","embeddable":true,"href":"https:\/\/www.autonvaraosahaku.fi\/index.php?rest_route=%2Fwp%2Fv2%2Fproduct_tag&post=59928"}],"curies":[{"name":"wp","href":"https:\/\/api.w.org\/{rel}","templated":true}]}}