{"id":60028,"date":"2021-02-21T18:17:20","date_gmt":"2021-02-21T18:17:20","guid":{"rendered":"https:\/\/www.autonvaraosahaku.fi\/?product=bosch-0-986-487-625-kasijarrukengat"},"modified":"2021-02-21T18:17:21","modified_gmt":"2021-02-21T18:17:21","slug":"bosch-0-986-487-625-kasijarrukengat","status":"publish","type":"product","link":"https:\/\/www.autonvaraosahaku.fi\/?product=bosch-0-986-487-625-kasijarrukengat","title":{"rendered":"Bosch 0 986 487 625 K\u00e4sijarrukeng\u00e4t"},"content":{"rendered":"<p>Leveys (mm): 30; Jarrurummun sis\u00e4-\u00d8 [mm]: 185; Valmistusvuoteen: 06\/2013; VW: TRANSPORTER V Bus 7HB, 7HJ, 7EB, 7EJ, 7EF,TOUAREG 7LA, 7L6, 7L7,MULTIVAN V 7HM, 7HN, 7HF, 7EF, 7EM, 7EN,TRANSPORTER V Kasten 7HA, 7HH, 7EA, 7EH,TRANSPORTER V Pritsche\/Fahrgestell 7JD, 7JE, 7JL, 7JY, 7JZ,; BMW: 5 E39,5 E60,5 Touring E61,X3 E83,3 Coupe E46,X5 E70,X5 E53,3 Cabriolet E46,Z4 E85,7 E65, E66, E67,7 F01, F02, F03, F04,5 Gran Turismo F07,X6 E71, E72,6 E63,Z4 Coupe E86,X5 F15, F85,6 Cabriolet E64,X6 F16, F86; ALPINA: B7 E65; ROLLS-ROYCE: PHANTOM VII RR1,GHOST RR4,WRAITH RR5,PHANTOM VII Coupe RR3,PHANTOM VII Drophead Coupe RR2,DAWN RR6; 34416761293, 34411156546, 34411156962, 34416756538, 34416761293, 34416780041, 34416790186, 34416761293, 34416790186, 7L6698525; Jarrukenk\u00e4sarja, K\u00e4sijarru<\/p>\n","protected":false},"excerpt":{"rendered":"<p>BOSCH K\u00e4sijarrukeng\u00e4t 0 986 487 625 Jarrukenk\u00e4sarja, K\u00e4sijarru VW,BMW,ALPINA,TRANSPORTER V Bus 7HB, 7HJ, 7EB, 7EJ, 7EF,TOUAREG 7LA, 7L6, 7L7<\/p>\n","protected":false},"featured_media":0,"template":"","meta":{"site-sidebar-layout":"default","site-content-layout":"default","ast-global-header-display":"","ast-main-header-display":"","ast-hfb-above-header-display":"","ast-hfb-below-header-display":"","ast-hfb-mobile-header-display":"","site-post-title":"","ast-breadcrumbs-content":"","ast-featured-img":"","footer-sml-layout":"","theme-transparent-header-meta":"","adv-header-id-meta":"","stick-header-meta":"","header-above-stick-meta":"","header-main-stick-meta":"","header-below-stick-meta":""},"pwb-brand":[534],"product_cat":[236],"product_tag":[],"class_list":{"0":"post-60028","1":"product","2":"type-product","3":"status-publish","5":"pwb-brand-bosch","6":"product_cat-kasijarrukengat","7":"desktop-align-left","8":"tablet-align-left","9":"mobile-align-left","11":"first","12":"instock","13":"product-type-external"},"brands":[{"id":534,"name":"Bosch","slug":"bosch"}],"_links":{"self":[{"href":"https:\/\/www.autonvaraosahaku.fi\/index.php?rest_route=\/wp\/v2\/product\/60028","targetHints":{"allow":["GET"]}}],"collection":[{"href":"https:\/\/www.autonvaraosahaku.fi\/index.php?rest_route=\/wp\/v2\/product"}],"about":[{"href":"https:\/\/www.autonvaraosahaku.fi\/index.php?rest_route=\/wp\/v2\/types\/product"}],"wp:attachment":[{"href":"https:\/\/www.autonvaraosahaku.fi\/index.php?rest_route=%2Fwp%2Fv2%2Fmedia&parent=60028"}],"wp:term":[{"taxonomy":"pwb-brand","embeddable":true,"href":"https:\/\/www.autonvaraosahaku.fi\/index.php?rest_route=%2Fwp%2Fv2%2Fpwb-brand&post=60028"},{"taxonomy":"product_cat","embeddable":true,"href":"https:\/\/www.autonvaraosahaku.fi\/index.php?rest_route=%2Fwp%2Fv2%2Fproduct_cat&post=60028"},{"taxonomy":"product_tag","embeddable":true,"href":"https:\/\/www.autonvaraosahaku.fi\/index.php?rest_route=%2Fwp%2Fv2%2Fproduct_tag&post=60028"}],"curies":[{"name":"wp","href":"https:\/\/api.w.org\/{rel}","templated":true}]}}