{"id":60071,"date":"2021-02-21T18:17:32","date_gmt":"2021-02-21T18:17:32","guid":{"rendered":"https:\/\/www.autonvaraosahaku.fi\/?product=bosch-0-450-905-326-polttoainesuodatin"},"modified":"2021-02-21T18:17:35","modified_gmt":"2021-02-21T18:17:35","slug":"bosch-0-450-905-326-polttoainesuodatin","status":"publish","type":"product","link":"https:\/\/www.autonvaraosahaku.fi\/?product=bosch-0-450-905-326-polttoainesuodatin","title":{"rendered":"Bosch 0 450 905 326 Polttoainesuodatin"},"content":{"rendered":"<p>Polttoainej\u00e4rjestelm\u00e4: Bensiiniruiskutus; Suodatintyyppi: Letkusuodatin; L\u00e4pimitta [mm]: 63,5; Korkeus (mm): 125; Sis\u00e4\u00e4ntulol\u00e4pimitta [mm]: 8, 8; Ulostulon l\u00e4pimitta [mm]: 8, 8; Tilavuus [l]: 0,2; Valmistusvuoteen: 08\/1990; NISSAN: MICRA II K11,PRIMERA P11,TERRANO II R20,PRIMERA Traveller WP11,PRIMERA Hatchback P11,PATROL GR II Wagon Y61,ALMERA I Hatchback N15,PICK UP D22,NAVARA D22,PATHFINDER R50,ALMERA Mk II N16,200 SX S13,ALMERA I N15,PICK UP D21,100 NX B13,SERENA C23M,200 SX S14,PRIMERA P10,MAXIMA QX A33,TERRANO I WD21,PATROL Hardtop K160,300 ZX Z31,PATROL Station Wagon W260,PATROL Hardtop K260,SUNNY II Coupe B12,SKYLINE Coupe R33,SKYLINE Coupe R34,NP300,SUNNY III N14,VANETTE Bus C22,SUNNY III Liftback N14,PULSAR V Schr\u00e4gheck N14,PRIMERA Hatchback P10,PRIMERA Traveller W10,NAVARA Pritsche\/Fahrgestell D22,PATROL Station Wagon W160,SUNNY II Hatchback N13,NAVARA Pick-up D21,SILVIA S12,BLUEBIRD T72 , T12,LAUREL JC32,SUNNY III Traveller Y10,SKYLINE R34,SKYLINE R33,PICK UP 720,BLUEBIRD Hatchback T72, T12,MAXIMA II J30,SUNNY II N13,BLUEBIRD Station Wagon WU11,PRAIRIE PRO M11,NAVARA Pritsche\/Fahrgestell D21,BLUEBIRD U11,PRAIRIE M10, NM10,SUNNY Kasten Y10,SUNNY II Traveller B12,VANETTE ; FORD: MAVERICK UDS, UNS; ISUZU: TROOPER UBS,TROOPER Soft Top UBS; 1112653, 1960297, YL4J9155AA, 25121600, 25121778, 25176294, 25176295, 25176298, 16400V2700, 0286806160, 8251217780, 894125784, 8941257840, FS5620490A, FS5620490B, FSD820490, 164000B000, 164000B001, 164000G099A, 164000M200, 164000M300, 164000W000, 164000W005, 164000W010, 164000W01A, 164002ST0A, 164003S500, 1640041B00, 1640041B01, 1640041B02, 1640041B05, 1640041B1A, 1640041B25, 1640041B26, 164004M405, 164005L099A, 164007B000, 164007B010, 164009F910, 164009F927, 164009F928, 164009F928KE, 16400AH201, 16400D0300, 16400F5100, 16400F5700, 16400GV001A, 16400GV001B, 16400N2700, 16400N6700, 16400N7600, 16400N7605, 16400N8100, 16400OW005, 16400V2700, 16400V2705, A640M41BM0SA, 25121974, 25121974<\/p>\n","protected":false},"excerpt":{"rendered":"<p>BOSCH Polttoainesuodatin 0 450 905 326  NISSAN,FORD,ISUZU,MICRA II K11,PRIMERA P11,TERRANO II R20,PRIMERA Traveller WP11,PRIMERA Hatchback P11<\/p>\n","protected":false},"featured_media":0,"template":"","meta":{"site-sidebar-layout":"default","site-content-layout":"default","ast-global-header-display":"","ast-main-header-display":"","ast-hfb-above-header-display":"","ast-hfb-below-header-display":"","ast-hfb-mobile-header-display":"","site-post-title":"","ast-breadcrumbs-content":"","ast-featured-img":"","footer-sml-layout":"","theme-transparent-header-meta":"","adv-header-id-meta":"","stick-header-meta":"","header-above-stick-meta":"","header-main-stick-meta":"","header-below-stick-meta":""},"pwb-brand":[534],"product_cat":[29],"product_tag":[],"class_list":{"0":"post-60071","1":"product","2":"type-product","3":"status-publish","5":"pwb-brand-bosch","6":"product_cat-polttoainesuodatin","7":"desktop-align-left","8":"tablet-align-left","9":"mobile-align-left","11":"first","12":"instock","13":"product-type-external"},"brands":[{"id":534,"name":"Bosch","slug":"bosch"}],"_links":{"self":[{"href":"https:\/\/www.autonvaraosahaku.fi\/index.php?rest_route=\/wp\/v2\/product\/60071","targetHints":{"allow":["GET"]}}],"collection":[{"href":"https:\/\/www.autonvaraosahaku.fi\/index.php?rest_route=\/wp\/v2\/product"}],"about":[{"href":"https:\/\/www.autonvaraosahaku.fi\/index.php?rest_route=\/wp\/v2\/types\/product"}],"wp:attachment":[{"href":"https:\/\/www.autonvaraosahaku.fi\/index.php?rest_route=%2Fwp%2Fv2%2Fmedia&parent=60071"}],"wp:term":[{"taxonomy":"pwb-brand","embeddable":true,"href":"https:\/\/www.autonvaraosahaku.fi\/index.php?rest_route=%2Fwp%2Fv2%2Fpwb-brand&post=60071"},{"taxonomy":"product_cat","embeddable":true,"href":"https:\/\/www.autonvaraosahaku.fi\/index.php?rest_route=%2Fwp%2Fv2%2Fproduct_cat&post=60071"},{"taxonomy":"product_tag","embeddable":true,"href":"https:\/\/www.autonvaraosahaku.fi\/index.php?rest_route=%2Fwp%2Fv2%2Fproduct_tag&post=60071"}],"curies":[{"name":"wp","href":"https:\/\/api.w.org\/{rel}","templated":true}]}}